{"id":98,"date":"2018-04-19T13:45:34","date_gmt":"2018-04-19T11:45:34","guid":{"rendered":"http:\/\/beta.technopark.elk.pl\/?page_id=98"},"modified":"2022-07-07T10:18:36","modified_gmt":"2022-07-07T08:18:36","slug":"tereny-inwestycyjne","status":"publish","type":"page","link":"https:\/\/technopark.elk.pl\/en\/oferta\/tereny-inwestycyjne\/","title":{"rendered":"Tereny Inwestycyjne"},"content":{"rendered":"<div class=\"list-mb\">\n<h3 style=\"text-align: justify;\">&nbsp;<\/h3>\n<h4 style=\"text-align: justify;\"><strong>Wok\u00f3\u0142 Parku znajduj\u0105 si\u0119 atrakcyjne, w pe\u0142ni uzbrojone tereny inwestycyjne. Zapraszamy do zapoznania si\u0119 z ofert\u0105.<\/strong><\/h4>\n<p style=\"text-align: justify;\">Park Naukowo-Technologiczny zlokalizowany jest wzd\u0142u\u017c drogi krajowej nr 65 &#8211; ul. Przemys\u0142owej, b\u0119d\u0105cej obwodnic\u0105 miasta. W odleg\u0142o\u015bci ok. 150 m budowana jest mi\u0119dzynarodowa trasa VIA-BALTICA, wci\u0105gu drogi S-61 (tereny po\u0142o\u017cone s\u0105 w odleg\u0142o\u015bci ok. 2-3 km od w\u0119z\u0142a \u201eE\u0142k -Wsch\u00f3d\u201d). Dojazd do nieruchomo\u015bci odbywa si\u0119 poprzez ul. Podmiejsk\u0105 i Produkcyjn\u0105 (od 400 do 1500 m).W s\u0105siedztwie znajduj\u0105 si\u0119 liczne zak\u0142ady us\u0142ugowe, przemys\u0142owe i wytw\u00f3rcze.<\/p>\n<h4>Powierzchnia grunt\u00f3w z podzia\u0142em na poszczeg\u00f3lne kompleksy:&nbsp;&nbsp;<\/h4>\n<ul>\n<li>A \u2013 8,6581 ha<\/li>\n<li>B \u2013 7,3498 ha<\/li>\n<li>C \u2013 3,8211 ha<\/li>\n<li>D \u2013 0,8158 ha<\/li>\n<li>E \u2013 0,4518 ha<\/li>\n<\/ul>\n<p><span style=\"color: #ff0000;\"><strong>Aktualnie w ofercie pozosta\u0142a jedna dzia\u0142ka&nbsp; \u2013 grunty w kompleksie E:&nbsp;&nbsp;<\/strong><\/span><\/p>\n<ul>\n<li><span style=\"color: #ff0000;\"><b>0,4518 ha<\/b><\/span><\/li>\n<\/ul>\n<p><strong>Ceny od 35 z\u0142 \/&nbsp; m<sup>2<\/sup> netto<\/strong><\/p>\n<\/div>\n<h4><strong>Opis i uzbrojenie nieruchomo\u015bci:<\/strong><strong>&nbsp;<\/strong><\/h4>\n<p style=\"text-align: justify;\">Drogi dojazdowe jezdnie o nawierzchni asfaltowej i szeroko\u015bci 7-8 m,&nbsp;pas drogowy o szeroko\u015bci 14-28 m Kolej w odleg\u0142o\u015bci ok. 2,5 km znajduje si\u0119 zelektryfikowany zesp\u00f3\u0142 bocznic kolejowych. Energia elektryczna napi\u0119cie \u2013 15 kV \/ 110 kV Dost\u0119pna moc \u2013 2\u00d716 MVA W bliskim s\u0105siedztwie (od 200 do 700 m) znajduje si\u0119 G\u0142\u00f3wny Punkt Zasilania (110\/15kV). Dzi\u0119ki tej instalacji przedsi\u0119biorcy na terenie zyskuj\u0105 szerokie mo\u017cliwo\u015bci w zakresie dost\u0119pnej mocy pr\u0105du elektrycznego. Gaz przy\u0142\u0105cze w odleg\u0142o\u015bci od 1 do 2 km warto\u015b\u0107 kaloryczna \u2013 31 MJ\/Nm \u015brednica rury \u2013 200 mm Wodoci\u0105g bezpo\u015brednio przy granicy dzia\u0142ek dost\u0119pna obj\u0119to\u015b\u0107 \u2013 1700 m3\/24h \u015brednica rury \u2013 \u00d8 150 Kanalizacji sanitarna bezpo\u015brednio przy granicy dzia\u0142ek dost\u0119pna obj\u0119to\u015b\u0107 \u2013 1200 m3\/24h \u015brednica rury \u2013 \u00d8 200 \u2013 \u00d8 315 Wzd\u0142u\u017c dzia\u0142ek przebiegaj\u0105 r\u00f3wnie\u017c sieci kanalizacji deszczowej i telekomunikacyjnej z mo\u017cliwo\u015bci\u0105 przy\u0142\u0105czenia.<\/p>\n<h4><strong>Przeznaczenie w miejscowym planie zagospodarowania przestrzennego:<\/strong><\/h4>\n<p style=\"text-align: justify;\">Obszar Parku Naukowo-Technologicznego w E\u0142ku jest obj\u0119ty ustaleniami miejscowego planu zagospodarowania przestrzennego, zwanego \u201eE\u0142k-Podmiejska\u201d, uchwalonego uchwa\u0142\u0105 nr XX\/187\/08 Rady Miasta E\u0142ku z dnia 29.01.2008 roku (Dz. Urz. Woj. War.-Maz. Nr 49, poz. 1020 z 31.03.2008 r. <a href=\"http:\/\/bip.elk.warmia.mazury.pl\/system\/obj\/952_Podmiejska_tekst_planu.pdf\">http:\/\/bip.elk.warmia.mazury.pl\/system\/obj\/952_Podmiejska_tekst_planu.pdf<\/a><\/p>\n<p>Oferta przedsi\u0119biorcy zainteresowanego zakupem teren\u00f3w inwestycyjnych podlega <strong>ocenie stopnia innowacyjno\u015bci<\/strong>.<\/p>\n<p><a href=\"http:\/\/bip.elk.warmia.mazury.pl\/system\/obj\/951_Podmiejska_rysunek_planu.pdf\"><img decoding=\"async\" loading=\"lazy\" class=\"size-full wp-image-8531 aligncenter\" src=\"http:\/\/technopark.elk.pl\/wp-content\/uploads\/2020\/10\/image011.png\" alt=\"\" width=\"604\" height=\"643\" srcset=\"https:\/\/technopark.elk.pl\/wp-content\/uploads\/2020\/10\/image011.png 604w, https:\/\/technopark.elk.pl\/wp-content\/uploads\/2020\/10\/image011-282x300.png 282w, https:\/\/technopark.elk.pl\/wp-content\/uploads\/2020\/10\/image011-354x377.png 354w, https:\/\/technopark.elk.pl\/wp-content\/uploads\/2020\/10\/image011-150x160.png 150w, https:\/\/technopark.elk.pl\/wp-content\/uploads\/2020\/10\/image011-94x100.png 94w\" sizes=\"(max-width: 604px) 100vw, 604px\" \/><\/a><\/p>\n<h4><strong>Aktualna informacja:<\/strong><\/h4>\n<p><a href=\"http:\/\/investin.elk.pl\/\">http:\/\/investin.elk.pl\/<\/a><\/p>\n<p><a href=\"https:\/\/www.ssse.com.pl\/decyzja-o-wsparciu.html\">https:\/\/www.ssse.com.pl\/decyzja-o-wsparciu.html<\/a><\/p>\n<p><a href=\"http:\/\/technopark.elk.pl\/wp-content\/uploads\/2020\/10\/KOMPLEKS-PNT-.pdf-3-22-10-2020.pdf\">KOMPLEKS PNT .pdf 3 22 10 2020.pdf<\/a><img decoding=\"async\" loading=\"lazy\" class=\"size-full wp-image-8539 aligncenter\" src=\"http:\/\/technopark.elk.pl\/wp-content\/uploads\/2020\/10\/image014.jpg\" alt=\"\" width=\"605\" height=\"472\" srcset=\"https:\/\/technopark.elk.pl\/wp-content\/uploads\/2020\/10\/image014.jpg 605w, https:\/\/technopark.elk.pl\/wp-content\/uploads\/2020\/10\/image014-300x234.jpg 300w, https:\/\/technopark.elk.pl\/wp-content\/uploads\/2020\/10\/image014-483x377.jpg 483w, https:\/\/technopark.elk.pl\/wp-content\/uploads\/2020\/10\/image014-160x125.jpg 160w, https:\/\/technopark.elk.pl\/wp-content\/uploads\/2020\/10\/image014-120x94.jpg 120w\" sizes=\"(max-width: 605px) 100vw, 605px\" \/><\/p>\n<p>Firmy ulokowane na terenie inwestycyjnym PNT:<\/p>\n<p>\u200b<\/p>\n<table style=\"border-collapse: collapse; width: 100%;\">\n<tbody>\n<tr>\n<td style=\"width: 449px; text-align: center;\"><a href=\"https:\/\/serwistal.pl\/\"><img decoding=\"async\" loading=\"lazy\" class=\"aligncenter size-full wp-image-11618\" src=\"https:\/\/technopark.elk.pl\/wp-content\/uploads\/2022\/07\/SEWISTAL.jpg\" alt=\"\" width=\"171\" height=\"45\" srcset=\"https:\/\/technopark.elk.pl\/wp-content\/uploads\/2022\/07\/SEWISTAL.jpg 171w, https:\/\/technopark.elk.pl\/wp-content\/uploads\/2022\/07\/SEWISTAL-160x42.jpg 160w, https:\/\/technopark.elk.pl\/wp-content\/uploads\/2022\/07\/SEWISTAL-120x32.jpg 120w\" sizes=\"(max-width: 171px) 100vw, 171px\" \/><\/a><\/td>\n<td style=\"width: 449px; text-align: center;\"><a href=\"https:\/\/www.saxdoryachts.com\/\"><img decoding=\"async\" loading=\"lazy\" class=\"aligncenter size-full wp-image-11620\" src=\"https:\/\/technopark.elk.pl\/wp-content\/uploads\/2022\/07\/SAXDOR.jpg\" alt=\"\" width=\"171\" height=\"174\" srcset=\"https:\/\/technopark.elk.pl\/wp-content\/uploads\/2022\/07\/SAXDOR.jpg 171w, https:\/\/technopark.elk.pl\/wp-content\/uploads\/2022\/07\/SAXDOR-157x160.jpg 157w, https:\/\/technopark.elk.pl\/wp-content\/uploads\/2022\/07\/SAXDOR-98x100.jpg 98w\" sizes=\"(max-width: 171px) 100vw, 171px\" \/><\/a><\/td>\n<\/tr>\n<tr>\n<td style=\"width: 449px; text-align: center;\"><a href=\"https:\/\/www.czystysklep.pl\/\"><img decoding=\"async\" loading=\"lazy\" class=\"aligncenter size-full wp-image-11622\" src=\"https:\/\/technopark.elk.pl\/wp-content\/uploads\/2022\/07\/MAX.jpg\" alt=\"\" width=\"171\" height=\"133\" srcset=\"https:\/\/technopark.elk.pl\/wp-content\/uploads\/2022\/07\/MAX.jpg 171w, https:\/\/technopark.elk.pl\/wp-content\/uploads\/2022\/07\/MAX-160x124.jpg 160w, https:\/\/technopark.elk.pl\/wp-content\/uploads\/2022\/07\/MAX-120x93.jpg 120w\" sizes=\"(max-width: 171px) 100vw, 171px\" \/><\/a><\/td>\n<td style=\"width: 449px; text-align: center;\"><a href=\"https:\/\/vermiculite.pl\/\"><img decoding=\"async\" loading=\"lazy\" class=\"aligncenter size-full wp-image-11634\" src=\"https:\/\/technopark.elk.pl\/wp-content\/uploads\/2022\/07\/VERMICULITE-3.jpg\" alt=\"\" width=\"171\" height=\"29\" srcset=\"https:\/\/technopark.elk.pl\/wp-content\/uploads\/2022\/07\/VERMICULITE-3.jpg 171w, https:\/\/technopark.elk.pl\/wp-content\/uploads\/2022\/07\/VERMICULITE-3-160x27.jpg 160w, https:\/\/technopark.elk.pl\/wp-content\/uploads\/2022\/07\/VERMICULITE-3-120x20.jpg 120w\" sizes=\"(max-width: 171px) 100vw, 171px\" \/><\/a><\/td>\n<\/tr>\n<tr>\n<td style=\"width: 449px; text-align: center;\"><a href=\"https:\/\/martex.elk.pl\/\"><img decoding=\"async\" loading=\"lazy\" class=\"aligncenter size-full wp-image-11628\" src=\"https:\/\/technopark.elk.pl\/wp-content\/uploads\/2022\/07\/MARTEX.jpg\" alt=\"\" width=\"171\" height=\"75\" srcset=\"https:\/\/technopark.elk.pl\/wp-content\/uploads\/2022\/07\/MARTEX.jpg 171w, https:\/\/technopark.elk.pl\/wp-content\/uploads\/2022\/07\/MARTEX-160x70.jpg 160w, https:\/\/technopark.elk.pl\/wp-content\/uploads\/2022\/07\/MARTEX-120x53.jpg 120w\" sizes=\"(max-width: 171px) 100vw, 171px\" \/><\/a><\/td>\n<td style=\"width: 449px; text-align: center;\"><a href=\"https:\/\/koma.pl\/\"><img decoding=\"async\" loading=\"lazy\" class=\"aligncenter size-full wp-image-11636\" src=\"https:\/\/technopark.elk.pl\/wp-content\/uploads\/2022\/07\/KOMA.jpg\" alt=\"\" width=\"171\" height=\"61\" srcset=\"https:\/\/technopark.elk.pl\/wp-content\/uploads\/2022\/07\/KOMA.jpg 171w, https:\/\/technopark.elk.pl\/wp-content\/uploads\/2022\/07\/KOMA-160x57.jpg 160w, https:\/\/technopark.elk.pl\/wp-content\/uploads\/2022\/07\/KOMA-120x43.jpg 120w\" sizes=\"(max-width: 171px) 100vw, 171px\" \/><\/a><\/td>\n<\/tr>\n<tr>\n<td style=\"width: 449px; text-align: center;\"><a href=\"http:\/\/technopark.elk.pl\"><img decoding=\"async\" loading=\"lazy\" class=\"aligncenter size-full wp-image-11638\" src=\"https:\/\/technopark.elk.pl\/wp-content\/uploads\/2022\/07\/HEMP-WORLD.jpg\" alt=\"\" width=\"171\" height=\"100\" srcset=\"https:\/\/technopark.elk.pl\/wp-content\/uploads\/2022\/07\/HEMP-WORLD.jpg 171w, https:\/\/technopark.elk.pl\/wp-content\/uploads\/2022\/07\/HEMP-WORLD-160x94.jpg 160w, https:\/\/technopark.elk.pl\/wp-content\/uploads\/2022\/07\/HEMP-WORLD-120x70.jpg 120w\" sizes=\"(max-width: 171px) 100vw, 171px\" \/><\/a><\/td>\n<td style=\"width: 449px; text-align: center;\"><a href=\"http:\/\/technopark.elk.pl\"><img decoding=\"async\" loading=\"lazy\" class=\"aligncenter size-full wp-image-11640\" src=\"https:\/\/technopark.elk.pl\/wp-content\/uploads\/2022\/07\/TJ-CONSTRUCTION.jpg\" alt=\"\" width=\"171\" height=\"100\" srcset=\"https:\/\/technopark.elk.pl\/wp-content\/uploads\/2022\/07\/TJ-CONSTRUCTION.jpg 171w, https:\/\/technopark.elk.pl\/wp-content\/uploads\/2022\/07\/TJ-CONSTRUCTION-160x94.jpg 160w, https:\/\/technopark.elk.pl\/wp-content\/uploads\/2022\/07\/TJ-CONSTRUCTION-120x70.jpg 120w\" sizes=\"(max-width: 171px) 100vw, 171px\" \/><\/a><\/td>\n<\/tr>\n<\/tbody>\n<\/table>\n<p>[ngg src=&#8221;galleries&#8221; ids=&#8221;69&#8243; display=&#8221;basic_thumbnail&#8221; thumbnail_height=&#8221;240&#8243; thumbnail_crop=&#8221;0&#8243;]<\/p>\n","protected":false},"excerpt":{"rendered":"<p>&nbsp; Wok\u00f3\u0142 Parku znajduj\u0105 si\u0119 atrakcyjne, w pe\u0142ni uzbrojone tereny inwestycyjne. Zapraszamy do zapoznania si\u0119 z ofert\u0105. Park Naukowo-Technologiczny zlokalizowany jest wzd\u0142u\u017c drogi krajowej nr 65 &#8211; ul. Przemys\u0142owej, b\u0119d\u0105cej obwodnic\u0105 miasta. W odleg\u0142o\u015bci ok. 150 m budowana jest mi\u0119dzynarodowa trasa VIA-BALTICA, wci\u0105gu drogi S-61 (tereny po\u0142o\u017cone s\u0105 w odleg\u0142o\u015bci ok. 2-3 km od w\u0119z\u0142a [&hellip;]<\/p>\n","protected":false},"author":4,"featured_media":0,"parent":66,"menu_order":9,"comment_status":"closed","ping_status":"closed","template":"","meta":{"footnotes":""},"folder":[],"acf":[],"yoast_head":"<!-- This site is optimized with the Yoast SEO plugin v22.6 - https:\/\/yoast.com\/wordpress\/plugins\/seo\/ -->\n<title>Tereny Inwestycyjne - Technopark<\/title>\n<meta name=\"robots\" content=\"index, follow, max-snippet:-1, max-image-preview:large, max-video-preview:-1\" \/>\n<link rel=\"canonical\" href=\"https:\/\/technopark.elk.pl\/en\/oferta\/tereny-inwestycyjne\/\" \/>\n<meta property=\"og:locale\" content=\"en_US\" \/>\n<meta property=\"og:type\" content=\"article\" \/>\n<meta property=\"og:title\" content=\"Tereny Inwestycyjne - Technopark\" \/>\n<meta property=\"og:description\" content=\"&nbsp; Wok\u00f3\u0142 Parku znajduj\u0105 si\u0119 atrakcyjne, w pe\u0142ni uzbrojone tereny inwestycyjne. Zapraszamy do zapoznania si\u0119 z ofert\u0105. Park Naukowo-Technologiczny zlokalizowany jest wzd\u0142u\u017c drogi krajowej nr 65 &#8211; ul. Przemys\u0142owej, b\u0119d\u0105cej obwodnic\u0105 miasta. W odleg\u0142o\u015bci ok. 150 m budowana jest mi\u0119dzynarodowa trasa VIA-BALTICA, wci\u0105gu drogi S-61 (tereny po\u0142o\u017cone s\u0105 w odleg\u0142o\u015bci ok. 2-3 km od w\u0119z\u0142a [&hellip;]\" \/>\n<meta property=\"og:url\" content=\"https:\/\/technopark.elk.pl\/oferta\/tereny-inwestycyjne\/\" \/>\n<meta property=\"og:site_name\" content=\"Technopark\" \/>\n<meta property=\"article:publisher\" content=\"https:\/\/www.facebook.com\/technopark.elk\" \/>\n<meta property=\"article:modified_time\" content=\"2022-07-07T08:18:36+00:00\" \/>\n<meta property=\"og:image\" content=\"http:\/\/technopark.elk.pl\/wp-content\/uploads\/2020\/10\/image011.png\" \/>\n<meta name=\"twitter:card\" content=\"summary_large_image\" \/>\n<meta name=\"twitter:label1\" content=\"Est. reading time\" \/>\n\t<meta name=\"twitter:data1\" content=\"4 minutes\" \/>\n<script type=\"application\/ld+json\" class=\"yoast-schema-graph\">{\"@context\":\"https:\/\/schema.org\",\"@graph\":[{\"@type\":\"WebPage\",\"@id\":\"https:\/\/technopark.elk.pl\/oferta\/tereny-inwestycyjne\/\",\"url\":\"https:\/\/technopark.elk.pl\/oferta\/tereny-inwestycyjne\/\",\"name\":\"Tereny Inwestycyjne - Technopark\",\"isPartOf\":{\"@id\":\"https:\/\/technopark.elk.pl\/#website\"},\"primaryImageOfPage\":{\"@id\":\"https:\/\/technopark.elk.pl\/oferta\/tereny-inwestycyjne\/#primaryimage\"},\"image\":{\"@id\":\"https:\/\/technopark.elk.pl\/oferta\/tereny-inwestycyjne\/#primaryimage\"},\"thumbnailUrl\":\"http:\/\/technopark.elk.pl\/wp-content\/uploads\/2020\/10\/image011.png\",\"datePublished\":\"2018-04-19T11:45:34+00:00\",\"dateModified\":\"2022-07-07T08:18:36+00:00\",\"breadcrumb\":{\"@id\":\"https:\/\/technopark.elk.pl\/oferta\/tereny-inwestycyjne\/#breadcrumb\"},\"inLanguage\":\"en-US\",\"potentialAction\":[{\"@type\":\"ReadAction\",\"target\":[\"https:\/\/technopark.elk.pl\/oferta\/tereny-inwestycyjne\/\"]}]},{\"@type\":\"ImageObject\",\"inLanguage\":\"en-US\",\"@id\":\"https:\/\/technopark.elk.pl\/oferta\/tereny-inwestycyjne\/#primaryimage\",\"url\":\"http:\/\/technopark.elk.pl\/wp-content\/uploads\/2020\/10\/image011.png\",\"contentUrl\":\"http:\/\/technopark.elk.pl\/wp-content\/uploads\/2020\/10\/image011.png\"},{\"@type\":\"BreadcrumbList\",\"@id\":\"https:\/\/technopark.elk.pl\/oferta\/tereny-inwestycyjne\/#breadcrumb\",\"itemListElement\":[{\"@type\":\"ListItem\",\"position\":1,\"name\":\"Strona g\u0142\u00f3wna\",\"item\":\"https:\/\/technopark.elk.pl\/en\/\"},{\"@type\":\"ListItem\",\"position\":2,\"name\":\"Oferta\",\"item\":\"https:\/\/technopark.elk.pl\/oferta\/\"},{\"@type\":\"ListItem\",\"position\":3,\"name\":\"Tereny Inwestycyjne\"}]},{\"@type\":\"WebSite\",\"@id\":\"https:\/\/technopark.elk.pl\/#website\",\"url\":\"https:\/\/technopark.elk.pl\/\",\"name\":\"Technopark\",\"description\":\"Park Naukowo-Technologiczny w E\u0142ku\",\"potentialAction\":[{\"@type\":\"SearchAction\",\"target\":{\"@type\":\"EntryPoint\",\"urlTemplate\":\"https:\/\/technopark.elk.pl\/?s={search_term_string}\"},\"query-input\":\"required name=search_term_string\"}],\"inLanguage\":\"en-US\"}]}<\/script>\n<!-- \/ Yoast SEO plugin. -->","yoast_head_json":{"title":"Tereny Inwestycyjne - Technopark","robots":{"index":"index","follow":"follow","max-snippet":"max-snippet:-1","max-image-preview":"max-image-preview:large","max-video-preview":"max-video-preview:-1"},"canonical":"https:\/\/technopark.elk.pl\/en\/oferta\/tereny-inwestycyjne\/","og_locale":"en_US","og_type":"article","og_title":"Tereny Inwestycyjne - Technopark","og_description":"&nbsp; Wok\u00f3\u0142 Parku znajduj\u0105 si\u0119 atrakcyjne, w pe\u0142ni uzbrojone tereny inwestycyjne. Zapraszamy do zapoznania si\u0119 z ofert\u0105. Park Naukowo-Technologiczny zlokalizowany jest wzd\u0142u\u017c drogi krajowej nr 65 &#8211; ul. Przemys\u0142owej, b\u0119d\u0105cej obwodnic\u0105 miasta. W odleg\u0142o\u015bci ok. 150 m budowana jest mi\u0119dzynarodowa trasa VIA-BALTICA, wci\u0105gu drogi S-61 (tereny po\u0142o\u017cone s\u0105 w odleg\u0142o\u015bci ok. 2-3 km od w\u0119z\u0142a [&hellip;]","og_url":"https:\/\/technopark.elk.pl\/oferta\/tereny-inwestycyjne\/","og_site_name":"Technopark","article_publisher":"https:\/\/www.facebook.com\/technopark.elk","article_modified_time":"2022-07-07T08:18:36+00:00","og_image":[{"url":"http:\/\/technopark.elk.pl\/wp-content\/uploads\/2020\/10\/image011.png"}],"twitter_card":"summary_large_image","twitter_misc":{"Est. reading time":"4 minutes"},"schema":{"@context":"https:\/\/schema.org","@graph":[{"@type":"WebPage","@id":"https:\/\/technopark.elk.pl\/oferta\/tereny-inwestycyjne\/","url":"https:\/\/technopark.elk.pl\/oferta\/tereny-inwestycyjne\/","name":"Tereny Inwestycyjne - Technopark","isPartOf":{"@id":"https:\/\/technopark.elk.pl\/#website"},"primaryImageOfPage":{"@id":"https:\/\/technopark.elk.pl\/oferta\/tereny-inwestycyjne\/#primaryimage"},"image":{"@id":"https:\/\/technopark.elk.pl\/oferta\/tereny-inwestycyjne\/#primaryimage"},"thumbnailUrl":"http:\/\/technopark.elk.pl\/wp-content\/uploads\/2020\/10\/image011.png","datePublished":"2018-04-19T11:45:34+00:00","dateModified":"2022-07-07T08:18:36+00:00","breadcrumb":{"@id":"https:\/\/technopark.elk.pl\/oferta\/tereny-inwestycyjne\/#breadcrumb"},"inLanguage":"en-US","potentialAction":[{"@type":"ReadAction","target":["https:\/\/technopark.elk.pl\/oferta\/tereny-inwestycyjne\/"]}]},{"@type":"ImageObject","inLanguage":"en-US","@id":"https:\/\/technopark.elk.pl\/oferta\/tereny-inwestycyjne\/#primaryimage","url":"http:\/\/technopark.elk.pl\/wp-content\/uploads\/2020\/10\/image011.png","contentUrl":"http:\/\/technopark.elk.pl\/wp-content\/uploads\/2020\/10\/image011.png"},{"@type":"BreadcrumbList","@id":"https:\/\/technopark.elk.pl\/oferta\/tereny-inwestycyjne\/#breadcrumb","itemListElement":[{"@type":"ListItem","position":1,"name":"Strona g\u0142\u00f3wna","item":"https:\/\/technopark.elk.pl\/en\/"},{"@type":"ListItem","position":2,"name":"Oferta","item":"https:\/\/technopark.elk.pl\/oferta\/"},{"@type":"ListItem","position":3,"name":"Tereny Inwestycyjne"}]},{"@type":"WebSite","@id":"https:\/\/technopark.elk.pl\/#website","url":"https:\/\/technopark.elk.pl\/","name":"Technopark","description":"Park Naukowo-Technologiczny w E\u0142ku","potentialAction":[{"@type":"SearchAction","target":{"@type":"EntryPoint","urlTemplate":"https:\/\/technopark.elk.pl\/?s={search_term_string}"},"query-input":"required name=search_term_string"}],"inLanguage":"en-US"}]}},"_links":{"self":[{"href":"https:\/\/technopark.elk.pl\/en\/wp-json\/wp\/v2\/pages\/98"}],"collection":[{"href":"https:\/\/technopark.elk.pl\/en\/wp-json\/wp\/v2\/pages"}],"about":[{"href":"https:\/\/technopark.elk.pl\/en\/wp-json\/wp\/v2\/types\/page"}],"author":[{"embeddable":true,"href":"https:\/\/technopark.elk.pl\/en\/wp-json\/wp\/v2\/users\/4"}],"replies":[{"embeddable":true,"href":"https:\/\/technopark.elk.pl\/en\/wp-json\/wp\/v2\/comments?post=98"}],"version-history":[{"count":51,"href":"https:\/\/technopark.elk.pl\/en\/wp-json\/wp\/v2\/pages\/98\/revisions"}],"predecessor-version":[{"id":11645,"href":"https:\/\/technopark.elk.pl\/en\/wp-json\/wp\/v2\/pages\/98\/revisions\/11645"}],"up":[{"embeddable":true,"href":"https:\/\/technopark.elk.pl\/en\/wp-json\/wp\/v2\/pages\/66"}],"wp:attachment":[{"href":"https:\/\/technopark.elk.pl\/en\/wp-json\/wp\/v2\/media?parent=98"}],"wp:term":[{"taxonomy":"folder","embeddable":true,"href":"https:\/\/technopark.elk.pl\/en\/wp-json\/wp\/v2\/folder?post=98"}],"curies":[{"name":"wp","href":"https:\/\/api.w.org\/{rel}","templated":true}]}}