{"id":92,"date":"2018-04-19T13:43:39","date_gmt":"2018-04-19T11:43:39","guid":{"rendered":"http:\/\/beta.technopark.elk.pl\/?page_id=92"},"modified":"2026-03-11T14:44:01","modified_gmt":"2026-03-11T13:44:01","slug":"laboratorium-mikrobiologiczne-badania-zywnosci-i-srodowiska-produkcyjnego","status":"publish","type":"page","link":"https:\/\/technopark.elk.pl\/en\/oferta\/laboratorium-mikrobiologiczne-badania-zywnosci-i-srodowiska-produkcyjnego\/","title":{"rendered":"Laboratorium Badania \u017bywno\u015bci i \u015arodowiska Produkcyjnego"},"content":{"rendered":"<p><\/p>\n<p style=\"text-align: justify;\"><strong>Laboratorium Badania \u017bywno\u015bci i \u015arodowiska Produkcyjnego PNT E\u0141K &#8211; lokalna jako\u015b\u0107, globalne standardy!<br \/>\n<\/strong><strong>Witaj w Laboratorium PNT &#8211; gwarantujemy najwy\u017csz\u0105 jako\u015b\u0107 us\u0142ug i profesjonalizm! Zapraszamy do zapoznania si\u0119 z nasz\u0105 ofert\u0105.<br \/>\n<\/strong><\/p>\n<p><strong>Dlaczego warto skorzysta\u0107 z naszych us\u0142ug?<\/strong><\/p>\n<ol>\n<li><strong>Lokalna jako\u015b\u0107:<\/strong> dzia\u0142amy w sercu E\u0142ku, oferuj\u0105c precyzyjne badania, szkolenia oraz wsparcie techniczne zgodne z najwy\u017cszymi standardami bran\u017cowymi. Nasz zesp\u00f3\u0142 ekspert\u00f3w pracuje z pasj\u0105, gwarantuj\u0105c kompleksowe badania wody, warto\u015bci od\u017cywczej produkt\u00f3w spo\u017cywczych, audyty wewn\u0119trzne, oraz edukacj\u0119 dzieci i m\u0142odzie\u017cy oraz wiele innych.<\/li>\n<li><strong>Dost\u0119pno\u015b\u0107 i elastyczno\u015b\u0107:<\/strong> Nasze us\u0142ugi dostosowujemy do Twoich potrzeb. Bez wzgl\u0119du na to, czy potrzebujesz szybkiego badania, konsultacji czy szkolenia, zawsze jeste\u015bmy tu dla Ciebie.<\/li>\n<li><strong>Wsparcie lokalnej edukacji i rozwoju:<\/strong> Wspieramy rozw\u00f3j lokalnej spo\u0142eczno\u015bci poprzez szkolenia, konsultacje i edukacj\u0119. Nasze laboratorium to nie tylko miejsce bada\u0144, ale tak\u017ce centrum wspieraj\u0105ce rozw\u00f3j wiedzy i umiej\u0119tno\u015bci.<\/li>\n<\/ol>\n<p><strong>Kontakt: <\/strong><\/p>\n<p>Laboratorium Badania \u017bywno\u015bci i \u015arodowiska Produkcyjnego<br \/>\nul. Podmiejska 5, 19-300 E\u0142k<\/p>\n<p><strong>+48 87 732 63 04<\/strong><br \/>\n<strong>+48 532 488 233<\/strong><br \/>\ne-mail: <a href=\"mailto:labo@technopark.elk.pl\">labo@technopark.elk.pl<\/a><\/p>\n<p><strong>Cenniki bada\u0144:<\/strong><\/p>\n<p><a href=\"https:\/\/technopark.elk.pl\/wp-content\/uploads\/2024\/09\/BADANIA-PODSTAWOWE-04092024.pdf\">Badania podstawowe &#8211; cennik od 1 wrze\u015bnia 2024 r.pdf<\/a><\/p>\n<p><a href=\"https:\/\/technopark.elk.pl\/wp-content\/uploads\/2024\/09\/BADANIA-PODSTAWOWE-PAKIETY-04092024.pdf\">Badania podstawowe, pakiety &#8211; cennik od 1 wrze\u015bnia 2024 r.pdf<\/a><\/p>\n<p><a href=\"https:\/\/technopark.elk.pl\/wp-content\/uploads\/2024\/09\/USLUGI-DODATKOWE-04092024.pdf\">Us\u0142ugi dodatkowe &#8211; cennik od 1 wrze\u015bnia 2024 r.pdf<\/a><\/p>\n<p><a href=\"https:\/\/technopark.elk.pl\/wp-content\/uploads\/2024\/04\/INSTRUKCJA-POBRANIA-PROBKI.docx\">INSTRUKCJA POBRANIA PR\u00d3BKI WODY DO BADANIA<\/a><\/p>\n<p>&nbsp;<\/p>\n<p style=\"text-align: center;\"><img decoding=\"async\" loading=\"lazy\" class=\"aligncenter size-large wp-image-12854\" src=\"https:\/\/technopark.elk.pl\/wp-content\/uploads\/2024\/02\/oferta-labo-PNTTT-1-724x1024.png\" alt=\"\" width=\"724\" height=\"1024\" srcset=\"https:\/\/technopark.elk.pl\/wp-content\/uploads\/2024\/02\/oferta-labo-PNTTT-1-724x1024.png 724w, https:\/\/technopark.elk.pl\/wp-content\/uploads\/2024\/02\/oferta-labo-PNTTT-1-212x300.png 212w, https:\/\/technopark.elk.pl\/wp-content\/uploads\/2024\/02\/oferta-labo-PNTTT-1-768x1086.png 768w, https:\/\/technopark.elk.pl\/wp-content\/uploads\/2024\/02\/oferta-labo-PNTTT-1-1086x1536.png 1086w, https:\/\/technopark.elk.pl\/wp-content\/uploads\/2024\/02\/oferta-labo-PNTTT-1-267x377.png 267w, https:\/\/technopark.elk.pl\/wp-content\/uploads\/2024\/02\/oferta-labo-PNTTT-1-113x160.png 113w, https:\/\/technopark.elk.pl\/wp-content\/uploads\/2024\/02\/oferta-labo-PNTTT-1-71x100.png 71w, https:\/\/technopark.elk.pl\/wp-content\/uploads\/2024\/02\/oferta-labo-PNTTT-1.png 1414w\" sizes=\"(max-width: 724px) 100vw, 724px\" \/><\/p>\n<hr>\n<p>&nbsp;<\/p>\n<p><img decoding=\"async\" loading=\"lazy\" class=\"alignnone size-full wp-image-8648\" src=\"http:\/\/technopark.elk.pl\/wp-content\/uploads\/2020\/12\/DSC_8626-scaled.jpg\" alt=\"\" width=\"2560\" height=\"1708\" srcset=\"https:\/\/technopark.elk.pl\/wp-content\/uploads\/2020\/12\/DSC_8626-scaled.jpg 2560w, https:\/\/technopark.elk.pl\/wp-content\/uploads\/2020\/12\/DSC_8626-300x200.jpg 300w, https:\/\/technopark.elk.pl\/wp-content\/uploads\/2020\/12\/DSC_8626-1024x683.jpg 1024w, https:\/\/technopark.elk.pl\/wp-content\/uploads\/2020\/12\/DSC_8626-768x513.jpg 768w, https:\/\/technopark.elk.pl\/wp-content\/uploads\/2020\/12\/DSC_8626-1536x1025.jpg 1536w, https:\/\/technopark.elk.pl\/wp-content\/uploads\/2020\/12\/DSC_8626-2048x1367.jpg 2048w, https:\/\/technopark.elk.pl\/wp-content\/uploads\/2020\/12\/DSC_8626-565x377.jpg 565w, https:\/\/technopark.elk.pl\/wp-content\/uploads\/2020\/12\/DSC_8626-160x107.jpg 160w, https:\/\/technopark.elk.pl\/wp-content\/uploads\/2020\/12\/DSC_8626-120x80.jpg 120w\" sizes=\"(max-width: 2560px) 100vw, 2560px\" \/><\/p>\n<p>&nbsp;<\/p>\n<p><img decoding=\"async\" loading=\"lazy\" class=\"alignnone size-full wp-image-8650\" src=\"http:\/\/technopark.elk.pl\/wp-content\/uploads\/2020\/12\/DSC_8631-scaled.jpg\" alt=\"\" width=\"2560\" height=\"1709\" srcset=\"https:\/\/technopark.elk.pl\/wp-content\/uploads\/2020\/12\/DSC_8631-scaled.jpg 2560w, https:\/\/technopark.elk.pl\/wp-content\/uploads\/2020\/12\/DSC_8631-300x200.jpg 300w, https:\/\/technopark.elk.pl\/wp-content\/uploads\/2020\/12\/DSC_8631-1024x683.jpg 1024w, https:\/\/technopark.elk.pl\/wp-content\/uploads\/2020\/12\/DSC_8631-768x513.jpg 768w, https:\/\/technopark.elk.pl\/wp-content\/uploads\/2020\/12\/DSC_8631-1536x1025.jpg 1536w, https:\/\/technopark.elk.pl\/wp-content\/uploads\/2020\/12\/DSC_8631-2048x1367.jpg 2048w, https:\/\/technopark.elk.pl\/wp-content\/uploads\/2020\/12\/DSC_8631-565x377.jpg 565w, https:\/\/technopark.elk.pl\/wp-content\/uploads\/2020\/12\/DSC_8631-160x107.jpg 160w, https:\/\/technopark.elk.pl\/wp-content\/uploads\/2020\/12\/DSC_8631-120x80.jpg 120w\" sizes=\"(max-width: 2560px) 100vw, 2560px\" \/><\/p>","protected":false},"excerpt":{"rendered":"<p>Laboratorium Badania \u017bywno\u015bci i \u015arodowiska Produkcyjnego PNT E\u0141K &#8211; lokalna jako\u015b\u0107, globalne standardy! Witaj w Laboratorium PNT &#8211; gwarantujemy najwy\u017csz\u0105 jako\u015b\u0107 us\u0142ug i profesjonalizm! Zapraszamy do zapoznania si\u0119 z nasz\u0105 ofert\u0105. Dlaczego warto skorzysta\u0107 z naszych us\u0142ug? Lokalna jako\u015b\u0107: dzia\u0142amy w sercu E\u0142ku, oferuj\u0105c precyzyjne badania, szkolenia oraz wsparcie techniczne zgodne z najwy\u017cszymi standardami bran\u017cowymi. [&hellip;]<\/p>\n","protected":false},"author":4,"featured_media":0,"parent":66,"menu_order":6,"comment_status":"closed","ping_status":"closed","template":"","meta":{"footnotes":""},"folder":[],"acf":[],"yoast_head":"<!-- This site is optimized with the Yoast SEO plugin v22.6 - https:\/\/yoast.com\/wordpress\/plugins\/seo\/ -->\n<title>Laboratorium Badania \u017bywno\u015bci i \u015arodowiska Produkcyjnego - Technopark<\/title>\n<meta name=\"description\" content=\"Labortorium PNT w E\u0142ku oferuje bogat\u0105 gam\u0119 bada\u0144 i zaj\u0119\u0107 dydaktycznych. Posiadamy akredytacj\u0119 PSA i jeste\u015bmy jedyn\u0105 tak\u0105 jednostk\u0105 w regionie.\" \/>\n<meta name=\"robots\" content=\"index, follow, max-snippet:-1, max-image-preview:large, max-video-preview:-1\" \/>\n<link rel=\"canonical\" href=\"https:\/\/technopark.elk.pl\/en\/oferta\/laboratorium-mikrobiologiczne-badania-zywnosci-i-srodowiska-produkcyjnego\/\" \/>\n<meta property=\"og:locale\" content=\"en_US\" \/>\n<meta property=\"og:type\" content=\"article\" \/>\n<meta property=\"og:title\" content=\"Laboratorium Badania \u017bywno\u015bci i \u015arodowiska Produkcyjnego - Technopark\" \/>\n<meta property=\"og:description\" content=\"Labortorium PNT w E\u0142ku oferuje bogat\u0105 gam\u0119 bada\u0144 i zaj\u0119\u0107 dydaktycznych. Posiadamy akredytacj\u0119 PSA i jeste\u015bmy jedyn\u0105 tak\u0105 jednostk\u0105 w regionie.\" \/>\n<meta property=\"og:url\" content=\"https:\/\/technopark.elk.pl\/oferta\/laboratorium-mikrobiologiczne-badania-zywnosci-i-srodowiska-produkcyjnego\/\" \/>\n<meta property=\"og:site_name\" content=\"Technopark\" \/>\n<meta property=\"article:publisher\" content=\"https:\/\/www.facebook.com\/technopark.elk\" \/>\n<meta property=\"article:modified_time\" content=\"2026-03-11T13:44:01+00:00\" \/>\n<meta property=\"og:image\" content=\"https:\/\/technopark.elk.pl\/wp-content\/uploads\/2024\/02\/oferta-labo-PNTTT-1-724x1024.png\" \/>\n<meta name=\"twitter:card\" content=\"summary_large_image\" \/>\n<meta name=\"twitter:label1\" content=\"Est. reading time\" \/>\n\t<meta name=\"twitter:data1\" content=\"3 minutes\" \/>\n<script type=\"application\/ld+json\" class=\"yoast-schema-graph\">{\"@context\":\"https:\/\/schema.org\",\"@graph\":[{\"@type\":\"WebPage\",\"@id\":\"https:\/\/technopark.elk.pl\/oferta\/laboratorium-mikrobiologiczne-badania-zywnosci-i-srodowiska-produkcyjnego\/\",\"url\":\"https:\/\/technopark.elk.pl\/oferta\/laboratorium-mikrobiologiczne-badania-zywnosci-i-srodowiska-produkcyjnego\/\",\"name\":\"Laboratorium Badania \u017bywno\u015bci i \u015arodowiska Produkcyjnego - Technopark\",\"isPartOf\":{\"@id\":\"https:\/\/technopark.elk.pl\/#website\"},\"primaryImageOfPage\":{\"@id\":\"https:\/\/technopark.elk.pl\/oferta\/laboratorium-mikrobiologiczne-badania-zywnosci-i-srodowiska-produkcyjnego\/#primaryimage\"},\"image\":{\"@id\":\"https:\/\/technopark.elk.pl\/oferta\/laboratorium-mikrobiologiczne-badania-zywnosci-i-srodowiska-produkcyjnego\/#primaryimage\"},\"thumbnailUrl\":\"https:\/\/technopark.elk.pl\/wp-content\/uploads\/2024\/02\/oferta-labo-PNTTT-1-724x1024.png\",\"datePublished\":\"2018-04-19T11:43:39+00:00\",\"dateModified\":\"2026-03-11T13:44:01+00:00\",\"description\":\"Labortorium PNT w E\u0142ku oferuje bogat\u0105 gam\u0119 bada\u0144 i zaj\u0119\u0107 dydaktycznych. Posiadamy akredytacj\u0119 PSA i jeste\u015bmy jedyn\u0105 tak\u0105 jednostk\u0105 w regionie.\",\"breadcrumb\":{\"@id\":\"https:\/\/technopark.elk.pl\/oferta\/laboratorium-mikrobiologiczne-badania-zywnosci-i-srodowiska-produkcyjnego\/#breadcrumb\"},\"inLanguage\":\"en-US\",\"potentialAction\":[{\"@type\":\"ReadAction\",\"target\":[\"https:\/\/technopark.elk.pl\/oferta\/laboratorium-mikrobiologiczne-badania-zywnosci-i-srodowiska-produkcyjnego\/\"]}]},{\"@type\":\"ImageObject\",\"inLanguage\":\"en-US\",\"@id\":\"https:\/\/technopark.elk.pl\/oferta\/laboratorium-mikrobiologiczne-badania-zywnosci-i-srodowiska-produkcyjnego\/#primaryimage\",\"url\":\"https:\/\/technopark.elk.pl\/wp-content\/uploads\/2024\/02\/oferta-labo-PNTTT-1-724x1024.png\",\"contentUrl\":\"https:\/\/technopark.elk.pl\/wp-content\/uploads\/2024\/02\/oferta-labo-PNTTT-1-724x1024.png\"},{\"@type\":\"BreadcrumbList\",\"@id\":\"https:\/\/technopark.elk.pl\/oferta\/laboratorium-mikrobiologiczne-badania-zywnosci-i-srodowiska-produkcyjnego\/#breadcrumb\",\"itemListElement\":[{\"@type\":\"ListItem\",\"position\":1,\"name\":\"Strona g\u0142\u00f3wna\",\"item\":\"https:\/\/technopark.elk.pl\/en\/\"},{\"@type\":\"ListItem\",\"position\":2,\"name\":\"Oferta\",\"item\":\"https:\/\/technopark.elk.pl\/oferta\/\"},{\"@type\":\"ListItem\",\"position\":3,\"name\":\"Laboratorium Badania \u017bywno\u015bci i \u015arodowiska Produkcyjnego\"}]},{\"@type\":\"WebSite\",\"@id\":\"https:\/\/technopark.elk.pl\/#website\",\"url\":\"https:\/\/technopark.elk.pl\/\",\"name\":\"Technopark\",\"description\":\"Park Naukowo-Technologiczny w E\u0142ku\",\"potentialAction\":[{\"@type\":\"SearchAction\",\"target\":{\"@type\":\"EntryPoint\",\"urlTemplate\":\"https:\/\/technopark.elk.pl\/?s={search_term_string}\"},\"query-input\":\"required name=search_term_string\"}],\"inLanguage\":\"en-US\"}]}<\/script>\n<!-- \/ Yoast SEO plugin. -->","yoast_head_json":{"title":"Laboratorium Badania \u017bywno\u015bci i \u015arodowiska Produkcyjnego - Technopark","description":"Labortorium PNT w E\u0142ku oferuje bogat\u0105 gam\u0119 bada\u0144 i zaj\u0119\u0107 dydaktycznych. Posiadamy akredytacj\u0119 PSA i jeste\u015bmy jedyn\u0105 tak\u0105 jednostk\u0105 w regionie.","robots":{"index":"index","follow":"follow","max-snippet":"max-snippet:-1","max-image-preview":"max-image-preview:large","max-video-preview":"max-video-preview:-1"},"canonical":"https:\/\/technopark.elk.pl\/en\/oferta\/laboratorium-mikrobiologiczne-badania-zywnosci-i-srodowiska-produkcyjnego\/","og_locale":"en_US","og_type":"article","og_title":"Laboratorium Badania \u017bywno\u015bci i \u015arodowiska Produkcyjnego - Technopark","og_description":"Labortorium PNT w E\u0142ku oferuje bogat\u0105 gam\u0119 bada\u0144 i zaj\u0119\u0107 dydaktycznych. Posiadamy akredytacj\u0119 PSA i jeste\u015bmy jedyn\u0105 tak\u0105 jednostk\u0105 w regionie.","og_url":"https:\/\/technopark.elk.pl\/oferta\/laboratorium-mikrobiologiczne-badania-zywnosci-i-srodowiska-produkcyjnego\/","og_site_name":"Technopark","article_publisher":"https:\/\/www.facebook.com\/technopark.elk","article_modified_time":"2026-03-11T13:44:01+00:00","og_image":[{"url":"https:\/\/technopark.elk.pl\/wp-content\/uploads\/2024\/02\/oferta-labo-PNTTT-1-724x1024.png"}],"twitter_card":"summary_large_image","twitter_misc":{"Est. reading time":"3 minutes"},"schema":{"@context":"https:\/\/schema.org","@graph":[{"@type":"WebPage","@id":"https:\/\/technopark.elk.pl\/oferta\/laboratorium-mikrobiologiczne-badania-zywnosci-i-srodowiska-produkcyjnego\/","url":"https:\/\/technopark.elk.pl\/oferta\/laboratorium-mikrobiologiczne-badania-zywnosci-i-srodowiska-produkcyjnego\/","name":"Laboratorium Badania \u017bywno\u015bci i \u015arodowiska Produkcyjnego - Technopark","isPartOf":{"@id":"https:\/\/technopark.elk.pl\/#website"},"primaryImageOfPage":{"@id":"https:\/\/technopark.elk.pl\/oferta\/laboratorium-mikrobiologiczne-badania-zywnosci-i-srodowiska-produkcyjnego\/#primaryimage"},"image":{"@id":"https:\/\/technopark.elk.pl\/oferta\/laboratorium-mikrobiologiczne-badania-zywnosci-i-srodowiska-produkcyjnego\/#primaryimage"},"thumbnailUrl":"https:\/\/technopark.elk.pl\/wp-content\/uploads\/2024\/02\/oferta-labo-PNTTT-1-724x1024.png","datePublished":"2018-04-19T11:43:39+00:00","dateModified":"2026-03-11T13:44:01+00:00","description":"Labortorium PNT w E\u0142ku oferuje bogat\u0105 gam\u0119 bada\u0144 i zaj\u0119\u0107 dydaktycznych. Posiadamy akredytacj\u0119 PSA i jeste\u015bmy jedyn\u0105 tak\u0105 jednostk\u0105 w regionie.","breadcrumb":{"@id":"https:\/\/technopark.elk.pl\/oferta\/laboratorium-mikrobiologiczne-badania-zywnosci-i-srodowiska-produkcyjnego\/#breadcrumb"},"inLanguage":"en-US","potentialAction":[{"@type":"ReadAction","target":["https:\/\/technopark.elk.pl\/oferta\/laboratorium-mikrobiologiczne-badania-zywnosci-i-srodowiska-produkcyjnego\/"]}]},{"@type":"ImageObject","inLanguage":"en-US","@id":"https:\/\/technopark.elk.pl\/oferta\/laboratorium-mikrobiologiczne-badania-zywnosci-i-srodowiska-produkcyjnego\/#primaryimage","url":"https:\/\/technopark.elk.pl\/wp-content\/uploads\/2024\/02\/oferta-labo-PNTTT-1-724x1024.png","contentUrl":"https:\/\/technopark.elk.pl\/wp-content\/uploads\/2024\/02\/oferta-labo-PNTTT-1-724x1024.png"},{"@type":"BreadcrumbList","@id":"https:\/\/technopark.elk.pl\/oferta\/laboratorium-mikrobiologiczne-badania-zywnosci-i-srodowiska-produkcyjnego\/#breadcrumb","itemListElement":[{"@type":"ListItem","position":1,"name":"Strona g\u0142\u00f3wna","item":"https:\/\/technopark.elk.pl\/en\/"},{"@type":"ListItem","position":2,"name":"Oferta","item":"https:\/\/technopark.elk.pl\/oferta\/"},{"@type":"ListItem","position":3,"name":"Laboratorium Badania \u017bywno\u015bci i \u015arodowiska Produkcyjnego"}]},{"@type":"WebSite","@id":"https:\/\/technopark.elk.pl\/#website","url":"https:\/\/technopark.elk.pl\/","name":"Technopark","description":"Park Naukowo-Technologiczny w E\u0142ku","potentialAction":[{"@type":"SearchAction","target":{"@type":"EntryPoint","urlTemplate":"https:\/\/technopark.elk.pl\/?s={search_term_string}"},"query-input":"required name=search_term_string"}],"inLanguage":"en-US"}]}},"_links":{"self":[{"href":"https:\/\/technopark.elk.pl\/en\/wp-json\/wp\/v2\/pages\/92"}],"collection":[{"href":"https:\/\/technopark.elk.pl\/en\/wp-json\/wp\/v2\/pages"}],"about":[{"href":"https:\/\/technopark.elk.pl\/en\/wp-json\/wp\/v2\/types\/page"}],"author":[{"embeddable":true,"href":"https:\/\/technopark.elk.pl\/en\/wp-json\/wp\/v2\/users\/4"}],"replies":[{"embeddable":true,"href":"https:\/\/technopark.elk.pl\/en\/wp-json\/wp\/v2\/comments?post=92"}],"version-history":[{"count":137,"href":"https:\/\/technopark.elk.pl\/en\/wp-json\/wp\/v2\/pages\/92\/revisions"}],"predecessor-version":[{"id":16373,"href":"https:\/\/technopark.elk.pl\/en\/wp-json\/wp\/v2\/pages\/92\/revisions\/16373"}],"up":[{"embeddable":true,"href":"https:\/\/technopark.elk.pl\/en\/wp-json\/wp\/v2\/pages\/66"}],"wp:attachment":[{"href":"https:\/\/technopark.elk.pl\/en\/wp-json\/wp\/v2\/media?parent=92"}],"wp:term":[{"taxonomy":"folder","embeddable":true,"href":"https:\/\/technopark.elk.pl\/en\/wp-json\/wp\/v2\/folder?post=92"}],"curies":[{"name":"wp","href":"https:\/\/api.w.org\/{rel}","templated":true}]}}