{"id":90,"date":"2018-04-19T13:42:30","date_gmt":"2018-04-19T11:42:30","guid":{"rendered":"http:\/\/beta.technopark.elk.pl\/?page_id=90"},"modified":"2026-04-01T09:24:06","modified_gmt":"2026-04-01T07:24:06","slug":"konferencje-i-szkolenia-3","status":"publish","type":"page","link":"https:\/\/technopark.elk.pl\/en\/oferta\/konferencje-i-szkolenia-3\/","title":{"rendered":"Konferencje i szkolenia"},"content":{"rendered":"<p style=\"text-align: left;\"><strong>WYNAJEM SAL KONFERENCYJNYCH<\/strong><\/p>\r\n<p style=\"text-align: justify;\">Park Naukowo-Technologiczny w E\u0142ku oferuje trzy sale wystawienniczo \u2013 konferencyjne:<\/p>\r\n<p style=\"text-align: justify;\">&nbsp;&#8211; Sala konferencyjna (do 100 os\u00f3b)<\/p>\r\n<img decoding=\"async\" loading=\"lazy\" class=\"alignnone wp-image-8395 size-medium\" src=\"https:\/\/technopark.elk.pl\/wp-content\/uploads\/2020\/10\/DSC_6576-1-300x200.jpg\" alt=\"\" width=\"300\" height=\"200\" srcset=\"https:\/\/technopark.elk.pl\/wp-content\/uploads\/2020\/10\/DSC_6576-1-300x200.jpg 300w, https:\/\/technopark.elk.pl\/wp-content\/uploads\/2020\/10\/DSC_6576-1-768x513.jpg 768w, https:\/\/technopark.elk.pl\/wp-content\/uploads\/2020\/10\/DSC_6576-1-1024x684.jpg 1024w, https:\/\/technopark.elk.pl\/wp-content\/uploads\/2020\/10\/DSC_6576-1-565x377.jpg 565w, https:\/\/technopark.elk.pl\/wp-content\/uploads\/2020\/10\/DSC_6576-1-160x107.jpg 160w, https:\/\/technopark.elk.pl\/wp-content\/uploads\/2020\/10\/DSC_6576-1-120x80.jpg 120w, https:\/\/technopark.elk.pl\/wp-content\/uploads\/2020\/10\/DSC_6576-1.jpg 2000w\" sizes=\"(max-width: 300px) 100vw, 300px\" \/>\r\n\r\n&#8211; Sala szkoleniowa (do 20 os\u00f3b)\r\n\r\n<img decoding=\"async\" loading=\"lazy\" class=\"alignnone wp-image-12748 size-medium\" src=\"https:\/\/technopark.elk.pl\/wp-content\/uploads\/2024\/02\/20240117_135248-300x139.jpg\" alt=\"\" width=\"300\" height=\"139\" srcset=\"https:\/\/technopark.elk.pl\/wp-content\/uploads\/2024\/02\/20240117_135248-300x139.jpg 300w, https:\/\/technopark.elk.pl\/wp-content\/uploads\/2024\/02\/20240117_135248-1024x473.jpg 1024w, https:\/\/technopark.elk.pl\/wp-content\/uploads\/2024\/02\/20240117_135248-768x355.jpg 768w, https:\/\/technopark.elk.pl\/wp-content\/uploads\/2024\/02\/20240117_135248-1536x710.jpg 1536w, https:\/\/technopark.elk.pl\/wp-content\/uploads\/2024\/02\/20240117_135248-2048x946.jpg 2048w, https:\/\/technopark.elk.pl\/wp-content\/uploads\/2024\/02\/20240117_135248-565x261.jpg 565w, https:\/\/technopark.elk.pl\/wp-content\/uploads\/2024\/02\/20240117_135248-160x74.jpg 160w, https:\/\/technopark.elk.pl\/wp-content\/uploads\/2024\/02\/20240117_135248-120x55.jpg 120w\" sizes=\"(max-width: 300px) 100vw, 300px\" \/>\r\n\r\n&#8211; Sala biznesowa (do 8 os\u00f3b)\r\n\r\n<img decoding=\"async\" loading=\"lazy\" class=\"alignnone wp-image-8391 size-medium\" src=\"https:\/\/technopark.elk.pl\/wp-content\/uploads\/2020\/10\/DSC_6430-300x200.jpg\" alt=\"\" width=\"300\" height=\"200\" srcset=\"https:\/\/technopark.elk.pl\/wp-content\/uploads\/2020\/10\/DSC_6430-300x200.jpg 300w, https:\/\/technopark.elk.pl\/wp-content\/uploads\/2020\/10\/DSC_6430-768x513.jpg 768w, https:\/\/technopark.elk.pl\/wp-content\/uploads\/2020\/10\/DSC_6430-1024x684.jpg 1024w, https:\/\/technopark.elk.pl\/wp-content\/uploads\/2020\/10\/DSC_6430-565x377.jpg 565w, https:\/\/technopark.elk.pl\/wp-content\/uploads\/2020\/10\/DSC_6430-160x107.jpg 160w, https:\/\/technopark.elk.pl\/wp-content\/uploads\/2020\/10\/DSC_6430-120x80.jpg 120w, https:\/\/technopark.elk.pl\/wp-content\/uploads\/2020\/10\/DSC_6430.jpg 2000w\" sizes=\"(max-width: 300px) 100vw, 300px\" \/>\r\n<p style=\"text-align: justify;\">Park jest idealnym miejscem do organizacji, spotka\u0144 biznesowych, konferencji, szkole\u0144, warsztat\u00f3w czy profesjonalnych prezentacji. Udost\u0119pniamy Pa\u0144stwu przestronne, klimatyzowane sale, wyposa\u017cone w sprz\u0119t multimedialny i system nag\u0142a\u015bniaj\u0105cy.<\/p>\r\nCena ju\u017c od 300 z\u0142 netto\/dzie\u0144\r\n\r\nRezerwacji dokonasz pod numerami telefonu: <strong>87 732 63 05, <\/strong><strong>87 732 63 01.\r\n<\/strong>\r\n\r\nZapraszamy do kontaktu mailowego: info@technopark.elk.pl\r\n\r\nSzczeg\u00f3\u0142owe informacje odno\u015bnie koszt\u00f3w znajduj\u0105 si\u0119 w <a href=\"https:\/\/technopark.elk.pl\/wp-content\/uploads\/2024\/09\/CENNIK-PNT_01042024_zmiana-23092024.pdf\"><strong>cenniku<\/strong><\/a>\r\n\r\n<hr>\r\n\r\n<h3 style=\"text-align: justify;\"><strong>Sale idealne do organizacji:<\/strong><\/h3>\r\n<ul style=\"text-align: justify;\">\r\n \t<li>konferencji,<\/li>\r\n \t<li>sympozj\u00f3w,<\/li>\r\n \t<li>szkole\u0144,<\/li>\r\n \t<li>zjazd\u00f3w,<\/li>\r\n \t<li>warsztat\u00f3w,<\/li>\r\n \t<li>kameralnych spotka\u0144 biznesowych<\/li>\r\n \t<li>rozm\u00f3w rekrutacyjnych i innych spotka\u0144.<\/li>\r\n<\/ul>\r\n\r\n<hr>\r\n\r\n<h3 style=\"text-align: justify;\"><strong>Profesjonalne wyposa\u017cenie:<\/strong><\/h3>\r\n<ul style=\"text-align: justify;\">\r\n \t<li>nag\u0142o\u015bnienie,<\/li>\r\n \t<li>mikrofony bezprzewodowe,<\/li>\r\n \t<li>projektor,<\/li>\r\n \t<li>laptop,<\/li>\r\n \t<li>flipchart.<\/li>\r\n<\/ul>\r\n<img decoding=\"async\" loading=\"lazy\" class=\"alignnone wp-image-8395 size-medium\" src=\"https:\/\/technopark.elk.pl\/wp-content\/uploads\/2020\/10\/DSC_6576-1-300x200.jpg\" alt=\"\" width=\"300\" height=\"200\" srcset=\"https:\/\/technopark.elk.pl\/wp-content\/uploads\/2020\/10\/DSC_6576-1-300x200.jpg 300w, https:\/\/technopark.elk.pl\/wp-content\/uploads\/2020\/10\/DSC_6576-1-768x513.jpg 768w, https:\/\/technopark.elk.pl\/wp-content\/uploads\/2020\/10\/DSC_6576-1-1024x684.jpg 1024w, https:\/\/technopark.elk.pl\/wp-content\/uploads\/2020\/10\/DSC_6576-1-565x377.jpg 565w, https:\/\/technopark.elk.pl\/wp-content\/uploads\/2020\/10\/DSC_6576-1-160x107.jpg 160w, https:\/\/technopark.elk.pl\/wp-content\/uploads\/2020\/10\/DSC_6576-1-120x80.jpg 120w, https:\/\/technopark.elk.pl\/wp-content\/uploads\/2020\/10\/DSC_6576-1.jpg 2000w\" sizes=\"(max-width: 300px) 100vw, 300px\" \/>\r\n\r\n&nbsp;\r\n\r\n<img decoding=\"async\" loading=\"lazy\" class=\"alignnone wp-image-8391 size-medium\" src=\"https:\/\/technopark.elk.pl\/wp-content\/uploads\/2020\/10\/DSC_6430-300x200.jpg\" alt=\"\" width=\"300\" height=\"200\" srcset=\"https:\/\/technopark.elk.pl\/wp-content\/uploads\/2020\/10\/DSC_6430-300x200.jpg 300w, https:\/\/technopark.elk.pl\/wp-content\/uploads\/2020\/10\/DSC_6430-768x513.jpg 768w, https:\/\/technopark.elk.pl\/wp-content\/uploads\/2020\/10\/DSC_6430-1024x684.jpg 1024w, https:\/\/technopark.elk.pl\/wp-content\/uploads\/2020\/10\/DSC_6430-565x377.jpg 565w, https:\/\/technopark.elk.pl\/wp-content\/uploads\/2020\/10\/DSC_6430-160x107.jpg 160w, https:\/\/technopark.elk.pl\/wp-content\/uploads\/2020\/10\/DSC_6430-120x80.jpg 120w, https:\/\/technopark.elk.pl\/wp-content\/uploads\/2020\/10\/DSC_6430.jpg 2000w\" sizes=\"(max-width: 300px) 100vw, 300px\" \/>\r\n\r\n&nbsp;\r\n\r\n<img decoding=\"async\" loading=\"lazy\" class=\"alignnone wp-image-12748 size-medium\" src=\"https:\/\/technopark.elk.pl\/wp-content\/uploads\/2024\/02\/20240117_135248-300x139.jpg\" alt=\"\" width=\"300\" height=\"139\" srcset=\"https:\/\/technopark.elk.pl\/wp-content\/uploads\/2024\/02\/20240117_135248-300x139.jpg 300w, https:\/\/technopark.elk.pl\/wp-content\/uploads\/2024\/02\/20240117_135248-1024x473.jpg 1024w, https:\/\/technopark.elk.pl\/wp-content\/uploads\/2024\/02\/20240117_135248-768x355.jpg 768w, https:\/\/technopark.elk.pl\/wp-content\/uploads\/2024\/02\/20240117_135248-1536x710.jpg 1536w, https:\/\/technopark.elk.pl\/wp-content\/uploads\/2024\/02\/20240117_135248-2048x946.jpg 2048w, https:\/\/technopark.elk.pl\/wp-content\/uploads\/2024\/02\/20240117_135248-565x261.jpg 565w, https:\/\/technopark.elk.pl\/wp-content\/uploads\/2024\/02\/20240117_135248-160x74.jpg 160w, https:\/\/technopark.elk.pl\/wp-content\/uploads\/2024\/02\/20240117_135248-120x55.jpg 120w\" sizes=\"(max-width: 300px) 100vw, 300px\" \/> <img decoding=\"async\" loading=\"lazy\" class=\"alignnone wp-image-12750 size-medium\" src=\"https:\/\/technopark.elk.pl\/wp-content\/uploads\/2024\/02\/20240117_135225-300x139.jpg\" alt=\"\" width=\"300\" height=\"139\" srcset=\"https:\/\/technopark.elk.pl\/wp-content\/uploads\/2024\/02\/20240117_135225-300x139.jpg 300w, https:\/\/technopark.elk.pl\/wp-content\/uploads\/2024\/02\/20240117_135225-1024x473.jpg 1024w, https:\/\/technopark.elk.pl\/wp-content\/uploads\/2024\/02\/20240117_135225-768x355.jpg 768w, https:\/\/technopark.elk.pl\/wp-content\/uploads\/2024\/02\/20240117_135225-1536x710.jpg 1536w, https:\/\/technopark.elk.pl\/wp-content\/uploads\/2024\/02\/20240117_135225-2048x946.jpg 2048w, https:\/\/technopark.elk.pl\/wp-content\/uploads\/2024\/02\/20240117_135225-565x261.jpg 565w, https:\/\/technopark.elk.pl\/wp-content\/uploads\/2024\/02\/20240117_135225-160x74.jpg 160w, https:\/\/technopark.elk.pl\/wp-content\/uploads\/2024\/02\/20240117_135225-120x55.jpg 120w\" sizes=\"(max-width: 300px) 100vw, 300px\" \/>\r\n<p style=\"text-align: justify;\">&nbsp;<\/p>\r\n&nbsp;\r\n\r\n&nbsp;<\/p>","protected":false},"excerpt":{"rendered":"<p>WYNAJEM SAL KONFERENCYJNYCH Park Naukowo-Technologiczny w E\u0142ku oferuje trzy sale wystawienniczo \u2013 konferencyjne: &nbsp;&#8211; Sala konferencyjna (do 100 os\u00f3b) &#8211; Sala szkoleniowa (do 20 os\u00f3b) &#8211; Sala biznesowa (do 8 os\u00f3b) Park jest idealnym miejscem do organizacji, spotka\u0144 biznesowych, konferencji, szkole\u0144, warsztat\u00f3w czy profesjonalnych prezentacji. Udost\u0119pniamy Pa\u0144stwu przestronne, klimatyzowane sale, wyposa\u017cone w sprz\u0119t multimedialny i [&hellip;]<\/p>\n","protected":false},"author":4,"featured_media":0,"parent":66,"menu_order":5,"comment_status":"closed","ping_status":"closed","template":"","meta":{"footnotes":""},"folder":[],"acf":[],"yoast_head":"<!-- This site is optimized with the Yoast SEO plugin v22.6 - https:\/\/yoast.com\/wordpress\/plugins\/seo\/ -->\n<title>Konferencje i szkolenia - Technopark<\/title>\n<meta name=\"robots\" content=\"index, follow, max-snippet:-1, max-image-preview:large, max-video-preview:-1\" \/>\n<link rel=\"canonical\" href=\"https:\/\/technopark.elk.pl\/en\/oferta\/konferencje-i-szkolenia-3\/\" \/>\n<meta property=\"og:locale\" content=\"en_US\" \/>\n<meta property=\"og:type\" content=\"article\" \/>\n<meta property=\"og:title\" content=\"Konferencje i szkolenia - Technopark\" \/>\n<meta property=\"og:description\" content=\"WYNAJEM SAL KONFERENCYJNYCH Park Naukowo-Technologiczny w E\u0142ku oferuje trzy sale wystawienniczo \u2013 konferencyjne: &nbsp;&#8211; Sala konferencyjna (do 100 os\u00f3b) &#8211; Sala szkoleniowa (do 20 os\u00f3b) &#8211; Sala biznesowa (do 8 os\u00f3b) Park jest idealnym miejscem do organizacji, spotka\u0144 biznesowych, konferencji, szkole\u0144, warsztat\u00f3w czy profesjonalnych prezentacji. Udost\u0119pniamy Pa\u0144stwu przestronne, klimatyzowane sale, wyposa\u017cone w sprz\u0119t multimedialny i [&hellip;]\" \/>\n<meta property=\"og:url\" content=\"https:\/\/technopark.elk.pl\/oferta\/konferencje-i-szkolenia-3\/\" \/>\n<meta property=\"og:site_name\" content=\"Technopark\" \/>\n<meta property=\"article:publisher\" content=\"https:\/\/www.facebook.com\/technopark.elk\" \/>\n<meta property=\"article:modified_time\" content=\"2026-04-01T07:24:06+00:00\" \/>\n<meta property=\"og:image\" content=\"https:\/\/technopark.elk.pl\/wp-content\/uploads\/2020\/10\/DSC_6576-1-300x200.jpg\" \/>\n<meta name=\"twitter:card\" content=\"summary_large_image\" \/>\n<meta name=\"twitter:label1\" content=\"Est. reading time\" \/>\n\t<meta name=\"twitter:data1\" content=\"2 minutes\" \/>\n<script type=\"application\/ld+json\" class=\"yoast-schema-graph\">{\"@context\":\"https:\/\/schema.org\",\"@graph\":[{\"@type\":\"WebPage\",\"@id\":\"https:\/\/technopark.elk.pl\/oferta\/konferencje-i-szkolenia-3\/\",\"url\":\"https:\/\/technopark.elk.pl\/oferta\/konferencje-i-szkolenia-3\/\",\"name\":\"Konferencje i szkolenia - Technopark\",\"isPartOf\":{\"@id\":\"https:\/\/technopark.elk.pl\/#website\"},\"primaryImageOfPage\":{\"@id\":\"https:\/\/technopark.elk.pl\/oferta\/konferencje-i-szkolenia-3\/#primaryimage\"},\"image\":{\"@id\":\"https:\/\/technopark.elk.pl\/oferta\/konferencje-i-szkolenia-3\/#primaryimage\"},\"thumbnailUrl\":\"https:\/\/technopark.elk.pl\/wp-content\/uploads\/2020\/10\/DSC_6576-1-300x200.jpg\",\"datePublished\":\"2018-04-19T11:42:30+00:00\",\"dateModified\":\"2026-04-01T07:24:06+00:00\",\"breadcrumb\":{\"@id\":\"https:\/\/technopark.elk.pl\/oferta\/konferencje-i-szkolenia-3\/#breadcrumb\"},\"inLanguage\":\"en-US\",\"potentialAction\":[{\"@type\":\"ReadAction\",\"target\":[\"https:\/\/technopark.elk.pl\/oferta\/konferencje-i-szkolenia-3\/\"]}]},{\"@type\":\"ImageObject\",\"inLanguage\":\"en-US\",\"@id\":\"https:\/\/technopark.elk.pl\/oferta\/konferencje-i-szkolenia-3\/#primaryimage\",\"url\":\"https:\/\/technopark.elk.pl\/wp-content\/uploads\/2020\/10\/DSC_6576-1-300x200.jpg\",\"contentUrl\":\"https:\/\/technopark.elk.pl\/wp-content\/uploads\/2020\/10\/DSC_6576-1-300x200.jpg\"},{\"@type\":\"BreadcrumbList\",\"@id\":\"https:\/\/technopark.elk.pl\/oferta\/konferencje-i-szkolenia-3\/#breadcrumb\",\"itemListElement\":[{\"@type\":\"ListItem\",\"position\":1,\"name\":\"Strona g\u0142\u00f3wna\",\"item\":\"https:\/\/technopark.elk.pl\/en\/\"},{\"@type\":\"ListItem\",\"position\":2,\"name\":\"Oferta\",\"item\":\"https:\/\/technopark.elk.pl\/oferta\/\"},{\"@type\":\"ListItem\",\"position\":3,\"name\":\"Konferencje i szkolenia\"}]},{\"@type\":\"WebSite\",\"@id\":\"https:\/\/technopark.elk.pl\/#website\",\"url\":\"https:\/\/technopark.elk.pl\/\",\"name\":\"Technopark\",\"description\":\"Park Naukowo-Technologiczny w E\u0142ku\",\"potentialAction\":[{\"@type\":\"SearchAction\",\"target\":{\"@type\":\"EntryPoint\",\"urlTemplate\":\"https:\/\/technopark.elk.pl\/?s={search_term_string}\"},\"query-input\":\"required name=search_term_string\"}],\"inLanguage\":\"en-US\"}]}<\/script>\n<!-- \/ Yoast SEO plugin. -->","yoast_head_json":{"title":"Konferencje i szkolenia - Technopark","robots":{"index":"index","follow":"follow","max-snippet":"max-snippet:-1","max-image-preview":"max-image-preview:large","max-video-preview":"max-video-preview:-1"},"canonical":"https:\/\/technopark.elk.pl\/en\/oferta\/konferencje-i-szkolenia-3\/","og_locale":"en_US","og_type":"article","og_title":"Konferencje i szkolenia - Technopark","og_description":"WYNAJEM SAL KONFERENCYJNYCH Park Naukowo-Technologiczny w E\u0142ku oferuje trzy sale wystawienniczo \u2013 konferencyjne: &nbsp;&#8211; Sala konferencyjna (do 100 os\u00f3b) &#8211; Sala szkoleniowa (do 20 os\u00f3b) &#8211; Sala biznesowa (do 8 os\u00f3b) Park jest idealnym miejscem do organizacji, spotka\u0144 biznesowych, konferencji, szkole\u0144, warsztat\u00f3w czy profesjonalnych prezentacji. Udost\u0119pniamy Pa\u0144stwu przestronne, klimatyzowane sale, wyposa\u017cone w sprz\u0119t multimedialny i [&hellip;]","og_url":"https:\/\/technopark.elk.pl\/oferta\/konferencje-i-szkolenia-3\/","og_site_name":"Technopark","article_publisher":"https:\/\/www.facebook.com\/technopark.elk","article_modified_time":"2026-04-01T07:24:06+00:00","og_image":[{"url":"https:\/\/technopark.elk.pl\/wp-content\/uploads\/2020\/10\/DSC_6576-1-300x200.jpg"}],"twitter_card":"summary_large_image","twitter_misc":{"Est. reading time":"2 minutes"},"schema":{"@context":"https:\/\/schema.org","@graph":[{"@type":"WebPage","@id":"https:\/\/technopark.elk.pl\/oferta\/konferencje-i-szkolenia-3\/","url":"https:\/\/technopark.elk.pl\/oferta\/konferencje-i-szkolenia-3\/","name":"Konferencje i szkolenia - Technopark","isPartOf":{"@id":"https:\/\/technopark.elk.pl\/#website"},"primaryImageOfPage":{"@id":"https:\/\/technopark.elk.pl\/oferta\/konferencje-i-szkolenia-3\/#primaryimage"},"image":{"@id":"https:\/\/technopark.elk.pl\/oferta\/konferencje-i-szkolenia-3\/#primaryimage"},"thumbnailUrl":"https:\/\/technopark.elk.pl\/wp-content\/uploads\/2020\/10\/DSC_6576-1-300x200.jpg","datePublished":"2018-04-19T11:42:30+00:00","dateModified":"2026-04-01T07:24:06+00:00","breadcrumb":{"@id":"https:\/\/technopark.elk.pl\/oferta\/konferencje-i-szkolenia-3\/#breadcrumb"},"inLanguage":"en-US","potentialAction":[{"@type":"ReadAction","target":["https:\/\/technopark.elk.pl\/oferta\/konferencje-i-szkolenia-3\/"]}]},{"@type":"ImageObject","inLanguage":"en-US","@id":"https:\/\/technopark.elk.pl\/oferta\/konferencje-i-szkolenia-3\/#primaryimage","url":"https:\/\/technopark.elk.pl\/wp-content\/uploads\/2020\/10\/DSC_6576-1-300x200.jpg","contentUrl":"https:\/\/technopark.elk.pl\/wp-content\/uploads\/2020\/10\/DSC_6576-1-300x200.jpg"},{"@type":"BreadcrumbList","@id":"https:\/\/technopark.elk.pl\/oferta\/konferencje-i-szkolenia-3\/#breadcrumb","itemListElement":[{"@type":"ListItem","position":1,"name":"Strona g\u0142\u00f3wna","item":"https:\/\/technopark.elk.pl\/en\/"},{"@type":"ListItem","position":2,"name":"Oferta","item":"https:\/\/technopark.elk.pl\/oferta\/"},{"@type":"ListItem","position":3,"name":"Konferencje i szkolenia"}]},{"@type":"WebSite","@id":"https:\/\/technopark.elk.pl\/#website","url":"https:\/\/technopark.elk.pl\/","name":"Technopark","description":"Park Naukowo-Technologiczny w E\u0142ku","potentialAction":[{"@type":"SearchAction","target":{"@type":"EntryPoint","urlTemplate":"https:\/\/technopark.elk.pl\/?s={search_term_string}"},"query-input":"required name=search_term_string"}],"inLanguage":"en-US"}]}},"_links":{"self":[{"href":"https:\/\/technopark.elk.pl\/en\/wp-json\/wp\/v2\/pages\/90"}],"collection":[{"href":"https:\/\/technopark.elk.pl\/en\/wp-json\/wp\/v2\/pages"}],"about":[{"href":"https:\/\/technopark.elk.pl\/en\/wp-json\/wp\/v2\/types\/page"}],"author":[{"embeddable":true,"href":"https:\/\/technopark.elk.pl\/en\/wp-json\/wp\/v2\/users\/4"}],"replies":[{"embeddable":true,"href":"https:\/\/technopark.elk.pl\/en\/wp-json\/wp\/v2\/comments?post=90"}],"version-history":[{"count":41,"href":"https:\/\/technopark.elk.pl\/en\/wp-json\/wp\/v2\/pages\/90\/revisions"}],"predecessor-version":[{"id":16610,"href":"https:\/\/technopark.elk.pl\/en\/wp-json\/wp\/v2\/pages\/90\/revisions\/16610"}],"up":[{"embeddable":true,"href":"https:\/\/technopark.elk.pl\/en\/wp-json\/wp\/v2\/pages\/66"}],"wp:attachment":[{"href":"https:\/\/technopark.elk.pl\/en\/wp-json\/wp\/v2\/media?parent=90"}],"wp:term":[{"taxonomy":"folder","embeddable":true,"href":"https:\/\/technopark.elk.pl\/en\/wp-json\/wp\/v2\/folder?post=90"}],"curies":[{"name":"wp","href":"https:\/\/api.w.org\/{rel}","templated":true}]}}