{"id":8810,"date":"2021-03-02T15:46:54","date_gmt":"2021-03-02T14:46:54","guid":{"rendered":"https:\/\/serwer2632961.hosting-home.pl\/?page_id=8810"},"modified":"2026-04-28T13:23:59","modified_gmt":"2026-04-28T11:23:59","slug":"e-pracownik","status":"publish","type":"page","link":"https:\/\/technopark.elk.pl\/en\/e-pracownik\/","title":{"rendered":"e-pracownik"},"content":{"rendered":"<p><\/p>\n<h3 style=\"text-align: center;\">&nbsp;<\/h3>\n<table style=\"border-collapse: collapse; width: 83.5811%; height: 148px;\">\n<tbody>\n<tr>\n<td style=\"width: 27.5665%; text-align: center;\">&nbsp;<\/td>\n<td style=\"width: 61.4208%; text-align: center;\">\n<h3 style=\"text-align: center;\">Narz\u0119dzia i wa\u017cne linki:<\/h3>\n<\/td>\n<\/tr>\n<tr style=\"height: 98px;\">\n<td style=\"width: 27.5665%; text-align: center; height: 98px;\"><a href=\"http:\/\/s1.lokoz.com\/roundcube\/?_task=mail&amp;_mbox=INBOX\"><img decoding=\"async\" loading=\"lazy\" class=\"aligncenter size-full wp-image-10827\" src=\"https:\/\/technopark.elk.pl\/wp-content\/uploads\/2022\/03\/roundcube.gif\" alt=\"roundcube\" width=\"112\" height=\"50\"><\/a><\/td>\n<td style=\"width: 61.4208%; text-align: center; height: 98px;\"><a href=\"http:\/\/s1.lokoz.com\/roundcube\/?_task=mail&amp;_mbox=INBOX\">Poczta firmowa PNT w E\u0142ku<\/a><\/td>\n<\/tr>\n<tr style=\"height: 50px;\">\n<td style=\"width: 27.5665%; text-align: center; height: 50px;\"><a href=\"https:\/\/cert.pl\/uploads\/docs\/CERT_Polska_Bezpieczna_poczta_i_konta_spolecznosciowe.pdf\"><img decoding=\"async\" loading=\"lazy\" class=\"aligncenter size-full wp-image-10825\" src=\"https:\/\/technopark.elk.pl\/wp-content\/uploads\/2022\/03\/cert.gif\" alt=\"cert.pl\" width=\"147\" height=\"50\" srcset=\"https:\/\/technopark.elk.pl\/wp-content\/uploads\/2022\/03\/cert.gif 147w, https:\/\/technopark.elk.pl\/wp-content\/uploads\/2022\/03\/cert-120x41.gif 120w\" sizes=\"(max-width: 147px) 100vw, 147px\" \/><\/a><\/td>\n<td style=\"width: 61.4208%; text-align: center; height: 50px;\"><a href=\"https:\/\/cert.pl\/uploads\/docs\/CERT_Polska_Bezpieczna_poczta_i_konta_spolecznosciowe.pdf\">ZASADY BEZPIECZNEGO u\u017cytkowania poczty elektronicznej i medi\u00f3w spo\u0142eczno\u015bciowych <\/a><\/td>\n<\/tr>\n<tr>\n<td style=\"width: 27.5665%; text-align: center;\"><a href=\"http:\/\/s1.lokoz.com\/roundcube\/?_task=mail&amp;_mbox=INBOX\"><img decoding=\"async\" loading=\"lazy\" class=\"aligncenter size-full wp-image-10827\" src=\"https:\/\/technopark.elk.pl\/wp-content\/uploads\/2022\/03\/roundcube.gif\" alt=\"roundcube\" width=\"112\" height=\"50\"><\/a><\/td>\n<td style=\"width: 61.4208%; text-align: center;\"><a href=\"https:\/\/youtu.be\/WVJ1QVlF5qE\" target=\"_blank\" rel=\"noopener\">Zmiana has\u0142a do poczty PNT w E\u0142ku<\/a><\/td>\n<\/tr>\n<\/tbody>\n<\/table>\n<h3 style=\"text-align: center;\">&nbsp;<\/h3>\n<table style=\"border-collapse: collapse; width: 83.5927%; height: 72px;\">\n<tbody>\n<tr>\n<td style=\"width: 28.562%; text-align: center;\">&nbsp;<\/td>\n<td style=\"width: 63.8623%; text-align: center;\">\n<h3 style=\"text-align: center;\">Przydatne:<\/h3>\n<\/td>\n<\/tr>\n<tr>\n<td style=\"width: 28.562%; text-align: center;\"><a href=\"https:\/\/technopark.elk.pl\/wp-content\/uploads\/2022\/03\/logotypPNT.zip\"><img decoding=\"async\" loading=\"lazy\" class=\"aligncenter size-thumbnail wp-image-10831\" src=\"https:\/\/technopark.elk.pl\/wp-content\/uploads\/2022\/03\/logo_graficzne-150x150.png\" alt=\"logo\" width=\"150\" height=\"150\"><\/a><\/td>\n<td style=\"width: 63.8623%; text-align: center;\"><a href=\"https:\/\/technopark.elk.pl\/wp-content\/uploads\/2022\/03\/logotypPNT.zip\">Logotyp PNT w r\u00f3\u017cnych formatach spakowany plik zip<\/a><\/td>\n<\/tr>\n<tr>\n<td style=\"width: 28.562%; text-align: center;\">Produkcja farmy fotowoltaicznej w PNT w E\u0142ku<\/td>\n<td style=\"width: 63.8623%; text-align: center;\"><a href=\"https:\/\/region04eu5.fusionsolar.huawei.com\/pvmswebsite\/nologin\/assets\/build\/index.html#\/kiosk?kk=KnAycuBgLlj6yNuvA3JwMtgca4zCn8CA\" target=\"_blank\" rel=\"noopener\">Fotowoltaika<\/a><\/td>\n<\/tr>\n<tr>\n<td style=\"width: 28.562%; text-align: center;\">Program do przechowywania hase\u0142<\/td>\n<td style=\"width: 63.8623%; text-align: center;\"><a href=\"https:\/\/technopark.elk.pl\/wp-content\/uploads\/2024\/07\/KeePass-2.57-Setup.zip\">KeePass &#8211; wersja instalacyjna<\/a> &nbsp;&nbsp; &nbsp;&nbsp; <a href=\"https:\/\/technopark.elk.pl\/wp-content\/uploads\/2024\/07\/KeePass-2.57-portable.zip\">KeePass &#8211; wersja portable nie wymagaj\u0105ca instalacji<\/a><\/td>\n<\/tr>\n<\/tbody>\n<\/table>\n<p><\/p>","protected":false},"excerpt":{"rendered":"<p>&nbsp; &nbsp; Narz\u0119dzia i wa\u017cne linki: Poczta firmowa PNT w E\u0142ku ZASADY BEZPIECZNEGO u\u017cytkowania poczty elektronicznej i medi\u00f3w spo\u0142eczno\u015bciowych Zmiana has\u0142a do poczty PNT w E\u0142ku &nbsp; &nbsp; Przydatne: Logotyp PNT w r\u00f3\u017cnych formatach spakowany plik zip Produkcja farmy fotowoltaicznej w PNT w E\u0142ku Fotowoltaika Program do przechowywania hase\u0142 KeePass &#8211; wersja instalacyjna &nbsp;&nbsp; &nbsp;&nbsp; [&hellip;]<\/p>\n","protected":false},"author":4,"featured_media":0,"parent":0,"menu_order":0,"comment_status":"closed","ping_status":"closed","template":"","meta":{"footnotes":""},"folder":[],"acf":[],"yoast_head":"<!-- This site is optimized with the Yoast SEO plugin v22.6 - https:\/\/yoast.com\/wordpress\/plugins\/seo\/ -->\n<title>e-pracownik - Technopark<\/title>\n<meta name=\"robots\" content=\"index, follow, max-snippet:-1, max-image-preview:large, max-video-preview:-1\" \/>\n<link rel=\"canonical\" href=\"https:\/\/technopark.elk.pl\/en\/e-pracownik\/\" \/>\n<meta property=\"og:locale\" content=\"en_US\" \/>\n<meta property=\"og:type\" content=\"article\" \/>\n<meta property=\"og:title\" content=\"e-pracownik - Technopark\" \/>\n<meta property=\"og:description\" content=\"&nbsp; &nbsp; Narz\u0119dzia i wa\u017cne linki: Poczta firmowa PNT w E\u0142ku ZASADY BEZPIECZNEGO u\u017cytkowania poczty elektronicznej i medi\u00f3w spo\u0142eczno\u015bciowych Zmiana has\u0142a do poczty PNT w E\u0142ku &nbsp; &nbsp; Przydatne: Logotyp PNT w r\u00f3\u017cnych formatach spakowany plik zip Produkcja farmy fotowoltaicznej w PNT w E\u0142ku Fotowoltaika Program do przechowywania hase\u0142 KeePass &#8211; wersja instalacyjna &nbsp;&nbsp; &nbsp;&nbsp; [&hellip;]\" \/>\n<meta property=\"og:url\" content=\"https:\/\/technopark.elk.pl\/e-pracownik\/\" \/>\n<meta property=\"og:site_name\" content=\"Technopark\" \/>\n<meta property=\"article:publisher\" content=\"https:\/\/www.facebook.com\/technopark.elk\" \/>\n<meta property=\"article:modified_time\" content=\"2026-04-28T11:23:59+00:00\" \/>\n<meta property=\"og:image\" content=\"https:\/\/technopark.elk.pl\/wp-content\/uploads\/2022\/03\/roundcube.gif\" \/>\n<meta name=\"twitter:card\" content=\"summary_large_image\" \/>\n<meta name=\"twitter:label1\" content=\"Est. reading time\" \/>\n\t<meta name=\"twitter:data1\" content=\"2 minutes\" \/>\n<script type=\"application\/ld+json\" class=\"yoast-schema-graph\">{\"@context\":\"https:\/\/schema.org\",\"@graph\":[{\"@type\":\"WebPage\",\"@id\":\"https:\/\/technopark.elk.pl\/e-pracownik\/\",\"url\":\"https:\/\/technopark.elk.pl\/e-pracownik\/\",\"name\":\"e-pracownik - Technopark\",\"isPartOf\":{\"@id\":\"https:\/\/technopark.elk.pl\/#website\"},\"primaryImageOfPage\":{\"@id\":\"https:\/\/technopark.elk.pl\/e-pracownik\/#primaryimage\"},\"image\":{\"@id\":\"https:\/\/technopark.elk.pl\/e-pracownik\/#primaryimage\"},\"thumbnailUrl\":\"https:\/\/technopark.elk.pl\/wp-content\/uploads\/2022\/03\/roundcube.gif\",\"datePublished\":\"2021-03-02T14:46:54+00:00\",\"dateModified\":\"2026-04-28T11:23:59+00:00\",\"breadcrumb\":{\"@id\":\"https:\/\/technopark.elk.pl\/e-pracownik\/#breadcrumb\"},\"inLanguage\":\"en-US\",\"potentialAction\":[{\"@type\":\"ReadAction\",\"target\":[\"https:\/\/technopark.elk.pl\/e-pracownik\/\"]}]},{\"@type\":\"ImageObject\",\"inLanguage\":\"en-US\",\"@id\":\"https:\/\/technopark.elk.pl\/e-pracownik\/#primaryimage\",\"url\":\"https:\/\/technopark.elk.pl\/wp-content\/uploads\/2022\/03\/roundcube.gif\",\"contentUrl\":\"https:\/\/technopark.elk.pl\/wp-content\/uploads\/2022\/03\/roundcube.gif\"},{\"@type\":\"BreadcrumbList\",\"@id\":\"https:\/\/technopark.elk.pl\/e-pracownik\/#breadcrumb\",\"itemListElement\":[{\"@type\":\"ListItem\",\"position\":1,\"name\":\"Strona g\u0142\u00f3wna\",\"item\":\"https:\/\/technopark.elk.pl\/en\/\"},{\"@type\":\"ListItem\",\"position\":2,\"name\":\"e-pracownik\"}]},{\"@type\":\"WebSite\",\"@id\":\"https:\/\/technopark.elk.pl\/#website\",\"url\":\"https:\/\/technopark.elk.pl\/\",\"name\":\"Technopark\",\"description\":\"Park Naukowo-Technologiczny w E\u0142ku\",\"potentialAction\":[{\"@type\":\"SearchAction\",\"target\":{\"@type\":\"EntryPoint\",\"urlTemplate\":\"https:\/\/technopark.elk.pl\/?s={search_term_string}\"},\"query-input\":\"required name=search_term_string\"}],\"inLanguage\":\"en-US\"}]}<\/script>\n<!-- \/ Yoast SEO plugin. -->","yoast_head_json":{"title":"e-pracownik - Technopark","robots":{"index":"index","follow":"follow","max-snippet":"max-snippet:-1","max-image-preview":"max-image-preview:large","max-video-preview":"max-video-preview:-1"},"canonical":"https:\/\/technopark.elk.pl\/en\/e-pracownik\/","og_locale":"en_US","og_type":"article","og_title":"e-pracownik - Technopark","og_description":"&nbsp; &nbsp; Narz\u0119dzia i wa\u017cne linki: Poczta firmowa PNT w E\u0142ku ZASADY BEZPIECZNEGO u\u017cytkowania poczty elektronicznej i medi\u00f3w spo\u0142eczno\u015bciowych Zmiana has\u0142a do poczty PNT w E\u0142ku &nbsp; &nbsp; Przydatne: Logotyp PNT w r\u00f3\u017cnych formatach spakowany plik zip Produkcja farmy fotowoltaicznej w PNT w E\u0142ku Fotowoltaika Program do przechowywania hase\u0142 KeePass &#8211; wersja instalacyjna &nbsp;&nbsp; &nbsp;&nbsp; [&hellip;]","og_url":"https:\/\/technopark.elk.pl\/e-pracownik\/","og_site_name":"Technopark","article_publisher":"https:\/\/www.facebook.com\/technopark.elk","article_modified_time":"2026-04-28T11:23:59+00:00","og_image":[{"url":"https:\/\/technopark.elk.pl\/wp-content\/uploads\/2022\/03\/roundcube.gif"}],"twitter_card":"summary_large_image","twitter_misc":{"Est. reading time":"2 minutes"},"schema":{"@context":"https:\/\/schema.org","@graph":[{"@type":"WebPage","@id":"https:\/\/technopark.elk.pl\/e-pracownik\/","url":"https:\/\/technopark.elk.pl\/e-pracownik\/","name":"e-pracownik - Technopark","isPartOf":{"@id":"https:\/\/technopark.elk.pl\/#website"},"primaryImageOfPage":{"@id":"https:\/\/technopark.elk.pl\/e-pracownik\/#primaryimage"},"image":{"@id":"https:\/\/technopark.elk.pl\/e-pracownik\/#primaryimage"},"thumbnailUrl":"https:\/\/technopark.elk.pl\/wp-content\/uploads\/2022\/03\/roundcube.gif","datePublished":"2021-03-02T14:46:54+00:00","dateModified":"2026-04-28T11:23:59+00:00","breadcrumb":{"@id":"https:\/\/technopark.elk.pl\/e-pracownik\/#breadcrumb"},"inLanguage":"en-US","potentialAction":[{"@type":"ReadAction","target":["https:\/\/technopark.elk.pl\/e-pracownik\/"]}]},{"@type":"ImageObject","inLanguage":"en-US","@id":"https:\/\/technopark.elk.pl\/e-pracownik\/#primaryimage","url":"https:\/\/technopark.elk.pl\/wp-content\/uploads\/2022\/03\/roundcube.gif","contentUrl":"https:\/\/technopark.elk.pl\/wp-content\/uploads\/2022\/03\/roundcube.gif"},{"@type":"BreadcrumbList","@id":"https:\/\/technopark.elk.pl\/e-pracownik\/#breadcrumb","itemListElement":[{"@type":"ListItem","position":1,"name":"Strona g\u0142\u00f3wna","item":"https:\/\/technopark.elk.pl\/en\/"},{"@type":"ListItem","position":2,"name":"e-pracownik"}]},{"@type":"WebSite","@id":"https:\/\/technopark.elk.pl\/#website","url":"https:\/\/technopark.elk.pl\/","name":"Technopark","description":"Park Naukowo-Technologiczny w E\u0142ku","potentialAction":[{"@type":"SearchAction","target":{"@type":"EntryPoint","urlTemplate":"https:\/\/technopark.elk.pl\/?s={search_term_string}"},"query-input":"required name=search_term_string"}],"inLanguage":"en-US"}]}},"_links":{"self":[{"href":"https:\/\/technopark.elk.pl\/en\/wp-json\/wp\/v2\/pages\/8810"}],"collection":[{"href":"https:\/\/technopark.elk.pl\/en\/wp-json\/wp\/v2\/pages"}],"about":[{"href":"https:\/\/technopark.elk.pl\/en\/wp-json\/wp\/v2\/types\/page"}],"author":[{"embeddable":true,"href":"https:\/\/technopark.elk.pl\/en\/wp-json\/wp\/v2\/users\/4"}],"replies":[{"embeddable":true,"href":"https:\/\/technopark.elk.pl\/en\/wp-json\/wp\/v2\/comments?post=8810"}],"version-history":[{"count":35,"href":"https:\/\/technopark.elk.pl\/en\/wp-json\/wp\/v2\/pages\/8810\/revisions"}],"predecessor-version":[{"id":16828,"href":"https:\/\/technopark.elk.pl\/en\/wp-json\/wp\/v2\/pages\/8810\/revisions\/16828"}],"wp:attachment":[{"href":"https:\/\/technopark.elk.pl\/en\/wp-json\/wp\/v2\/media?parent=8810"}],"wp:term":[{"taxonomy":"folder","embeddable":true,"href":"https:\/\/technopark.elk.pl\/en\/wp-json\/wp\/v2\/folder?post=8810"}],"curies":[{"name":"wp","href":"https:\/\/api.w.org\/{rel}","templated":true}]}}