{"id":82,"date":"2018-04-19T13:39:22","date_gmt":"2018-04-19T11:39:22","guid":{"rendered":"http:\/\/beta.technopark.elk.pl\/?page_id=82"},"modified":"2026-04-16T09:40:19","modified_gmt":"2026-04-16T07:40:19","slug":"inkubator-przedsiebiorczosci","status":"publish","type":"page","link":"https:\/\/technopark.elk.pl\/en\/oferta\/inkubator-przedsiebiorczosci\/","title":{"rendered":"Inkubator"},"content":{"rendered":"<p><\/p>\n<hr>\n<h3 style=\"text-align: justify;\">Oferta Inkubatora :<\/h3>\n<ul style=\"text-align: justify;\">\n<li>Nowoczesne, przyjazne otoczenie<\/li>\n<li>Opieka naukowa i biznesowa<\/li>\n<li>Doradztwo i wsparcie<\/li>\n<li>U\u0142atwianie wsp\u00f3\u0142pracy z kooperantami<\/li>\n<li>Komfort i bezpiecze\u0144stwo<\/li>\n<li>Dobry adres<\/li>\n<li>Porady prawne<\/li>\n<\/ul>\n<p style=\"text-align: justify;\">Firma pozostaje pod opiek\u0105 Inkubatora Parku Naukowo-Technologicznego w E\u0142ku przez 3 lata. W ci\u0105gu tych 3 lat, inkubowana firma korzysta przede wszystkim z preferencyjnych stawek czynszu, kt\u00f3re kszta\u0142tuj\u0105 si\u0119 nast\u0119puj\u0105co:<\/p>\n<ul>\n<li style=\"text-align: justify;\">I rok inkubacji &#8211; 75% zni\u017cki,<\/li>\n<li style=\"text-align: justify;\">II rok inkubacji &#8211; 50% zni\u017cki,<\/li>\n<li style=\"text-align: justify;\">III rok inkubacji &#8211; 20% zni\u017cki w przypadku powierzchni biurowej i 25% zni\u017cki w przypadku powierzchni produkcyjnej.<\/li>\n<\/ul>\n<p style=\"text-align: justify;\">Po zako\u0144czeniu inkubacji firma ma prawo pozosta\u0107 w Parku op\u0142acaj\u0105c 100% stawk\u0119 czynszu wynosz\u0105c\u0105 36,00 z\u0142\/m<sup>2<\/sup>. Szczeg\u00f3\u0142owe stawki znajduj\u0105 si\u0119 w <strong><a href=\"https:\/\/technopark.elk.pl\/wp-content\/uploads\/2024\/09\/CENNIK-PNT_01042024_zmiana-23092024.pdf\">cenniku<\/a>, <\/strong>kt\u00f3ry obowi\u0105zuje <strong>od 1 kwietnia 2024 r.<\/strong><\/p>\n<hr>\n<p style=\"text-align: justify;\">Do pobrania KOMPLET DOKUMENT\u00d3W APLIKACYJNYCH:<\/p>\n<ol>\n<li><a href=\"https:\/\/technopark.elk.pl\/wp-content\/uploads\/2024\/07\/Regulamin-uzytkownikow-PNT.pdf\">Regulamin u\u017cytkownik\u00f3w PNT.pdf<\/a><\/li>\n<li><a href=\"https:\/\/technopark.elk.pl\/wp-content\/uploads\/2024\/07\/Inkubacja-Regulamin-Inkubacji-IPPNT.pdf\">Inkubacja Regulamin IPPNT.pdf<\/a><\/li>\n<li><a href=\"https:\/\/technopark.elk.pl\/wp-content\/uploads\/2024\/07\/INKUBACJA-komplet-dokumentow-24-07-2024.zip\">Inkubacja komplet dokument\u00f3w 24-07-2024.zip<\/a><\/li>\n<\/ol>\n<p>&nbsp;<\/p>\n<p>Kontakt w sprawie INKUBATORA pod numerem telefonu: 87 732 63 03&nbsp;<\/p>","protected":false},"excerpt":{"rendered":"<p>Oferta Inkubatora : Nowoczesne, przyjazne otoczenie Opieka naukowa i biznesowa Doradztwo i wsparcie U\u0142atwianie wsp\u00f3\u0142pracy z kooperantami Komfort i bezpiecze\u0144stwo Dobry adres Porady prawne Firma pozostaje pod opiek\u0105 Inkubatora Parku Naukowo-Technologicznego w E\u0142ku przez 3 lata. W ci\u0105gu tych 3 lat, inkubowana firma korzysta przede wszystkim z preferencyjnych stawek czynszu, kt\u00f3re kszta\u0142tuj\u0105 si\u0119 nast\u0119puj\u0105co: I [&hellip;]<\/p>\n","protected":false},"author":4,"featured_media":5011,"parent":66,"menu_order":1,"comment_status":"closed","ping_status":"closed","template":"","meta":{"footnotes":""},"folder":[],"acf":[],"yoast_head":"<!-- This site is optimized with the Yoast SEO plugin v22.6 - https:\/\/yoast.com\/wordpress\/plugins\/seo\/ -->\n<title>Inkubator - Technopark<\/title>\n<meta name=\"robots\" content=\"index, follow, max-snippet:-1, max-image-preview:large, max-video-preview:-1\" \/>\n<link rel=\"canonical\" href=\"https:\/\/technopark.elk.pl\/en\/oferta\/inkubator-przedsiebiorczosci\/\" \/>\n<meta property=\"og:locale\" content=\"en_US\" \/>\n<meta property=\"og:type\" content=\"article\" \/>\n<meta property=\"og:title\" content=\"Inkubator - Technopark\" \/>\n<meta property=\"og:description\" content=\"Oferta Inkubatora : Nowoczesne, przyjazne otoczenie Opieka naukowa i biznesowa Doradztwo i wsparcie U\u0142atwianie wsp\u00f3\u0142pracy z kooperantami Komfort i bezpiecze\u0144stwo Dobry adres Porady prawne Firma pozostaje pod opiek\u0105 Inkubatora Parku Naukowo-Technologicznego w E\u0142ku przez 3 lata. W ci\u0105gu tych 3 lat, inkubowana firma korzysta przede wszystkim z preferencyjnych stawek czynszu, kt\u00f3re kszta\u0142tuj\u0105 si\u0119 nast\u0119puj\u0105co: I [&hellip;]\" \/>\n<meta property=\"og:url\" content=\"https:\/\/technopark.elk.pl\/oferta\/inkubator-przedsiebiorczosci\/\" \/>\n<meta property=\"og:site_name\" content=\"Technopark\" \/>\n<meta property=\"article:publisher\" content=\"https:\/\/www.facebook.com\/technopark.elk\" \/>\n<meta property=\"article:modified_time\" content=\"2026-04-16T07:40:19+00:00\" \/>\n<meta property=\"og:image\" content=\"https:\/\/technopark.elk.pl\/wp-content\/uploads\/2018\/05\/MG_8037.jpg\" \/>\n\t<meta property=\"og:image:width\" content=\"1732\" \/>\n\t<meta property=\"og:image:height\" content=\"1155\" \/>\n\t<meta property=\"og:image:type\" content=\"image\/jpeg\" \/>\n<meta name=\"twitter:card\" content=\"summary_large_image\" \/>\n<meta name=\"twitter:label1\" content=\"Est. reading time\" \/>\n\t<meta name=\"twitter:data1\" content=\"2 minutes\" \/>\n<script type=\"application\/ld+json\" class=\"yoast-schema-graph\">{\"@context\":\"https:\/\/schema.org\",\"@graph\":[{\"@type\":\"WebPage\",\"@id\":\"https:\/\/technopark.elk.pl\/oferta\/inkubator-przedsiebiorczosci\/\",\"url\":\"https:\/\/technopark.elk.pl\/oferta\/inkubator-przedsiebiorczosci\/\",\"name\":\"Inkubator - Technopark\",\"isPartOf\":{\"@id\":\"https:\/\/technopark.elk.pl\/#website\"},\"primaryImageOfPage\":{\"@id\":\"https:\/\/technopark.elk.pl\/oferta\/inkubator-przedsiebiorczosci\/#primaryimage\"},\"image\":{\"@id\":\"https:\/\/technopark.elk.pl\/oferta\/inkubator-przedsiebiorczosci\/#primaryimage\"},\"thumbnailUrl\":\"https:\/\/technopark.elk.pl\/wp-content\/uploads\/2018\/05\/MG_8037.jpg\",\"datePublished\":\"2018-04-19T11:39:22+00:00\",\"dateModified\":\"2026-04-16T07:40:19+00:00\",\"breadcrumb\":{\"@id\":\"https:\/\/technopark.elk.pl\/oferta\/inkubator-przedsiebiorczosci\/#breadcrumb\"},\"inLanguage\":\"en-US\",\"potentialAction\":[{\"@type\":\"ReadAction\",\"target\":[\"https:\/\/technopark.elk.pl\/oferta\/inkubator-przedsiebiorczosci\/\"]}]},{\"@type\":\"ImageObject\",\"inLanguage\":\"en-US\",\"@id\":\"https:\/\/technopark.elk.pl\/oferta\/inkubator-przedsiebiorczosci\/#primaryimage\",\"url\":\"https:\/\/technopark.elk.pl\/wp-content\/uploads\/2018\/05\/MG_8037.jpg\",\"contentUrl\":\"https:\/\/technopark.elk.pl\/wp-content\/uploads\/2018\/05\/MG_8037.jpg\",\"width\":1732,\"height\":1155},{\"@type\":\"BreadcrumbList\",\"@id\":\"https:\/\/technopark.elk.pl\/oferta\/inkubator-przedsiebiorczosci\/#breadcrumb\",\"itemListElement\":[{\"@type\":\"ListItem\",\"position\":1,\"name\":\"Strona g\u0142\u00f3wna\",\"item\":\"https:\/\/technopark.elk.pl\/en\/\"},{\"@type\":\"ListItem\",\"position\":2,\"name\":\"Oferta\",\"item\":\"https:\/\/technopark.elk.pl\/oferta\/\"},{\"@type\":\"ListItem\",\"position\":3,\"name\":\"Inkubator\"}]},{\"@type\":\"WebSite\",\"@id\":\"https:\/\/technopark.elk.pl\/#website\",\"url\":\"https:\/\/technopark.elk.pl\/\",\"name\":\"Technopark\",\"description\":\"Park Naukowo-Technologiczny w E\u0142ku\",\"potentialAction\":[{\"@type\":\"SearchAction\",\"target\":{\"@type\":\"EntryPoint\",\"urlTemplate\":\"https:\/\/technopark.elk.pl\/?s={search_term_string}\"},\"query-input\":\"required name=search_term_string\"}],\"inLanguage\":\"en-US\"}]}<\/script>\n<!-- \/ Yoast SEO plugin. -->","yoast_head_json":{"title":"Inkubator - Technopark","robots":{"index":"index","follow":"follow","max-snippet":"max-snippet:-1","max-image-preview":"max-image-preview:large","max-video-preview":"max-video-preview:-1"},"canonical":"https:\/\/technopark.elk.pl\/en\/oferta\/inkubator-przedsiebiorczosci\/","og_locale":"en_US","og_type":"article","og_title":"Inkubator - Technopark","og_description":"Oferta Inkubatora : Nowoczesne, przyjazne otoczenie Opieka naukowa i biznesowa Doradztwo i wsparcie U\u0142atwianie wsp\u00f3\u0142pracy z kooperantami Komfort i bezpiecze\u0144stwo Dobry adres Porady prawne Firma pozostaje pod opiek\u0105 Inkubatora Parku Naukowo-Technologicznego w E\u0142ku przez 3 lata. W ci\u0105gu tych 3 lat, inkubowana firma korzysta przede wszystkim z preferencyjnych stawek czynszu, kt\u00f3re kszta\u0142tuj\u0105 si\u0119 nast\u0119puj\u0105co: I [&hellip;]","og_url":"https:\/\/technopark.elk.pl\/oferta\/inkubator-przedsiebiorczosci\/","og_site_name":"Technopark","article_publisher":"https:\/\/www.facebook.com\/technopark.elk","article_modified_time":"2026-04-16T07:40:19+00:00","og_image":[{"width":1732,"height":1155,"url":"https:\/\/technopark.elk.pl\/wp-content\/uploads\/2018\/05\/MG_8037.jpg","type":"image\/jpeg"}],"twitter_card":"summary_large_image","twitter_misc":{"Est. reading time":"2 minutes"},"schema":{"@context":"https:\/\/schema.org","@graph":[{"@type":"WebPage","@id":"https:\/\/technopark.elk.pl\/oferta\/inkubator-przedsiebiorczosci\/","url":"https:\/\/technopark.elk.pl\/oferta\/inkubator-przedsiebiorczosci\/","name":"Inkubator - Technopark","isPartOf":{"@id":"https:\/\/technopark.elk.pl\/#website"},"primaryImageOfPage":{"@id":"https:\/\/technopark.elk.pl\/oferta\/inkubator-przedsiebiorczosci\/#primaryimage"},"image":{"@id":"https:\/\/technopark.elk.pl\/oferta\/inkubator-przedsiebiorczosci\/#primaryimage"},"thumbnailUrl":"https:\/\/technopark.elk.pl\/wp-content\/uploads\/2018\/05\/MG_8037.jpg","datePublished":"2018-04-19T11:39:22+00:00","dateModified":"2026-04-16T07:40:19+00:00","breadcrumb":{"@id":"https:\/\/technopark.elk.pl\/oferta\/inkubator-przedsiebiorczosci\/#breadcrumb"},"inLanguage":"en-US","potentialAction":[{"@type":"ReadAction","target":["https:\/\/technopark.elk.pl\/oferta\/inkubator-przedsiebiorczosci\/"]}]},{"@type":"ImageObject","inLanguage":"en-US","@id":"https:\/\/technopark.elk.pl\/oferta\/inkubator-przedsiebiorczosci\/#primaryimage","url":"https:\/\/technopark.elk.pl\/wp-content\/uploads\/2018\/05\/MG_8037.jpg","contentUrl":"https:\/\/technopark.elk.pl\/wp-content\/uploads\/2018\/05\/MG_8037.jpg","width":1732,"height":1155},{"@type":"BreadcrumbList","@id":"https:\/\/technopark.elk.pl\/oferta\/inkubator-przedsiebiorczosci\/#breadcrumb","itemListElement":[{"@type":"ListItem","position":1,"name":"Strona g\u0142\u00f3wna","item":"https:\/\/technopark.elk.pl\/en\/"},{"@type":"ListItem","position":2,"name":"Oferta","item":"https:\/\/technopark.elk.pl\/oferta\/"},{"@type":"ListItem","position":3,"name":"Inkubator"}]},{"@type":"WebSite","@id":"https:\/\/technopark.elk.pl\/#website","url":"https:\/\/technopark.elk.pl\/","name":"Technopark","description":"Park Naukowo-Technologiczny w E\u0142ku","potentialAction":[{"@type":"SearchAction","target":{"@type":"EntryPoint","urlTemplate":"https:\/\/technopark.elk.pl\/?s={search_term_string}"},"query-input":"required name=search_term_string"}],"inLanguage":"en-US"}]}},"_links":{"self":[{"href":"https:\/\/technopark.elk.pl\/en\/wp-json\/wp\/v2\/pages\/82"}],"collection":[{"href":"https:\/\/technopark.elk.pl\/en\/wp-json\/wp\/v2\/pages"}],"about":[{"href":"https:\/\/technopark.elk.pl\/en\/wp-json\/wp\/v2\/types\/page"}],"author":[{"embeddable":true,"href":"https:\/\/technopark.elk.pl\/en\/wp-json\/wp\/v2\/users\/4"}],"replies":[{"embeddable":true,"href":"https:\/\/technopark.elk.pl\/en\/wp-json\/wp\/v2\/comments?post=82"}],"version-history":[{"count":47,"href":"https:\/\/technopark.elk.pl\/en\/wp-json\/wp\/v2\/pages\/82\/revisions"}],"predecessor-version":[{"id":16761,"href":"https:\/\/technopark.elk.pl\/en\/wp-json\/wp\/v2\/pages\/82\/revisions\/16761"}],"up":[{"embeddable":true,"href":"https:\/\/technopark.elk.pl\/en\/wp-json\/wp\/v2\/pages\/66"}],"wp:featuredmedia":[{"embeddable":true,"href":"https:\/\/technopark.elk.pl\/en\/wp-json\/wp\/v2\/media\/5011"}],"wp:attachment":[{"href":"https:\/\/technopark.elk.pl\/en\/wp-json\/wp\/v2\/media?parent=82"}],"wp:term":[{"taxonomy":"folder","embeddable":true,"href":"https:\/\/technopark.elk.pl\/en\/wp-json\/wp\/v2\/folder?post=82"}],"curies":[{"name":"wp","href":"https:\/\/api.w.org\/{rel}","templated":true}]}}