{"id":7819,"date":"2020-03-16T21:32:06","date_gmt":"2020-03-16T20:32:06","guid":{"rendered":"http:\/\/technopark.elk.pl\/?page_id=7819"},"modified":"2026-02-11T08:35:22","modified_gmt":"2026-02-11T07:35:22","slug":"lokatorzy-obecni","status":"publish","type":"page","link":"https:\/\/technopark.elk.pl\/en\/firmy\/lokatorzy-obecni\/","title":{"rendered":"Lokatorzy obecni"},"content":{"rendered":"<p><\/p>\n<h2 style=\"text-align: center;\">Lokatorzy PNT w E\u0142ku<\/h2>\n<p>\u200b<\/p>\n<table style=\"border-collapse: collapse; width: 100%; height: 519px;\">\n<tbody>\n<tr style=\"height: 120px;\">\n<td style=\"width: 17.6389%; text-align: center; height: 120px;\"><a href=\"https:\/\/www.chargein.pl\/o-nas\/\" target=\"_blank\" rel=\"noopener\"><img decoding=\"async\" loading=\"lazy\" class=\"aligncenter wp-image-12657 size-full\" src=\"https:\/\/technopark.elk.pl\/wp-content\/uploads\/2023\/11\/chargein1.png\" alt=\"Chargein\" width=\"226\" height=\"114\" srcset=\"https:\/\/technopark.elk.pl\/wp-content\/uploads\/2023\/11\/chargein1.png 226w, https:\/\/technopark.elk.pl\/wp-content\/uploads\/2023\/11\/chargein1-160x81.png 160w, https:\/\/technopark.elk.pl\/wp-content\/uploads\/2023\/11\/chargein1-120x61.png 120w\" sizes=\"(max-width: 226px) 100vw, 226px\" \/><\/a><\/td>\n<td style=\"width: 49.0277%; text-align: center; height: 120px;\">Chargein Distribution Sp. z o.o.<\/td>\n<td style=\"width: 33.3333%; height: 120px;\">biuro@chargein.pl<\/td>\n<\/tr>\n<tr style=\"height: 24px;\">\n<td style=\"width: 17.6389%; text-align: center; height: 24px;\"><a href=\"http:\/\/www.abcrental.pl\" target=\"_blank\" rel=\"noopener\"><img decoding=\"async\" loading=\"lazy\" class=\"aligncenter size-full wp-image-12696\" src=\"https:\/\/technopark.elk.pl\/wp-content\/uploads\/2023\/12\/obraz_2023-12-07_142702078.png\" alt=\"abcrental\" width=\"400\" height=\"144\" srcset=\"https:\/\/technopark.elk.pl\/wp-content\/uploads\/2023\/12\/obraz_2023-12-07_142702078.png 400w, https:\/\/technopark.elk.pl\/wp-content\/uploads\/2023\/12\/obraz_2023-12-07_142702078-300x108.png 300w, https:\/\/technopark.elk.pl\/wp-content\/uploads\/2023\/12\/obraz_2023-12-07_142702078-160x58.png 160w, https:\/\/technopark.elk.pl\/wp-content\/uploads\/2023\/12\/obraz_2023-12-07_142702078-120x43.png 120w\" sizes=\"(max-width: 400px) 100vw, 400px\" \/><\/a><\/td>\n<td style=\"width: 49.0277%; text-align: center; height: 24px;\">ABC Rental Wypo\u017cyczalnia Maszyn Halina Cho\u0142ko<\/td>\n<td style=\"width: 33.3333%; height: 24px;\">abc.abcrental@gmail.com<\/td>\n<\/tr>\n<tr style=\"height: 76px;\">\n<td style=\"width: 17.6389%; text-align: center; height: 76px;\"><a href=\"http:\/\/baslighting.pl\/\" target=\"_blank\" rel=\"noopener\"><img decoding=\"async\" loading=\"lazy\" class=\"aligncenter wp-image-12477 size-full\" src=\"https:\/\/technopark.elk.pl\/wp-content\/uploads\/2023\/09\/baslighting-logo.jpg\" alt=\"\" width=\"226\" height=\"76\" srcset=\"https:\/\/technopark.elk.pl\/wp-content\/uploads\/2023\/09\/baslighting-logo.jpg 226w, https:\/\/technopark.elk.pl\/wp-content\/uploads\/2023\/09\/baslighting-logo-160x54.jpg 160w, https:\/\/technopark.elk.pl\/wp-content\/uploads\/2023\/09\/baslighting-logo-120x40.jpg 120w\" sizes=\"(max-width: 226px) 100vw, 226px\" \/><\/a><\/td>\n<td style=\"width: 49.0277%; text-align: center; height: 76px;\">Baslighting sp. z o. o.<\/td>\n<td style=\"width: 33.3333%; height: 76px;\">biuro@baslighting.pl<\/td>\n<\/tr>\n<tr style=\"height: 24px;\">\n<td style=\"width: 17.6389%; text-align: center; height: 24px;\">BOATS<\/td>\n<td style=\"width: 49.0277%; text-align: center; height: 24px;\">Boats Id Micha\u0142 Bending<\/td>\n<td style=\"width: 33.3333%; height: 24px;\">michal@boatsid.com<\/td>\n<\/tr>\n<tr style=\"height: 73px;\">\n<td style=\"width: 17.6389%; text-align: center; height: 73px;\"><a href=\"http:\/\/CG Cable sp. z o. o. sp. k.\" target=\"_blank\" rel=\"noopener\"><img decoding=\"async\" loading=\"lazy\" class=\"aligncenter wp-image-12475 size-full\" src=\"https:\/\/technopark.elk.pl\/wp-content\/uploads\/2023\/09\/cgcable-logo.jpg\" alt=\"\" width=\"226\" height=\"73\" srcset=\"https:\/\/technopark.elk.pl\/wp-content\/uploads\/2023\/09\/cgcable-logo.jpg 226w, https:\/\/technopark.elk.pl\/wp-content\/uploads\/2023\/09\/cgcable-logo-160x52.jpg 160w, https:\/\/technopark.elk.pl\/wp-content\/uploads\/2023\/09\/cgcable-logo-120x39.jpg 120w\" sizes=\"(max-width: 226px) 100vw, 226px\" \/><\/a><\/td>\n<td style=\"width: 49.0277%; text-align: center; height: 73px;\">CG Cable sp. z o. o. sp. k.<\/td>\n<td style=\"width: 33.3333%; height: 73px;\">leszek.gryncewicz@cgcable.pl<\/td>\n<\/tr>\n<tr style=\"height: 24px;\">\n<td style=\"width: 17.6389%; text-align: center; height: 24px;\">FLABEL<\/td>\n<td style=\"width: 49.0277%; text-align: center; height: 24px;\">Flabel Filip Gryncewicz<\/td>\n<td style=\"width: 33.3333%; height: 24px;\">&nbsp;<\/td>\n<\/tr>\n<tr style=\"height: 76px;\">\n<td style=\"width: 17.6389%; text-align: center; height: 76px;\"><a href=\"http:\/\/www.peritus-transport.pl\/\" target=\"_blank\" rel=\"noopener\"><img decoding=\"async\" loading=\"lazy\" class=\"aligncenter wp-image-12469 size-full\" src=\"https:\/\/technopark.elk.pl\/wp-content\/uploads\/2023\/09\/peritus-logo.png\" alt=\"\" width=\"226\" height=\"76\" srcset=\"https:\/\/technopark.elk.pl\/wp-content\/uploads\/2023\/09\/peritus-logo.png 226w, https:\/\/technopark.elk.pl\/wp-content\/uploads\/2023\/09\/peritus-logo-160x54.png 160w, https:\/\/technopark.elk.pl\/wp-content\/uploads\/2023\/09\/peritus-logo-120x40.png 120w\" sizes=\"(max-width: 226px) 100vw, 226px\" \/><\/a><\/td>\n<td style=\"width: 49.0277%; text-align: center; height: 76px;\">Andryszczyk Tomasz Peritus<\/td>\n<td style=\"width: 33.3333%; height: 76px;\">t.andryszczyk@peritus-transport.pl<\/td>\n<\/tr>\n<tr style=\"height: 24px;\">\n<td style=\"width: 17.6389%; text-align: center; height: 24px;\">PFM Light<\/td>\n<td style=\"width: 49.0277%; text-align: center; height: 24px;\">PFM Light Piotr Pietrzykowski<\/td>\n<td style=\"width: 33.3333%; height: 24px;\">&nbsp;<\/td>\n<\/tr>\n<tr style=\"height: 24px;\">\n<td style=\"width: 17.6389%; text-align: center; height: 24px;\"><a href=\"http:\/\/www.grandon.pl\/\" target=\"_blank\" rel=\"noopener\"><img decoding=\"async\" loading=\"lazy\" class=\"aligncenter size-full wp-image-13471\" src=\"https:\/\/technopark.elk.pl\/wp-content\/uploads\/2024\/08\/grandon.jpg\" alt=\"\" width=\"232\" height=\"111\" srcset=\"https:\/\/technopark.elk.pl\/wp-content\/uploads\/2024\/08\/grandon.jpg 232w, https:\/\/technopark.elk.pl\/wp-content\/uploads\/2024\/08\/grandon-160x77.jpg 160w, https:\/\/technopark.elk.pl\/wp-content\/uploads\/2024\/08\/grandon-120x57.jpg 120w\" sizes=\"(max-width: 232px) 100vw, 232px\" \/><\/a><\/td>\n<td style=\"width: 49.0277%; text-align: center; height: 24px;\">GRANDON Home Garden sp. z o. o.<\/td>\n<td style=\"width: 33.3333%; height: 24px;\">grandon@grandon.pl<\/td>\n<\/tr>\n<tr style=\"height: 54px;\">\n<td style=\"width: 17.6389%; text-align: center; height: 54px;\"><a href=\"https:\/\/thermo-vitae.eu\/\" target=\"_blank\" rel=\"noopener\"><img decoding=\"async\" loading=\"lazy\" class=\"aligncenter wp-image-12480 size-full\" src=\"https:\/\/technopark.elk.pl\/wp-content\/uploads\/2023\/09\/thermovitae-Logo.png\" alt=\"\" width=\"226\" height=\"54\" srcset=\"https:\/\/technopark.elk.pl\/wp-content\/uploads\/2023\/09\/thermovitae-Logo.png 226w, https:\/\/technopark.elk.pl\/wp-content\/uploads\/2023\/09\/thermovitae-Logo-160x38.png 160w, https:\/\/technopark.elk.pl\/wp-content\/uploads\/2023\/09\/thermovitae-Logo-120x29.png 120w\" sizes=\"(max-width: 226px) 100vw, 226px\" \/><\/a><\/td>\n<td style=\"width: 49.0277%; text-align: center; height: 54px;\">Thermo Vitae sp. c.<\/td>\n<td style=\"width: 33.3333%; height: 54px;\">biuro@thermo-vitae.eu<\/td>\n<\/tr>\n<tr>\n<td style=\"width: 17.6389%; text-align: center;\"><a href=\"https:\/\/www.uhura.pl\/\">UHURA Bionics Sp. z o. o.<\/a><\/td>\n<td style=\"width: 49.0277%; text-align: center;\">UHURA BIONICS Sp. z o.o.<\/td>\n<td style=\"width: 33.3333%;\"><span class=\"v1adr\">konrad@uhura.pl<\/span><\/td>\n<\/tr>\n<tr>\n<td style=\"width: 17.6389%; text-align: center;\">DATAPRO Marek \u0141uczy\u0144ski<\/td>\n<td style=\"width: 49.0277%; text-align: center;\">DATAPRO Marek \u0141uczy\u0144ski<\/td>\n<td style=\"width: 33.3333%;\"><span class=\"v1adr\">&nbsp;<\/span><\/td>\n<\/tr>\n<tr>\n<td style=\"width: 17.6389%; text-align: center;\"><a href=\"https:\/\/www.mfo.pl\"><img decoding=\"async\" loading=\"lazy\" class=\"aligncenter size-full wp-image-13486\" src=\"https:\/\/technopark.elk.pl\/wp-content\/uploads\/2024\/08\/mfo.png\" alt=\"mfo\" width=\"1984\" height=\"997\" srcset=\"https:\/\/technopark.elk.pl\/wp-content\/uploads\/2024\/08\/mfo.png 1984w, https:\/\/technopark.elk.pl\/wp-content\/uploads\/2024\/08\/mfo-300x151.png 300w, https:\/\/technopark.elk.pl\/wp-content\/uploads\/2024\/08\/mfo-1024x515.png 1024w, https:\/\/technopark.elk.pl\/wp-content\/uploads\/2024\/08\/mfo-768x386.png 768w, https:\/\/technopark.elk.pl\/wp-content\/uploads\/2024\/08\/mfo-1536x772.png 1536w, https:\/\/technopark.elk.pl\/wp-content\/uploads\/2024\/08\/mfo-565x284.png 565w, https:\/\/technopark.elk.pl\/wp-content\/uploads\/2024\/08\/mfo-160x80.png 160w, https:\/\/technopark.elk.pl\/wp-content\/uploads\/2024\/08\/mfo-120x60.png 120w\" sizes=\"(max-width: 1984px) 100vw, 1984px\" \/><\/a><\/td>\n<td style=\"width: 49.0277%; text-align: center;\">MFO S. A.<\/td>\n<td style=\"width: 33.3333%;\"><span class=\"v1adr\">mfo@mfo.pl<\/span><\/td>\n<\/tr>\n<\/tbody>\n<\/table>\n<h2 style=\"text-align: center;\">Wirtualne biuro<\/h2>\n<table style=\"border-collapse: collapse; width: 100%; height: 72px;\">\n<tbody>\n<tr style=\"height: 24px;\">\n<td style=\"width: 50%; text-align: center; height: 24px;\"><a href=\"https:\/\/www.connectiq.cloud\/\">Connect IQ Sp. z o.o.<\/a><\/td>\n<td style=\"width: 49.9742%; height: 24px;\" width=\"376\">info@gmail.com&nbsp;&nbsp;&nbsp;<\/td>\n<\/tr>\n<tr style=\"height: 24px;\">\n<td style=\"width: 50%; text-align: center; height: 24px;\">Estatocrm Sp. z o.o.<\/td>\n<td style=\"width: 49.9742%; height: 24px;\" width=\"376\">&nbsp;<\/td>\n<\/tr>\n<tr style=\"height: 24px;\">\n<td style=\"width: 50%; text-align: center; height: 24px;\">Workationspot Sp. z o.o.<\/td>\n<td style=\"width: 49.9742%; height: 24px;\" width=\"376\">&nbsp;<\/td>\n<\/tr>\n<\/tbody>\n<\/table>\n<table style=\"border-collapse: collapse; width: 100%; height: 24px;\">\n<tbody>\n<tr style=\"height: 24px;\">\n<td style=\"width: 50%; text-align: center; height: 24px;\"><a href=\"http:\/\/www.lifeguardswim.com\" target=\"_blank\" rel=\"noopener\">Lifeguard Sp. z o.o.<\/a><\/td>\n<td style=\"width: 50%; height: 24px;\">arturkaminski@lifeguardswim.com<\/td>\n<\/tr>\n<\/tbody>\n<\/table>\n<p><\/p>","protected":false},"excerpt":{"rendered":"<p>Lokatorzy PNT w E\u0142ku \u200b Chargein Distribution Sp. z o.o. biuro@chargein.pl ABC Rental Wypo\u017cyczalnia Maszyn Halina Cho\u0142ko abc.abcrental@gmail.com Baslighting sp. z o. o. biuro@baslighting.pl BOATS Boats Id Micha\u0142 Bending michal@boatsid.com CG Cable sp. z o. o. sp. k. leszek.gryncewicz@cgcable.pl FLABEL Flabel Filip Gryncewicz &nbsp; Andryszczyk Tomasz Peritus t.andryszczyk@peritus-transport.pl PFM Light PFM Light Piotr Pietrzykowski &nbsp; [&hellip;]<\/p>\n","protected":false},"author":4,"featured_media":0,"parent":7007,"menu_order":0,"comment_status":"closed","ping_status":"closed","template":"","meta":{"footnotes":""},"folder":[],"acf":[],"yoast_head":"<!-- This site is optimized with the Yoast SEO plugin v22.6 - https:\/\/yoast.com\/wordpress\/plugins\/seo\/ -->\n<title>Lokatorzy obecni - Technopark<\/title>\n<meta name=\"robots\" content=\"index, follow, max-snippet:-1, max-image-preview:large, max-video-preview:-1\" \/>\n<link rel=\"canonical\" href=\"https:\/\/technopark.elk.pl\/en\/firmy\/lokatorzy-obecni\/\" \/>\n<meta property=\"og:locale\" content=\"en_US\" \/>\n<meta property=\"og:type\" content=\"article\" \/>\n<meta property=\"og:title\" content=\"Lokatorzy obecni - Technopark\" \/>\n<meta property=\"og:description\" content=\"Lokatorzy PNT w E\u0142ku \u200b Chargein Distribution Sp. z o.o. biuro@chargein.pl ABC Rental Wypo\u017cyczalnia Maszyn Halina Cho\u0142ko abc.abcrental@gmail.com Baslighting sp. z o. o. biuro@baslighting.pl BOATS Boats Id Micha\u0142 Bending michal@boatsid.com CG Cable sp. z o. o. sp. k. leszek.gryncewicz@cgcable.pl FLABEL Flabel Filip Gryncewicz &nbsp; Andryszczyk Tomasz Peritus t.andryszczyk@peritus-transport.pl PFM Light PFM Light Piotr Pietrzykowski &nbsp; [&hellip;]\" \/>\n<meta property=\"og:url\" content=\"https:\/\/technopark.elk.pl\/firmy\/lokatorzy-obecni\/\" \/>\n<meta property=\"og:site_name\" content=\"Technopark\" \/>\n<meta property=\"article:publisher\" content=\"https:\/\/www.facebook.com\/technopark.elk\" \/>\n<meta property=\"article:modified_time\" content=\"2026-02-11T07:35:22+00:00\" \/>\n<meta property=\"og:image\" content=\"https:\/\/technopark.elk.pl\/wp-content\/uploads\/2023\/11\/chargein1.png\" \/>\n<meta name=\"twitter:card\" content=\"summary_large_image\" \/>\n<meta name=\"twitter:label1\" content=\"Est. reading time\" \/>\n\t<meta name=\"twitter:data1\" content=\"3 minutes\" \/>\n<script type=\"application\/ld+json\" class=\"yoast-schema-graph\">{\"@context\":\"https:\/\/schema.org\",\"@graph\":[{\"@type\":\"WebPage\",\"@id\":\"https:\/\/technopark.elk.pl\/firmy\/lokatorzy-obecni\/\",\"url\":\"https:\/\/technopark.elk.pl\/firmy\/lokatorzy-obecni\/\",\"name\":\"Lokatorzy obecni - Technopark\",\"isPartOf\":{\"@id\":\"https:\/\/technopark.elk.pl\/#website\"},\"primaryImageOfPage\":{\"@id\":\"https:\/\/technopark.elk.pl\/firmy\/lokatorzy-obecni\/#primaryimage\"},\"image\":{\"@id\":\"https:\/\/technopark.elk.pl\/firmy\/lokatorzy-obecni\/#primaryimage\"},\"thumbnailUrl\":\"https:\/\/technopark.elk.pl\/wp-content\/uploads\/2023\/11\/chargein1.png\",\"datePublished\":\"2020-03-16T20:32:06+00:00\",\"dateModified\":\"2026-02-11T07:35:22+00:00\",\"breadcrumb\":{\"@id\":\"https:\/\/technopark.elk.pl\/firmy\/lokatorzy-obecni\/#breadcrumb\"},\"inLanguage\":\"en-US\",\"potentialAction\":[{\"@type\":\"ReadAction\",\"target\":[\"https:\/\/technopark.elk.pl\/firmy\/lokatorzy-obecni\/\"]}]},{\"@type\":\"ImageObject\",\"inLanguage\":\"en-US\",\"@id\":\"https:\/\/technopark.elk.pl\/firmy\/lokatorzy-obecni\/#primaryimage\",\"url\":\"https:\/\/technopark.elk.pl\/wp-content\/uploads\/2023\/11\/chargein1.png\",\"contentUrl\":\"https:\/\/technopark.elk.pl\/wp-content\/uploads\/2023\/11\/chargein1.png\"},{\"@type\":\"BreadcrumbList\",\"@id\":\"https:\/\/technopark.elk.pl\/firmy\/lokatorzy-obecni\/#breadcrumb\",\"itemListElement\":[{\"@type\":\"ListItem\",\"position\":1,\"name\":\"Strona g\u0142\u00f3wna\",\"item\":\"https:\/\/technopark.elk.pl\/en\/\"},{\"@type\":\"ListItem\",\"position\":2,\"name\":\"Firmy\",\"item\":\"https:\/\/technopark.elk.pl\/firmy\/\"},{\"@type\":\"ListItem\",\"position\":3,\"name\":\"Lokatorzy obecni\"}]},{\"@type\":\"WebSite\",\"@id\":\"https:\/\/technopark.elk.pl\/#website\",\"url\":\"https:\/\/technopark.elk.pl\/\",\"name\":\"Technopark\",\"description\":\"Park Naukowo-Technologiczny w E\u0142ku\",\"potentialAction\":[{\"@type\":\"SearchAction\",\"target\":{\"@type\":\"EntryPoint\",\"urlTemplate\":\"https:\/\/technopark.elk.pl\/?s={search_term_string}\"},\"query-input\":\"required name=search_term_string\"}],\"inLanguage\":\"en-US\"}]}<\/script>\n<!-- \/ Yoast SEO plugin. -->","yoast_head_json":{"title":"Lokatorzy obecni - Technopark","robots":{"index":"index","follow":"follow","max-snippet":"max-snippet:-1","max-image-preview":"max-image-preview:large","max-video-preview":"max-video-preview:-1"},"canonical":"https:\/\/technopark.elk.pl\/en\/firmy\/lokatorzy-obecni\/","og_locale":"en_US","og_type":"article","og_title":"Lokatorzy obecni - Technopark","og_description":"Lokatorzy PNT w E\u0142ku \u200b Chargein Distribution Sp. z o.o. biuro@chargein.pl ABC Rental Wypo\u017cyczalnia Maszyn Halina Cho\u0142ko abc.abcrental@gmail.com Baslighting sp. z o. o. biuro@baslighting.pl BOATS Boats Id Micha\u0142 Bending michal@boatsid.com CG Cable sp. z o. o. sp. k. leszek.gryncewicz@cgcable.pl FLABEL Flabel Filip Gryncewicz &nbsp; Andryszczyk Tomasz Peritus t.andryszczyk@peritus-transport.pl PFM Light PFM Light Piotr Pietrzykowski &nbsp; [&hellip;]","og_url":"https:\/\/technopark.elk.pl\/firmy\/lokatorzy-obecni\/","og_site_name":"Technopark","article_publisher":"https:\/\/www.facebook.com\/technopark.elk","article_modified_time":"2026-02-11T07:35:22+00:00","og_image":[{"url":"https:\/\/technopark.elk.pl\/wp-content\/uploads\/2023\/11\/chargein1.png"}],"twitter_card":"summary_large_image","twitter_misc":{"Est. reading time":"3 minutes"},"schema":{"@context":"https:\/\/schema.org","@graph":[{"@type":"WebPage","@id":"https:\/\/technopark.elk.pl\/firmy\/lokatorzy-obecni\/","url":"https:\/\/technopark.elk.pl\/firmy\/lokatorzy-obecni\/","name":"Lokatorzy obecni - Technopark","isPartOf":{"@id":"https:\/\/technopark.elk.pl\/#website"},"primaryImageOfPage":{"@id":"https:\/\/technopark.elk.pl\/firmy\/lokatorzy-obecni\/#primaryimage"},"image":{"@id":"https:\/\/technopark.elk.pl\/firmy\/lokatorzy-obecni\/#primaryimage"},"thumbnailUrl":"https:\/\/technopark.elk.pl\/wp-content\/uploads\/2023\/11\/chargein1.png","datePublished":"2020-03-16T20:32:06+00:00","dateModified":"2026-02-11T07:35:22+00:00","breadcrumb":{"@id":"https:\/\/technopark.elk.pl\/firmy\/lokatorzy-obecni\/#breadcrumb"},"inLanguage":"en-US","potentialAction":[{"@type":"ReadAction","target":["https:\/\/technopark.elk.pl\/firmy\/lokatorzy-obecni\/"]}]},{"@type":"ImageObject","inLanguage":"en-US","@id":"https:\/\/technopark.elk.pl\/firmy\/lokatorzy-obecni\/#primaryimage","url":"https:\/\/technopark.elk.pl\/wp-content\/uploads\/2023\/11\/chargein1.png","contentUrl":"https:\/\/technopark.elk.pl\/wp-content\/uploads\/2023\/11\/chargein1.png"},{"@type":"BreadcrumbList","@id":"https:\/\/technopark.elk.pl\/firmy\/lokatorzy-obecni\/#breadcrumb","itemListElement":[{"@type":"ListItem","position":1,"name":"Strona g\u0142\u00f3wna","item":"https:\/\/technopark.elk.pl\/en\/"},{"@type":"ListItem","position":2,"name":"Firmy","item":"https:\/\/technopark.elk.pl\/firmy\/"},{"@type":"ListItem","position":3,"name":"Lokatorzy obecni"}]},{"@type":"WebSite","@id":"https:\/\/technopark.elk.pl\/#website","url":"https:\/\/technopark.elk.pl\/","name":"Technopark","description":"Park Naukowo-Technologiczny w E\u0142ku","potentialAction":[{"@type":"SearchAction","target":{"@type":"EntryPoint","urlTemplate":"https:\/\/technopark.elk.pl\/?s={search_term_string}"},"query-input":"required name=search_term_string"}],"inLanguage":"en-US"}]}},"_links":{"self":[{"href":"https:\/\/technopark.elk.pl\/en\/wp-json\/wp\/v2\/pages\/7819"}],"collection":[{"href":"https:\/\/technopark.elk.pl\/en\/wp-json\/wp\/v2\/pages"}],"about":[{"href":"https:\/\/technopark.elk.pl\/en\/wp-json\/wp\/v2\/types\/page"}],"author":[{"embeddable":true,"href":"https:\/\/technopark.elk.pl\/en\/wp-json\/wp\/v2\/users\/4"}],"replies":[{"embeddable":true,"href":"https:\/\/technopark.elk.pl\/en\/wp-json\/wp\/v2\/comments?post=7819"}],"version-history":[{"count":143,"href":"https:\/\/technopark.elk.pl\/en\/wp-json\/wp\/v2\/pages\/7819\/revisions"}],"predecessor-version":[{"id":16218,"href":"https:\/\/technopark.elk.pl\/en\/wp-json\/wp\/v2\/pages\/7819\/revisions\/16218"}],"up":[{"embeddable":true,"href":"https:\/\/technopark.elk.pl\/en\/wp-json\/wp\/v2\/pages\/7007"}],"wp:attachment":[{"href":"https:\/\/technopark.elk.pl\/en\/wp-json\/wp\/v2\/media?parent=7819"}],"wp:term":[{"taxonomy":"folder","embeddable":true,"href":"https:\/\/technopark.elk.pl\/en\/wp-json\/wp\/v2\/folder?post=7819"}],"curies":[{"name":"wp","href":"https:\/\/api.w.org\/{rel}","templated":true}]}}