{"id":7157,"date":"2019-10-21T08:20:28","date_gmt":"2019-10-21T06:20:28","guid":{"rendered":"http:\/\/technopark.elk.pl\/?page_id=7157"},"modified":"2022-05-09T17:49:51","modified_gmt":"2022-05-09T15:49:51","slug":"sprawdz-jakosc-powietrza-w-elku","status":"publish","type":"page","link":"https:\/\/technopark.elk.pl\/en\/sprawdz-jakosc-powietrza-w-elku\/","title":{"rendered":"Sprawd\u017a jako\u015b\u0107 powietrza w E\u0142ku"},"content":{"rendered":"<p>W celu \u015bledzenia jako\u015bci powietrza Miasto E\u0142k zamontowa\u0142o na terenie miasta czujniki do pomiaru st\u0119\u017cenia py\u0142\u00f3w PM2.5 i PM10. Dzi\u0119ki temu mieszka\u0144cy mog\u0105 sprawdzi\u0107 bie\u017c\u0105cy stan powietrza w pobli\u017cu swojego domu, miejsca pracy czy budynk\u00f3w u\u017cyteczno\u015bci publicznej. Jedn\u0105 z lokalizacji czujnika pomiaru jest Park Naukowo-Technologiczny w E\u0142ku.<\/p>\n<table style=\"border-collapse: collapse; width: 32.5188%;\">\n<tbody>\n<tr>\n<td style=\"width: 24.6413%;\"><a href=\"https:\/\/api.syngeos.pl\/api\/public\/widget.html?deviceId=1133&amp;sensorsList%5B%5D=pm2_5&amp;sensorsList%5B%5D=pm10&amp;sensorsList%5B%5D=temperature&amp;sensorsList%5B%5D=humidity&amp;template=horizontal&amp;theme=light\"><img decoding=\"async\" loading=\"lazy\" class=\"alignleft size-medium wp-image-7162\" src=\"http:\/\/technopark.elk.pl\/wp-content\/uploads\/2019\/10\/pnt1-300x201.jpg\" alt=\"PNT\" width=\"300\" height=\"201\" srcset=\"https:\/\/technopark.elk.pl\/wp-content\/uploads\/2019\/10\/pnt1-300x201.jpg 300w, https:\/\/technopark.elk.pl\/wp-content\/uploads\/2019\/10\/pnt1-565x377.jpg 565w, https:\/\/technopark.elk.pl\/wp-content\/uploads\/2019\/10\/pnt1-160x107.jpg 160w, https:\/\/technopark.elk.pl\/wp-content\/uploads\/2019\/10\/pnt1-120x80.jpg 120w, https:\/\/technopark.elk.pl\/wp-content\/uploads\/2019\/10\/pnt1.jpg 600w\" sizes=\"(max-width: 300px) 100vw, 300px\" \/><\/a><\/td>\n<td style=\"width: 11.2051%; text-align: center;\">Kliknij w obrazek<\/td>\n<\/tr>\n<\/tbody>\n<\/table>\n<p>Zapraszamy do sprawdzaja jako\u015bci powietrza w naszym mie\u015bcie, poni\u017cej linki do wszystkich czujnik\u00f3w:<\/p>\n<ul>\n<li><a href=\"https:\/\/api.syngeos.pl\/api\/public\/widget.html?deviceId=1129&amp;sensorsList%5B%5D=pm2_5&amp;sensorsList%5B%5D=pm10&amp;sensorsList%5B%5D=temperature&amp;sensorsList%5B%5D=humidity&amp;template=horizontal&amp;theme=light\" target=\"\" rel=\"noopener noreferrer\">\u015arodowiskowy Dom Samopomocy, ul. Ko\u015bciuszki 28B<\/a><\/li>\n<li><a href=\"https:\/\/api.syngeos.pl\/api\/public\/widget.html?deviceId=1134&amp;sensorsList%5B%5D=pm2_5&amp;sensorsList%5B%5D=pm10&amp;sensorsList%5B%5D=temperature&amp;sensorsList%5B%5D=humidity&amp;template=horizontal&amp;theme=light\" target=\"\" rel=\"noopener noreferrer\">Szko\u0142a Podstawowa nr 9, ul. Piwnika Ponurego 1<\/a><\/li>\n<li><a href=\"https:\/\/api.syngeos.pl\/api\/public\/widget.html?deviceId=1131&amp;sensorsList%5B%5D=pm2_5&amp;sensorsList%5B%5D=pm10&amp;sensorsList%5B%5D=temperature&amp;sensorsList%5B%5D=humidity&amp;template=horizontal&amp;theme=light\" target=\"\" rel=\"noopener noreferrer\">Zesp\u00f3\u0142 Szk\u00f3\u0142 Sportowych, ul. Suwalska 15<\/a><\/li>\n<li><a href=\"https:\/\/api.syngeos.pl\/api\/public\/widget.html?deviceId=1133&amp;sensorsList%5B%5D=pm2_5&amp;sensorsList%5B%5D=pm10&amp;sensorsList%5B%5D=temperature&amp;sensorsList%5B%5D=humidity&amp;template=horizontal&amp;theme=light\" target=\"\" rel=\"noopener noreferrer\">Park Naukowo-Technologiczny, ul. Podmiejska 5<\/a><\/li>\n<li><a href=\"https:\/\/api.syngeos.pl\/api\/public\/widget.html?deviceId=1130&amp;sensorsList%5B%5D=pm2_5&amp;sensorsList%5B%5D=pm10&amp;sensorsList%5B%5D=temperature&amp;sensorsList%5B%5D=humidity&amp;template=horizontal&amp;theme=light\" target=\"\" rel=\"noopener noreferrer\">Szko\u0142a Podstawowa nr 7, ul. Kili\u0144skiego 48<\/a><\/li>\n<li><a href=\"https:\/\/api.syngeos.pl\/api\/public\/widget.html?deviceId=1132&amp;sensorsList%5B%5D=pm2_5&amp;sensorsList%5B%5D=pm10&amp;sensorsList%5B%5D=temperature&amp;sensorsList%5B%5D=humidity&amp;template=horizontal&amp;theme=light\" target=\"\" rel=\"noopener noreferrer\">Miejskie Przedszkole Bajka, ul. Popie\u0142uszki 6<\/a><\/li>\n<li><a href=\"https:\/\/api.syngeos.pl\/api\/public\/widget.html?deviceId=1128&amp;sensorsList%5B%5D=pm2_5&amp;sensorsList%5B%5D=pm10&amp;sensorsList%5B%5D=temperature&amp;sensorsList%5B%5D=humidity&amp;template=horizontal&amp;theme=light\" target=\"\" rel=\"noopener noreferrer\">Skrzy\u017cowanie ul. Przemys\u0142owa \u2013 ul. Ciep\u0142a<\/a><\/li>\n<li><a href=\"https:\/\/api.syngeos.pl\/api\/public\/widget.html?deviceId=145&amp;sensorsList%5B%5D=pm10&amp;sensorsList%5B%5D=so2&amp;sensorsList%5B%5D=o3&amp;sensorsList%5B%5D=caqi&amp;sensorsList%5B%5D=c6h6&amp;sensorsList%5B%5D=no2&amp;template=horizontal&amp;theme=light\" target=\"\" rel=\"noopener noreferrer\">Stacja GIO\u015a \u2013 ul. Pi\u0142sudskiego 27<\/a><\/li>\n<\/ul>\n<p>Zapylenie w ca\u0142ym kraju:<\/p>\n<table style=\"border-collapse: collapse; width: 16.1466%;\">\n<tbody>\n<tr>\n<td style=\"width: 100%;\"><a href=\"https:\/\/beskidinstruments.com\/mapa\/\"><img decoding=\"async\" loading=\"lazy\" class=\"alignleft size-medium wp-image-7160\" src=\"http:\/\/technopark.elk.pl\/wp-content\/uploads\/2019\/10\/polska-300x201.jpg\" alt=\"Zapylenie w Polsce\" width=\"300\" height=\"201\" srcset=\"https:\/\/technopark.elk.pl\/wp-content\/uploads\/2019\/10\/polska-300x201.jpg 300w, https:\/\/technopark.elk.pl\/wp-content\/uploads\/2019\/10\/polska-565x377.jpg 565w, https:\/\/technopark.elk.pl\/wp-content\/uploads\/2019\/10\/polska-160x107.jpg 160w, https:\/\/technopark.elk.pl\/wp-content\/uploads\/2019\/10\/polska-120x80.jpg 120w, https:\/\/technopark.elk.pl\/wp-content\/uploads\/2019\/10\/polska.jpg 600w\" sizes=\"(max-width: 300px) 100vw, 300px\" \/><\/a><\/td>\n<\/tr>\n<\/tbody>\n<\/table>\n<p>Jako\u015b\u0107 powietrza mo\u017cna te\u017c \u015bledzi\u0107 na telefonach kom\u00f3rkowych poprzez aplikacje:<\/p>\n<ul>\n<li><a href=\"https:\/\/play.google.com\/store\/apps\/details?id=pl.syngeos.syngeos\" target=\"\" rel=\"noopener noreferrer\">Syngeos &#8211; Nasze Powietrze<\/a><\/li>\n<li><a href=\"https:\/\/play.google.com\/store\/apps\/details?id=com.kaiko.monitoringpowietrzabi&amp;gl=PL\" target=\"\" rel=\"noopener noreferrer\">Monitoring Powietrza BESKID INSTRUMENTS<\/a><\/li>\n<li><a href=\"https:\/\/play.google.com\/store\/apps\/details?id=pl.tajchert.canary&amp;gl=PL\" target=\"\" rel=\"noopener noreferrer\">Kanarek<\/a><\/li>\n<\/ul>\n<p>&nbsp;<\/p>\n<p>&nbsp;<\/p>\n","protected":false},"excerpt":{"rendered":"<p>W celu \u015bledzenia jako\u015bci powietrza Miasto E\u0142k zamontowa\u0142o na terenie miasta czujniki do pomiaru st\u0119\u017cenia py\u0142\u00f3w PM2.5 i PM10. Dzi\u0119ki temu mieszka\u0144cy mog\u0105 sprawdzi\u0107 bie\u017c\u0105cy stan powietrza w pobli\u017cu swojego domu, miejsca pracy czy budynk\u00f3w u\u017cyteczno\u015bci publicznej. Jedn\u0105 z lokalizacji czujnika pomiaru jest Park Naukowo-Technologiczny w E\u0142ku. Kliknij w obrazek Zapraszamy do sprawdzaja jako\u015bci powietrza [&hellip;]<\/p>\n","protected":false},"author":4,"featured_media":7173,"parent":0,"menu_order":0,"comment_status":"closed","ping_status":"closed","template":"","meta":{"footnotes":""},"folder":[],"acf":[],"yoast_head":"<!-- This site is optimized with the Yoast SEO plugin v22.6 - https:\/\/yoast.com\/wordpress\/plugins\/seo\/ -->\n<title>Sprawd\u017a jako\u015b\u0107 powietrza w E\u0142ku - Technopark<\/title>\n<meta name=\"robots\" content=\"index, follow, max-snippet:-1, max-image-preview:large, max-video-preview:-1\" \/>\n<link rel=\"canonical\" href=\"https:\/\/technopark.elk.pl\/en\/sprawdz-jakosc-powietrza-w-elku\/\" \/>\n<meta property=\"og:locale\" content=\"en_US\" \/>\n<meta property=\"og:type\" content=\"article\" \/>\n<meta property=\"og:title\" content=\"Sprawd\u017a jako\u015b\u0107 powietrza w E\u0142ku - Technopark\" \/>\n<meta property=\"og:description\" content=\"W celu \u015bledzenia jako\u015bci powietrza Miasto E\u0142k zamontowa\u0142o na terenie miasta czujniki do pomiaru st\u0119\u017cenia py\u0142\u00f3w PM2.5 i PM10. Dzi\u0119ki temu mieszka\u0144cy mog\u0105 sprawdzi\u0107 bie\u017c\u0105cy stan powietrza w pobli\u017cu swojego domu, miejsca pracy czy budynk\u00f3w u\u017cyteczno\u015bci publicznej. Jedn\u0105 z lokalizacji czujnika pomiaru jest Park Naukowo-Technologiczny w E\u0142ku. Kliknij w obrazek Zapraszamy do sprawdzaja jako\u015bci powietrza [&hellip;]\" \/>\n<meta property=\"og:url\" content=\"https:\/\/technopark.elk.pl\/sprawdz-jakosc-powietrza-w-elku\/\" \/>\n<meta property=\"og:site_name\" content=\"Technopark\" \/>\n<meta property=\"article:publisher\" content=\"https:\/\/www.facebook.com\/technopark.elk\" \/>\n<meta property=\"article:modified_time\" content=\"2022-05-09T15:49:51+00:00\" \/>\n<meta property=\"og:image\" content=\"https:\/\/technopark.elk.pl\/wp-content\/uploads\/2019\/10\/baner_powietrze_elk.jpg\" \/>\n\t<meta property=\"og:image:width\" content=\"300\" \/>\n\t<meta property=\"og:image:height\" content=\"142\" \/>\n\t<meta property=\"og:image:type\" content=\"image\/jpeg\" \/>\n<meta name=\"twitter:card\" content=\"summary_large_image\" \/>\n<meta name=\"twitter:label1\" content=\"Est. reading time\" \/>\n\t<meta name=\"twitter:data1\" content=\"2 minutes\" \/>\n<script type=\"application\/ld+json\" class=\"yoast-schema-graph\">{\"@context\":\"https:\/\/schema.org\",\"@graph\":[{\"@type\":\"WebPage\",\"@id\":\"https:\/\/technopark.elk.pl\/sprawdz-jakosc-powietrza-w-elku\/\",\"url\":\"https:\/\/technopark.elk.pl\/sprawdz-jakosc-powietrza-w-elku\/\",\"name\":\"Sprawd\u017a jako\u015b\u0107 powietrza w E\u0142ku - Technopark\",\"isPartOf\":{\"@id\":\"https:\/\/technopark.elk.pl\/#website\"},\"primaryImageOfPage\":{\"@id\":\"https:\/\/technopark.elk.pl\/sprawdz-jakosc-powietrza-w-elku\/#primaryimage\"},\"image\":{\"@id\":\"https:\/\/technopark.elk.pl\/sprawdz-jakosc-powietrza-w-elku\/#primaryimage\"},\"thumbnailUrl\":\"https:\/\/technopark.elk.pl\/wp-content\/uploads\/2019\/10\/baner_powietrze_elk.jpg\",\"datePublished\":\"2019-10-21T06:20:28+00:00\",\"dateModified\":\"2022-05-09T15:49:51+00:00\",\"breadcrumb\":{\"@id\":\"https:\/\/technopark.elk.pl\/sprawdz-jakosc-powietrza-w-elku\/#breadcrumb\"},\"inLanguage\":\"en-US\",\"potentialAction\":[{\"@type\":\"ReadAction\",\"target\":[\"https:\/\/technopark.elk.pl\/sprawdz-jakosc-powietrza-w-elku\/\"]}]},{\"@type\":\"ImageObject\",\"inLanguage\":\"en-US\",\"@id\":\"https:\/\/technopark.elk.pl\/sprawdz-jakosc-powietrza-w-elku\/#primaryimage\",\"url\":\"https:\/\/technopark.elk.pl\/wp-content\/uploads\/2019\/10\/baner_powietrze_elk.jpg\",\"contentUrl\":\"https:\/\/technopark.elk.pl\/wp-content\/uploads\/2019\/10\/baner_powietrze_elk.jpg\",\"width\":300,\"height\":142},{\"@type\":\"BreadcrumbList\",\"@id\":\"https:\/\/technopark.elk.pl\/sprawdz-jakosc-powietrza-w-elku\/#breadcrumb\",\"itemListElement\":[{\"@type\":\"ListItem\",\"position\":1,\"name\":\"Strona g\u0142\u00f3wna\",\"item\":\"https:\/\/technopark.elk.pl\/en\/\"},{\"@type\":\"ListItem\",\"position\":2,\"name\":\"Sprawd\u017a jako\u015b\u0107 powietrza w E\u0142ku\"}]},{\"@type\":\"WebSite\",\"@id\":\"https:\/\/technopark.elk.pl\/#website\",\"url\":\"https:\/\/technopark.elk.pl\/\",\"name\":\"Technopark\",\"description\":\"Park Naukowo-Technologiczny w E\u0142ku\",\"potentialAction\":[{\"@type\":\"SearchAction\",\"target\":{\"@type\":\"EntryPoint\",\"urlTemplate\":\"https:\/\/technopark.elk.pl\/?s={search_term_string}\"},\"query-input\":\"required name=search_term_string\"}],\"inLanguage\":\"en-US\"}]}<\/script>\n<!-- \/ Yoast SEO plugin. -->","yoast_head_json":{"title":"Sprawd\u017a jako\u015b\u0107 powietrza w E\u0142ku - Technopark","robots":{"index":"index","follow":"follow","max-snippet":"max-snippet:-1","max-image-preview":"max-image-preview:large","max-video-preview":"max-video-preview:-1"},"canonical":"https:\/\/technopark.elk.pl\/en\/sprawdz-jakosc-powietrza-w-elku\/","og_locale":"en_US","og_type":"article","og_title":"Sprawd\u017a jako\u015b\u0107 powietrza w E\u0142ku - Technopark","og_description":"W celu \u015bledzenia jako\u015bci powietrza Miasto E\u0142k zamontowa\u0142o na terenie miasta czujniki do pomiaru st\u0119\u017cenia py\u0142\u00f3w PM2.5 i PM10. Dzi\u0119ki temu mieszka\u0144cy mog\u0105 sprawdzi\u0107 bie\u017c\u0105cy stan powietrza w pobli\u017cu swojego domu, miejsca pracy czy budynk\u00f3w u\u017cyteczno\u015bci publicznej. Jedn\u0105 z lokalizacji czujnika pomiaru jest Park Naukowo-Technologiczny w E\u0142ku. Kliknij w obrazek Zapraszamy do sprawdzaja jako\u015bci powietrza [&hellip;]","og_url":"https:\/\/technopark.elk.pl\/sprawdz-jakosc-powietrza-w-elku\/","og_site_name":"Technopark","article_publisher":"https:\/\/www.facebook.com\/technopark.elk","article_modified_time":"2022-05-09T15:49:51+00:00","og_image":[{"width":300,"height":142,"url":"https:\/\/technopark.elk.pl\/wp-content\/uploads\/2019\/10\/baner_powietrze_elk.jpg","type":"image\/jpeg"}],"twitter_card":"summary_large_image","twitter_misc":{"Est. reading time":"2 minutes"},"schema":{"@context":"https:\/\/schema.org","@graph":[{"@type":"WebPage","@id":"https:\/\/technopark.elk.pl\/sprawdz-jakosc-powietrza-w-elku\/","url":"https:\/\/technopark.elk.pl\/sprawdz-jakosc-powietrza-w-elku\/","name":"Sprawd\u017a jako\u015b\u0107 powietrza w E\u0142ku - Technopark","isPartOf":{"@id":"https:\/\/technopark.elk.pl\/#website"},"primaryImageOfPage":{"@id":"https:\/\/technopark.elk.pl\/sprawdz-jakosc-powietrza-w-elku\/#primaryimage"},"image":{"@id":"https:\/\/technopark.elk.pl\/sprawdz-jakosc-powietrza-w-elku\/#primaryimage"},"thumbnailUrl":"https:\/\/technopark.elk.pl\/wp-content\/uploads\/2019\/10\/baner_powietrze_elk.jpg","datePublished":"2019-10-21T06:20:28+00:00","dateModified":"2022-05-09T15:49:51+00:00","breadcrumb":{"@id":"https:\/\/technopark.elk.pl\/sprawdz-jakosc-powietrza-w-elku\/#breadcrumb"},"inLanguage":"en-US","potentialAction":[{"@type":"ReadAction","target":["https:\/\/technopark.elk.pl\/sprawdz-jakosc-powietrza-w-elku\/"]}]},{"@type":"ImageObject","inLanguage":"en-US","@id":"https:\/\/technopark.elk.pl\/sprawdz-jakosc-powietrza-w-elku\/#primaryimage","url":"https:\/\/technopark.elk.pl\/wp-content\/uploads\/2019\/10\/baner_powietrze_elk.jpg","contentUrl":"https:\/\/technopark.elk.pl\/wp-content\/uploads\/2019\/10\/baner_powietrze_elk.jpg","width":300,"height":142},{"@type":"BreadcrumbList","@id":"https:\/\/technopark.elk.pl\/sprawdz-jakosc-powietrza-w-elku\/#breadcrumb","itemListElement":[{"@type":"ListItem","position":1,"name":"Strona g\u0142\u00f3wna","item":"https:\/\/technopark.elk.pl\/en\/"},{"@type":"ListItem","position":2,"name":"Sprawd\u017a jako\u015b\u0107 powietrza w E\u0142ku"}]},{"@type":"WebSite","@id":"https:\/\/technopark.elk.pl\/#website","url":"https:\/\/technopark.elk.pl\/","name":"Technopark","description":"Park Naukowo-Technologiczny w E\u0142ku","potentialAction":[{"@type":"SearchAction","target":{"@type":"EntryPoint","urlTemplate":"https:\/\/technopark.elk.pl\/?s={search_term_string}"},"query-input":"required name=search_term_string"}],"inLanguage":"en-US"}]}},"_links":{"self":[{"href":"https:\/\/technopark.elk.pl\/en\/wp-json\/wp\/v2\/pages\/7157"}],"collection":[{"href":"https:\/\/technopark.elk.pl\/en\/wp-json\/wp\/v2\/pages"}],"about":[{"href":"https:\/\/technopark.elk.pl\/en\/wp-json\/wp\/v2\/types\/page"}],"author":[{"embeddable":true,"href":"https:\/\/technopark.elk.pl\/en\/wp-json\/wp\/v2\/users\/4"}],"replies":[{"embeddable":true,"href":"https:\/\/technopark.elk.pl\/en\/wp-json\/wp\/v2\/comments?post=7157"}],"version-history":[{"count":9,"href":"https:\/\/technopark.elk.pl\/en\/wp-json\/wp\/v2\/pages\/7157\/revisions"}],"predecessor-version":[{"id":11031,"href":"https:\/\/technopark.elk.pl\/en\/wp-json\/wp\/v2\/pages\/7157\/revisions\/11031"}],"wp:featuredmedia":[{"embeddable":true,"href":"https:\/\/technopark.elk.pl\/en\/wp-json\/wp\/v2\/media\/7173"}],"wp:attachment":[{"href":"https:\/\/technopark.elk.pl\/en\/wp-json\/wp\/v2\/media?parent=7157"}],"wp:term":[{"taxonomy":"folder","embeddable":true,"href":"https:\/\/technopark.elk.pl\/en\/wp-json\/wp\/v2\/folder?post=7157"}],"curies":[{"name":"wp","href":"https:\/\/api.w.org\/{rel}","templated":true}]}}