{"id":6873,"date":"2019-07-23T09:05:49","date_gmt":"2019-07-23T07:05:49","guid":{"rendered":"http:\/\/technopark.elk.pl\/?page_id=6873"},"modified":"2021-08-23T07:55:15","modified_gmt":"2021-08-23T05:55:15","slug":"przydatne-linki","status":"publish","type":"page","link":"https:\/\/technopark.elk.pl\/en\/przydatne-linki\/","title":{"rendered":"Przydatne linki"},"content":{"rendered":"<ul>\n<li><a href=\"https:\/\/www.gov.pl\/web\/przedsiebiorczosc-technologia\/pas-startowy-dla-poczatkujacych-firm\" target=\"_blank\" rel=\"noopener noreferrer\">Pas startowy dla rozpoczynaj\u0105cych dzia\u0142alno\u015b\u0107 firm<\/a><\/li>\n<li><a href=\"https:\/\/www.ncbr.gov.pl\/\" target=\"_blank\" rel=\"noopener noreferrer\">Narodowe Centrum Bada\u0144 i Rozwoju<\/a><\/li>\n<li><a href=\"https:\/\/www.parp.gov.pl\/\" target=\"_blank\" rel=\"noopener noreferrer\">Polska Agencja Rozwoju Przedsi\u0119biorczo\u015bci<\/a><\/li>\n<li><a href=\"https:\/\/www.paih.gov.pl\" target=\"_blank\" rel=\"noopener noreferrer\">Polska Agencja Inwestycji i Handlu<\/a><\/li>\n<li><a href=\"http:\/\/www.funduszeeuropejskie.gov.pl\/\">Portal Funduszy Europejskich<\/a><\/li>\n<li><a href=\"http:\/\/przewodnikrpo.warmia.mazury.pl\/\">Regionalny Program Operacyjny Wojew\u00f3dztwa Warmi\u0144sko-Mazurskiego na lata 2014\u20132020<\/a><\/li>\n<li><a href=\"https:\/\/www.innovationcoach.pl\/\">Innovation Coach<\/a><\/li>\n<li><a href=\"https:\/\/ptt.arp.pl\/\">Platforma Transferu Technologii<\/a><\/li>\n<li><a href=\"https:\/\/pfr.pl\/\">Polski Fundusz Rozwoju<\/a><\/li>\n<li><a href=\"https:\/\/biznes.warmia.mazury.pl\/\">Platforma Przedsi\u0119biorczo\u015bci Warmii i Mazur<\/a><\/li>\n<li><a href=\"https:\/\/www.gov.pl\/web\/tarczaantykryzysowa\">Tarcza antykryzysowa<\/a><\/li>\n<li><a href=\"https:\/\/www.startupypomagaja.pl\/\">Startupy pomagaj\u0105<\/a><\/li>\n<li><a href=\"https:\/\/rzecznikmsp.gov.pl\">Akcja #RatujBiznes Rzecznika MSP<\/a><\/li>\n<li><a href=\"https:\/\/przemyslprzyszlosci.gov.pl\">Platforma Przemys\u0142u Przysz\u0142o\u015bci<\/a><\/li>\n<li><a href=\"https:\/\/startup.pfr.pl\/pl\/\">startup.pfr.pl<\/a><\/li>\n<li><a href=\"https:\/\/ptt.arp.pl\/patenty\/\">ptt.arp.pl\/patenty\/<\/a><\/li>\n<\/ul>\n","protected":false},"excerpt":{"rendered":"<p>Pas startowy dla rozpoczynaj\u0105cych dzia\u0142alno\u015b\u0107 firm Narodowe Centrum Bada\u0144 i Rozwoju Polska Agencja Rozwoju Przedsi\u0119biorczo\u015bci Polska Agencja Inwestycji i Handlu Portal Funduszy Europejskich Regionalny Program Operacyjny Wojew\u00f3dztwa Warmi\u0144sko-Mazurskiego na lata 2014\u20132020 Innovation Coach Platforma Transferu Technologii Polski Fundusz Rozwoju Platforma Przedsi\u0119biorczo\u015bci Warmii i Mazur Tarcza antykryzysowa Startupy pomagaj\u0105 Akcja #RatujBiznes Rzecznika MSP Platforma Przemys\u0142u Przysz\u0142o\u015bci [&hellip;]<\/p>\n","protected":false},"author":4,"featured_media":6874,"parent":0,"menu_order":0,"comment_status":"closed","ping_status":"closed","template":"","meta":{"footnotes":""},"folder":[],"acf":[],"yoast_head":"<!-- This site is optimized with the Yoast SEO plugin v22.6 - https:\/\/yoast.com\/wordpress\/plugins\/seo\/ -->\n<title>Przydatne linki - Technopark<\/title>\n<meta name=\"robots\" content=\"index, follow, max-snippet:-1, max-image-preview:large, max-video-preview:-1\" \/>\n<link rel=\"canonical\" href=\"https:\/\/technopark.elk.pl\/en\/przydatne-linki\/\" \/>\n<meta property=\"og:locale\" content=\"en_US\" \/>\n<meta property=\"og:type\" content=\"article\" \/>\n<meta property=\"og:title\" content=\"Przydatne linki - Technopark\" \/>\n<meta property=\"og:description\" content=\"Pas startowy dla rozpoczynaj\u0105cych dzia\u0142alno\u015b\u0107 firm Narodowe Centrum Bada\u0144 i Rozwoju Polska Agencja Rozwoju Przedsi\u0119biorczo\u015bci Polska Agencja Inwestycji i Handlu Portal Funduszy Europejskich Regionalny Program Operacyjny Wojew\u00f3dztwa Warmi\u0144sko-Mazurskiego na lata 2014\u20132020 Innovation Coach Platforma Transferu Technologii Polski Fundusz Rozwoju Platforma Przedsi\u0119biorczo\u015bci Warmii i Mazur Tarcza antykryzysowa Startupy pomagaj\u0105 Akcja #RatujBiznes Rzecznika MSP Platforma Przemys\u0142u Przysz\u0142o\u015bci [&hellip;]\" \/>\n<meta property=\"og:url\" content=\"https:\/\/technopark.elk.pl\/przydatne-linki\/\" \/>\n<meta property=\"og:site_name\" content=\"Technopark\" \/>\n<meta property=\"article:publisher\" content=\"https:\/\/www.facebook.com\/technopark.elk\" \/>\n<meta property=\"article:modified_time\" content=\"2021-08-23T05:55:15+00:00\" \/>\n<meta property=\"og:image\" content=\"https:\/\/technopark.elk.pl\/wp-content\/uploads\/2019\/07\/przydatne_linki.jpg\" \/>\n\t<meta property=\"og:image:width\" content=\"722\" \/>\n\t<meta property=\"og:image:height\" content=\"290\" \/>\n\t<meta property=\"og:image:type\" content=\"image\/jpeg\" \/>\n<meta name=\"twitter:card\" content=\"summary_large_image\" \/>\n<meta name=\"twitter:label1\" content=\"Est. reading time\" \/>\n\t<meta name=\"twitter:data1\" content=\"1 minute\" \/>\n<script type=\"application\/ld+json\" class=\"yoast-schema-graph\">{\"@context\":\"https:\/\/schema.org\",\"@graph\":[{\"@type\":\"WebPage\",\"@id\":\"https:\/\/technopark.elk.pl\/przydatne-linki\/\",\"url\":\"https:\/\/technopark.elk.pl\/przydatne-linki\/\",\"name\":\"Przydatne linki - Technopark\",\"isPartOf\":{\"@id\":\"https:\/\/technopark.elk.pl\/#website\"},\"primaryImageOfPage\":{\"@id\":\"https:\/\/technopark.elk.pl\/przydatne-linki\/#primaryimage\"},\"image\":{\"@id\":\"https:\/\/technopark.elk.pl\/przydatne-linki\/#primaryimage\"},\"thumbnailUrl\":\"https:\/\/technopark.elk.pl\/wp-content\/uploads\/2019\/07\/przydatne_linki.jpg\",\"datePublished\":\"2019-07-23T07:05:49+00:00\",\"dateModified\":\"2021-08-23T05:55:15+00:00\",\"breadcrumb\":{\"@id\":\"https:\/\/technopark.elk.pl\/przydatne-linki\/#breadcrumb\"},\"inLanguage\":\"en-US\",\"potentialAction\":[{\"@type\":\"ReadAction\",\"target\":[\"https:\/\/technopark.elk.pl\/przydatne-linki\/\"]}]},{\"@type\":\"ImageObject\",\"inLanguage\":\"en-US\",\"@id\":\"https:\/\/technopark.elk.pl\/przydatne-linki\/#primaryimage\",\"url\":\"https:\/\/technopark.elk.pl\/wp-content\/uploads\/2019\/07\/przydatne_linki.jpg\",\"contentUrl\":\"https:\/\/technopark.elk.pl\/wp-content\/uploads\/2019\/07\/przydatne_linki.jpg\",\"width\":722,\"height\":290},{\"@type\":\"BreadcrumbList\",\"@id\":\"https:\/\/technopark.elk.pl\/przydatne-linki\/#breadcrumb\",\"itemListElement\":[{\"@type\":\"ListItem\",\"position\":1,\"name\":\"Strona g\u0142\u00f3wna\",\"item\":\"https:\/\/technopark.elk.pl\/en\/\"},{\"@type\":\"ListItem\",\"position\":2,\"name\":\"Przydatne linki\"}]},{\"@type\":\"WebSite\",\"@id\":\"https:\/\/technopark.elk.pl\/#website\",\"url\":\"https:\/\/technopark.elk.pl\/\",\"name\":\"Technopark\",\"description\":\"Park Naukowo-Technologiczny w E\u0142ku\",\"potentialAction\":[{\"@type\":\"SearchAction\",\"target\":{\"@type\":\"EntryPoint\",\"urlTemplate\":\"https:\/\/technopark.elk.pl\/?s={search_term_string}\"},\"query-input\":\"required name=search_term_string\"}],\"inLanguage\":\"en-US\"}]}<\/script>\n<!-- \/ Yoast SEO plugin. -->","yoast_head_json":{"title":"Przydatne linki - Technopark","robots":{"index":"index","follow":"follow","max-snippet":"max-snippet:-1","max-image-preview":"max-image-preview:large","max-video-preview":"max-video-preview:-1"},"canonical":"https:\/\/technopark.elk.pl\/en\/przydatne-linki\/","og_locale":"en_US","og_type":"article","og_title":"Przydatne linki - Technopark","og_description":"Pas startowy dla rozpoczynaj\u0105cych dzia\u0142alno\u015b\u0107 firm Narodowe Centrum Bada\u0144 i Rozwoju Polska Agencja Rozwoju Przedsi\u0119biorczo\u015bci Polska Agencja Inwestycji i Handlu Portal Funduszy Europejskich Regionalny Program Operacyjny Wojew\u00f3dztwa Warmi\u0144sko-Mazurskiego na lata 2014\u20132020 Innovation Coach Platforma Transferu Technologii Polski Fundusz Rozwoju Platforma Przedsi\u0119biorczo\u015bci Warmii i Mazur Tarcza antykryzysowa Startupy pomagaj\u0105 Akcja #RatujBiznes Rzecznika MSP Platforma Przemys\u0142u Przysz\u0142o\u015bci [&hellip;]","og_url":"https:\/\/technopark.elk.pl\/przydatne-linki\/","og_site_name":"Technopark","article_publisher":"https:\/\/www.facebook.com\/technopark.elk","article_modified_time":"2021-08-23T05:55:15+00:00","og_image":[{"width":722,"height":290,"url":"https:\/\/technopark.elk.pl\/wp-content\/uploads\/2019\/07\/przydatne_linki.jpg","type":"image\/jpeg"}],"twitter_card":"summary_large_image","twitter_misc":{"Est. reading time":"1 minute"},"schema":{"@context":"https:\/\/schema.org","@graph":[{"@type":"WebPage","@id":"https:\/\/technopark.elk.pl\/przydatne-linki\/","url":"https:\/\/technopark.elk.pl\/przydatne-linki\/","name":"Przydatne linki - Technopark","isPartOf":{"@id":"https:\/\/technopark.elk.pl\/#website"},"primaryImageOfPage":{"@id":"https:\/\/technopark.elk.pl\/przydatne-linki\/#primaryimage"},"image":{"@id":"https:\/\/technopark.elk.pl\/przydatne-linki\/#primaryimage"},"thumbnailUrl":"https:\/\/technopark.elk.pl\/wp-content\/uploads\/2019\/07\/przydatne_linki.jpg","datePublished":"2019-07-23T07:05:49+00:00","dateModified":"2021-08-23T05:55:15+00:00","breadcrumb":{"@id":"https:\/\/technopark.elk.pl\/przydatne-linki\/#breadcrumb"},"inLanguage":"en-US","potentialAction":[{"@type":"ReadAction","target":["https:\/\/technopark.elk.pl\/przydatne-linki\/"]}]},{"@type":"ImageObject","inLanguage":"en-US","@id":"https:\/\/technopark.elk.pl\/przydatne-linki\/#primaryimage","url":"https:\/\/technopark.elk.pl\/wp-content\/uploads\/2019\/07\/przydatne_linki.jpg","contentUrl":"https:\/\/technopark.elk.pl\/wp-content\/uploads\/2019\/07\/przydatne_linki.jpg","width":722,"height":290},{"@type":"BreadcrumbList","@id":"https:\/\/technopark.elk.pl\/przydatne-linki\/#breadcrumb","itemListElement":[{"@type":"ListItem","position":1,"name":"Strona g\u0142\u00f3wna","item":"https:\/\/technopark.elk.pl\/en\/"},{"@type":"ListItem","position":2,"name":"Przydatne linki"}]},{"@type":"WebSite","@id":"https:\/\/technopark.elk.pl\/#website","url":"https:\/\/technopark.elk.pl\/","name":"Technopark","description":"Park Naukowo-Technologiczny w E\u0142ku","potentialAction":[{"@type":"SearchAction","target":{"@type":"EntryPoint","urlTemplate":"https:\/\/technopark.elk.pl\/?s={search_term_string}"},"query-input":"required name=search_term_string"}],"inLanguage":"en-US"}]}},"_links":{"self":[{"href":"https:\/\/technopark.elk.pl\/en\/wp-json\/wp\/v2\/pages\/6873"}],"collection":[{"href":"https:\/\/technopark.elk.pl\/en\/wp-json\/wp\/v2\/pages"}],"about":[{"href":"https:\/\/technopark.elk.pl\/en\/wp-json\/wp\/v2\/types\/page"}],"author":[{"embeddable":true,"href":"https:\/\/technopark.elk.pl\/en\/wp-json\/wp\/v2\/users\/4"}],"replies":[{"embeddable":true,"href":"https:\/\/technopark.elk.pl\/en\/wp-json\/wp\/v2\/comments?post=6873"}],"version-history":[{"count":11,"href":"https:\/\/technopark.elk.pl\/en\/wp-json\/wp\/v2\/pages\/6873\/revisions"}],"predecessor-version":[{"id":10093,"href":"https:\/\/technopark.elk.pl\/en\/wp-json\/wp\/v2\/pages\/6873\/revisions\/10093"}],"wp:featuredmedia":[{"embeddable":true,"href":"https:\/\/technopark.elk.pl\/en\/wp-json\/wp\/v2\/media\/6874"}],"wp:attachment":[{"href":"https:\/\/technopark.elk.pl\/en\/wp-json\/wp\/v2\/media?parent=6873"}],"wp:term":[{"taxonomy":"folder","embeddable":true,"href":"https:\/\/technopark.elk.pl\/en\/wp-json\/wp\/v2\/folder?post=6873"}],"curies":[{"name":"wp","href":"https:\/\/api.w.org\/{rel}","templated":true}]}}