{"id":6863,"date":"2019-07-23T08:32:27","date_gmt":"2019-07-23T06:32:27","guid":{"rendered":"http:\/\/technopark.elk.pl\/?page_id=6863"},"modified":"2020-02-14T09:56:15","modified_gmt":"2020-02-14T08:56:15","slug":"start-up","status":"publish","type":"page","link":"https:\/\/technopark.elk.pl\/en\/oferta\/start-up\/","title":{"rendered":"Start-up"},"content":{"rendered":"<p><strong>Wspieramy rozw\u00f3j innowacyjnego biznesu w regionie.<\/strong><\/p>\n<p style=\"text-align: justify;\">Park Naukowo-Technologiczny w E\u0142ku od 2014 roku intensywnie zajmuje si\u0119 promocj\u0105 i wsparciem idei start-up\u2019\u00f3w. Widzimy w tym modelu biznesowym ogromny potencja\u0142 do rozwoju innowacyjnych ga\u0142\u0119zi biznesu oraz do aktywizacji m\u0142odych ludzi marz\u0105cych o za\u0142o\u017ceniu w\u0142asnej firmy i realizowaniu swoich plan\u00f3w biznesowych i naukowych.<\/p>\n<p>Poni\u017cej dotychczasowe projekty:<\/p>\n<table class=\" aligncenter\" style=\"width: 59.0907%; border-collapse: collapse; height: 210px;\">\n<tbody>\n<tr style=\"height: 185px;\">\n<td style=\"width: 25%; height: 185px;\"><img decoding=\"async\" loading=\"lazy\" class=\"alignleft wp-image-6912 size-full\" title=\"Startup Heroes\" src=\"http:\/\/technopark.elk.pl\/wp-content\/uploads\/2019\/07\/startup-twoja-przyszlosc-1.jpg\" alt=\"\" width=\"185\" height=\"185\" srcset=\"https:\/\/technopark.elk.pl\/wp-content\/uploads\/2019\/07\/startup-twoja-przyszlosc-1.jpg 185w, https:\/\/technopark.elk.pl\/wp-content\/uploads\/2019\/07\/startup-twoja-przyszlosc-1-150x150.jpg 150w, https:\/\/technopark.elk.pl\/wp-content\/uploads\/2019\/07\/startup-twoja-przyszlosc-1-160x160.jpg 160w, https:\/\/technopark.elk.pl\/wp-content\/uploads\/2019\/07\/startup-twoja-przyszlosc-1-100x100.jpg 100w\" sizes=\"(max-width: 185px) 100vw, 185px\" \/><\/td>\n<td style=\"width: 25%; height: 185px;\"><img decoding=\"async\" loading=\"lazy\" class=\"alignleft wp-image-6916 size-full\" title=\"Twoj Start up - Twoja Przysz\u0142o\u015b\u0107\" src=\"http:\/\/technopark.elk.pl\/wp-content\/uploads\/2019\/07\/startup-heroes-1.jpg\" alt=\"\" width=\"185\" height=\"185\" srcset=\"https:\/\/technopark.elk.pl\/wp-content\/uploads\/2019\/07\/startup-heroes-1.jpg 185w, https:\/\/technopark.elk.pl\/wp-content\/uploads\/2019\/07\/startup-heroes-1-150x150.jpg 150w, https:\/\/technopark.elk.pl\/wp-content\/uploads\/2019\/07\/startup-heroes-1-160x160.jpg 160w, https:\/\/technopark.elk.pl\/wp-content\/uploads\/2019\/07\/startup-heroes-1-100x100.jpg 100w\" sizes=\"(max-width: 185px) 100vw, 185px\" \/><\/td>\n<td style=\"width: 25%; height: 185px;\"><img decoding=\"async\" loading=\"lazy\" class=\"alignleft wp-image-6918 size-full\" title=\"Warmi\u0144sko Mazurski Start-up Inkubator\" src=\"http:\/\/technopark.elk.pl\/wp-content\/uploads\/2019\/07\/startup-inkubator-2.jpg\" alt=\"\" width=\"185\" height=\"185\" srcset=\"https:\/\/technopark.elk.pl\/wp-content\/uploads\/2019\/07\/startup-inkubator-2.jpg 185w, https:\/\/technopark.elk.pl\/wp-content\/uploads\/2019\/07\/startup-inkubator-2-150x150.jpg 150w, https:\/\/technopark.elk.pl\/wp-content\/uploads\/2019\/07\/startup-inkubator-2-160x160.jpg 160w, https:\/\/technopark.elk.pl\/wp-content\/uploads\/2019\/07\/startup-inkubator-2-100x100.jpg 100w\" sizes=\"(max-width: 185px) 100vw, 185px\" \/><\/td>\n<td style=\"width: 25%; height: 185px;\"><img decoding=\"async\" loading=\"lazy\" class=\"alignleft wp-image-6914 size-full\" title=\"Hub of Talents\" src=\"http:\/\/technopark.elk.pl\/wp-content\/uploads\/2019\/07\/hub-of-talents-1.jpg\" alt=\"\" width=\"185\" height=\"185\" srcset=\"https:\/\/technopark.elk.pl\/wp-content\/uploads\/2019\/07\/hub-of-talents-1.jpg 185w, https:\/\/technopark.elk.pl\/wp-content\/uploads\/2019\/07\/hub-of-talents-1-150x150.jpg 150w, https:\/\/technopark.elk.pl\/wp-content\/uploads\/2019\/07\/hub-of-talents-1-160x160.jpg 160w, https:\/\/technopark.elk.pl\/wp-content\/uploads\/2019\/07\/hub-of-talents-1-100x100.jpg 100w\" sizes=\"(max-width: 185px) 100vw, 185px\" \/><\/td>\n<\/tr>\n<\/tbody>\n<\/table>\n<table class=\" aligncenter\" style=\"width: 58.8002%; border-collapse: collapse; height: 24px;\">\n<tbody>\n<tr style=\"height: 24px;\">\n<td style=\"width: 25%; height: 24px;\"><a href=\"http:\/\/www.technopark.elk.pl\/heroes\/\">Start-up Heroes<\/a><\/td>\n<td style=\"width: 25%; height: 24px;\"><a href=\"http:\/\/technopark.elk.pl\/oferta\/start-up-pnt\/twoj-start-up-twoja-przyszlosc\/\">Tw\u00f3j Start-up &#8211; Twoja przysz\u0142o\u015b\u0107<\/a><\/td>\n<td style=\"width: 25%; height: 24px;\"><a href=\"http:\/\/technopark.elk.pl\/oferta\/start-up-pnt\/startup-inkubator\/\">Warmi\u0144sko-Mazurski Start-up Inkubator<\/a><\/td>\n<td style=\"width: 25%; height: 24px;\"><a href=\"http:\/\/technopark.elk.pl\/oferta\/start-up-pnt\/hub-of-talents\/\">Hub of Talents<\/a><\/td>\n<\/tr>\n<\/tbody>\n<\/table>\n<p>&nbsp;<\/p>\n<p>&nbsp;<\/p>\n","protected":false},"excerpt":{"rendered":"<p>Wspieramy rozw\u00f3j innowacyjnego biznesu w regionie. Park Naukowo-Technologiczny w E\u0142ku od 2014 roku intensywnie zajmuje si\u0119 promocj\u0105 i wsparciem idei start-up\u2019\u00f3w. Widzimy w tym modelu biznesowym ogromny potencja\u0142 do rozwoju innowacyjnych ga\u0142\u0119zi biznesu oraz do aktywizacji m\u0142odych ludzi marz\u0105cych o za\u0142o\u017ceniu w\u0142asnej firmy i realizowaniu swoich plan\u00f3w biznesowych i naukowych. Poni\u017cej dotychczasowe projekty: Start-up Heroes [&hellip;]<\/p>\n","protected":false},"author":4,"featured_media":0,"parent":66,"menu_order":2,"comment_status":"closed","ping_status":"closed","template":"","meta":{"footnotes":""},"folder":[],"acf":[],"yoast_head":"<!-- This site is optimized with the Yoast SEO plugin v22.6 - https:\/\/yoast.com\/wordpress\/plugins\/seo\/ -->\n<title>Start-up - Technopark<\/title>\n<meta name=\"robots\" content=\"index, follow, max-snippet:-1, max-image-preview:large, max-video-preview:-1\" \/>\n<link rel=\"canonical\" href=\"https:\/\/technopark.elk.pl\/en\/oferta\/start-up\/\" \/>\n<meta property=\"og:locale\" content=\"en_US\" \/>\n<meta property=\"og:type\" content=\"article\" \/>\n<meta property=\"og:title\" content=\"Start-up - Technopark\" \/>\n<meta property=\"og:description\" content=\"Wspieramy rozw\u00f3j innowacyjnego biznesu w regionie. Park Naukowo-Technologiczny w E\u0142ku od 2014 roku intensywnie zajmuje si\u0119 promocj\u0105 i wsparciem idei start-up\u2019\u00f3w. Widzimy w tym modelu biznesowym ogromny potencja\u0142 do rozwoju innowacyjnych ga\u0142\u0119zi biznesu oraz do aktywizacji m\u0142odych ludzi marz\u0105cych o za\u0142o\u017ceniu w\u0142asnej firmy i realizowaniu swoich plan\u00f3w biznesowych i naukowych. Poni\u017cej dotychczasowe projekty: Start-up Heroes [&hellip;]\" \/>\n<meta property=\"og:url\" content=\"https:\/\/technopark.elk.pl\/oferta\/start-up\/\" \/>\n<meta property=\"og:site_name\" content=\"Technopark\" \/>\n<meta property=\"article:publisher\" content=\"https:\/\/www.facebook.com\/technopark.elk\" \/>\n<meta property=\"article:modified_time\" content=\"2020-02-14T08:56:15+00:00\" \/>\n<meta property=\"og:image\" content=\"http:\/\/technopark.elk.pl\/wp-content\/uploads\/2019\/07\/startup-twoja-przyszlosc-1.jpg\" \/>\n<meta name=\"twitter:card\" content=\"summary_large_image\" \/>\n<script type=\"application\/ld+json\" class=\"yoast-schema-graph\">{\"@context\":\"https:\/\/schema.org\",\"@graph\":[{\"@type\":\"WebPage\",\"@id\":\"https:\/\/technopark.elk.pl\/oferta\/start-up\/\",\"url\":\"https:\/\/technopark.elk.pl\/oferta\/start-up\/\",\"name\":\"Start-up - Technopark\",\"isPartOf\":{\"@id\":\"https:\/\/technopark.elk.pl\/#website\"},\"primaryImageOfPage\":{\"@id\":\"https:\/\/technopark.elk.pl\/oferta\/start-up\/#primaryimage\"},\"image\":{\"@id\":\"https:\/\/technopark.elk.pl\/oferta\/start-up\/#primaryimage\"},\"thumbnailUrl\":\"http:\/\/technopark.elk.pl\/wp-content\/uploads\/2019\/07\/startup-twoja-przyszlosc-1.jpg\",\"datePublished\":\"2019-07-23T06:32:27+00:00\",\"dateModified\":\"2020-02-14T08:56:15+00:00\",\"breadcrumb\":{\"@id\":\"https:\/\/technopark.elk.pl\/oferta\/start-up\/#breadcrumb\"},\"inLanguage\":\"en-US\",\"potentialAction\":[{\"@type\":\"ReadAction\",\"target\":[\"https:\/\/technopark.elk.pl\/oferta\/start-up\/\"]}]},{\"@type\":\"ImageObject\",\"inLanguage\":\"en-US\",\"@id\":\"https:\/\/technopark.elk.pl\/oferta\/start-up\/#primaryimage\",\"url\":\"http:\/\/technopark.elk.pl\/wp-content\/uploads\/2019\/07\/startup-twoja-przyszlosc-1.jpg\",\"contentUrl\":\"http:\/\/technopark.elk.pl\/wp-content\/uploads\/2019\/07\/startup-twoja-przyszlosc-1.jpg\"},{\"@type\":\"BreadcrumbList\",\"@id\":\"https:\/\/technopark.elk.pl\/oferta\/start-up\/#breadcrumb\",\"itemListElement\":[{\"@type\":\"ListItem\",\"position\":1,\"name\":\"Strona g\u0142\u00f3wna\",\"item\":\"https:\/\/technopark.elk.pl\/en\/\"},{\"@type\":\"ListItem\",\"position\":2,\"name\":\"Oferta\",\"item\":\"https:\/\/technopark.elk.pl\/oferta\/\"},{\"@type\":\"ListItem\",\"position\":3,\"name\":\"Start-up\"}]},{\"@type\":\"WebSite\",\"@id\":\"https:\/\/technopark.elk.pl\/#website\",\"url\":\"https:\/\/technopark.elk.pl\/\",\"name\":\"Technopark\",\"description\":\"Park Naukowo-Technologiczny w E\u0142ku\",\"potentialAction\":[{\"@type\":\"SearchAction\",\"target\":{\"@type\":\"EntryPoint\",\"urlTemplate\":\"https:\/\/technopark.elk.pl\/?s={search_term_string}\"},\"query-input\":\"required name=search_term_string\"}],\"inLanguage\":\"en-US\"}]}<\/script>\n<!-- \/ Yoast SEO plugin. -->","yoast_head_json":{"title":"Start-up - Technopark","robots":{"index":"index","follow":"follow","max-snippet":"max-snippet:-1","max-image-preview":"max-image-preview:large","max-video-preview":"max-video-preview:-1"},"canonical":"https:\/\/technopark.elk.pl\/en\/oferta\/start-up\/","og_locale":"en_US","og_type":"article","og_title":"Start-up - Technopark","og_description":"Wspieramy rozw\u00f3j innowacyjnego biznesu w regionie. Park Naukowo-Technologiczny w E\u0142ku od 2014 roku intensywnie zajmuje si\u0119 promocj\u0105 i wsparciem idei start-up\u2019\u00f3w. Widzimy w tym modelu biznesowym ogromny potencja\u0142 do rozwoju innowacyjnych ga\u0142\u0119zi biznesu oraz do aktywizacji m\u0142odych ludzi marz\u0105cych o za\u0142o\u017ceniu w\u0142asnej firmy i realizowaniu swoich plan\u00f3w biznesowych i naukowych. Poni\u017cej dotychczasowe projekty: Start-up Heroes [&hellip;]","og_url":"https:\/\/technopark.elk.pl\/oferta\/start-up\/","og_site_name":"Technopark","article_publisher":"https:\/\/www.facebook.com\/technopark.elk","article_modified_time":"2020-02-14T08:56:15+00:00","og_image":[{"url":"http:\/\/technopark.elk.pl\/wp-content\/uploads\/2019\/07\/startup-twoja-przyszlosc-1.jpg"}],"twitter_card":"summary_large_image","schema":{"@context":"https:\/\/schema.org","@graph":[{"@type":"WebPage","@id":"https:\/\/technopark.elk.pl\/oferta\/start-up\/","url":"https:\/\/technopark.elk.pl\/oferta\/start-up\/","name":"Start-up - Technopark","isPartOf":{"@id":"https:\/\/technopark.elk.pl\/#website"},"primaryImageOfPage":{"@id":"https:\/\/technopark.elk.pl\/oferta\/start-up\/#primaryimage"},"image":{"@id":"https:\/\/technopark.elk.pl\/oferta\/start-up\/#primaryimage"},"thumbnailUrl":"http:\/\/technopark.elk.pl\/wp-content\/uploads\/2019\/07\/startup-twoja-przyszlosc-1.jpg","datePublished":"2019-07-23T06:32:27+00:00","dateModified":"2020-02-14T08:56:15+00:00","breadcrumb":{"@id":"https:\/\/technopark.elk.pl\/oferta\/start-up\/#breadcrumb"},"inLanguage":"en-US","potentialAction":[{"@type":"ReadAction","target":["https:\/\/technopark.elk.pl\/oferta\/start-up\/"]}]},{"@type":"ImageObject","inLanguage":"en-US","@id":"https:\/\/technopark.elk.pl\/oferta\/start-up\/#primaryimage","url":"http:\/\/technopark.elk.pl\/wp-content\/uploads\/2019\/07\/startup-twoja-przyszlosc-1.jpg","contentUrl":"http:\/\/technopark.elk.pl\/wp-content\/uploads\/2019\/07\/startup-twoja-przyszlosc-1.jpg"},{"@type":"BreadcrumbList","@id":"https:\/\/technopark.elk.pl\/oferta\/start-up\/#breadcrumb","itemListElement":[{"@type":"ListItem","position":1,"name":"Strona g\u0142\u00f3wna","item":"https:\/\/technopark.elk.pl\/en\/"},{"@type":"ListItem","position":2,"name":"Oferta","item":"https:\/\/technopark.elk.pl\/oferta\/"},{"@type":"ListItem","position":3,"name":"Start-up"}]},{"@type":"WebSite","@id":"https:\/\/technopark.elk.pl\/#website","url":"https:\/\/technopark.elk.pl\/","name":"Technopark","description":"Park Naukowo-Technologiczny w E\u0142ku","potentialAction":[{"@type":"SearchAction","target":{"@type":"EntryPoint","urlTemplate":"https:\/\/technopark.elk.pl\/?s={search_term_string}"},"query-input":"required name=search_term_string"}],"inLanguage":"en-US"}]}},"_links":{"self":[{"href":"https:\/\/technopark.elk.pl\/en\/wp-json\/wp\/v2\/pages\/6863"}],"collection":[{"href":"https:\/\/technopark.elk.pl\/en\/wp-json\/wp\/v2\/pages"}],"about":[{"href":"https:\/\/technopark.elk.pl\/en\/wp-json\/wp\/v2\/types\/page"}],"author":[{"embeddable":true,"href":"https:\/\/technopark.elk.pl\/en\/wp-json\/wp\/v2\/users\/4"}],"replies":[{"embeddable":true,"href":"https:\/\/technopark.elk.pl\/en\/wp-json\/wp\/v2\/comments?post=6863"}],"version-history":[{"count":18,"href":"https:\/\/technopark.elk.pl\/en\/wp-json\/wp\/v2\/pages\/6863\/revisions"}],"predecessor-version":[{"id":7638,"href":"https:\/\/technopark.elk.pl\/en\/wp-json\/wp\/v2\/pages\/6863\/revisions\/7638"}],"up":[{"embeddable":true,"href":"https:\/\/technopark.elk.pl\/en\/wp-json\/wp\/v2\/pages\/66"}],"wp:attachment":[{"href":"https:\/\/technopark.elk.pl\/en\/wp-json\/wp\/v2\/media?parent=6863"}],"wp:term":[{"taxonomy":"folder","embeddable":true,"href":"https:\/\/technopark.elk.pl\/en\/wp-json\/wp\/v2\/folder?post=6863"}],"curies":[{"name":"wp","href":"https:\/\/api.w.org\/{rel}","templated":true}]}}