{"id":5371,"date":"2018-06-06T13:36:11","date_gmt":"2018-06-06T11:36:11","guid":{"rendered":"http:\/\/beta.technopark.elk.pl\/?page_id=5371"},"modified":"2026-02-17T11:01:04","modified_gmt":"2026-02-17T10:01:04","slug":"polityka-prywatnosci","status":"publish","type":"page","link":"https:\/\/technopark.elk.pl\/en\/polityka-prywatnosci\/","title":{"rendered":"Polityka prywatno\u015bci"},"content":{"rendered":"<p>Polityka Prywatno\u015bci, czyli Zasady Przetwarzania Danych Osobowych w Parku Naukowo-Technologicznym w E\u0142ku poprzez stron\u0119 internetow\u0105 <a href=\"http:\/\/technopark.elk.pl\/\">http:\/\/technopark.elk.pl\/<\/a> jako informacja na podstawie ART. 13 UST. 1 i 2 Og\u00f3lnego Rozporz\u0105dzenia o Ochronie Danych z dnia 27 kwietnia 2016 r. w sprawie ochrony os\u00f3b fizycznych w zwi\u0105zku z przetwarzaniem danych osobowych i w sprawie swobodnego przep\u0142ywu takich danych oraz uchylenia dyrektywy 95\/46\/WE<\/p>\n<p>ADMINISTRATOR DANYCH OSOBOWYCH<\/p>\n<ol>\n<li>Administratorem Pani\/Pana danych osobowych jest Park Naukowo-Technologiczny w E\u0142ku z siedzib\u0105 w E\u0142ku, ul. Podmiejska 5, 19-300 E\u0142k.<\/li>\n<li>W sprawie danych osobowych prosimy o kontakt pisz\u0105c na w\/w adres pocztowy najlepiej z dopiskiem: \u201eInspektor Danych Osobowych\u201d lub adres e-mail: <a href=\"mailto:ido@technopark.elk.pl\">ido@technopark.elk.pl<\/a>.<\/li>\n<li>Administrator stosuje \u015brodki techniczne i organizacyjne zapewniaj\u0105ce ochron\u0119 przetwarzanych danych osobowych odpowiednie do zagro\u017ce\u0144 oraz kategorii danych obj\u0119tych ochron\u0105, a w szczeg\u00f3lno\u015bci zabezpiecza dane przed ich udost\u0119pnieniem osobom nieupowa\u017cnionym, zabraniem przez osob\u0119 nieuprawnion\u0105, przetwarzaniem z naruszeniem obowi\u0105zuj\u0105cych przepis\u00f3w oraz zmian\u0105, utrat\u0105, uszkodzeniem lub zniszczeniem.<\/li>\n<\/ol>\n<p>CEL I CZAS PRZETWARZANIA<\/p>\n<ol start=\"4\">\n<li>Administrator przetwarza Pani\/Pana dane osobowe w nast\u0119puj\u0105cych celach:<\/li>\n<li>oferowania przez nas naszych us\u0142ug (marketing bezpo\u015bredni) (podstawa prawna: art. 6 ust. 1 lit. f RODO);<\/li>\n<li>za dodatkow\u0105 zgod\u0105 wysy\u0142ania newslettera (podstawa z art. 6 ust. 1 lit. a RODO);<\/li>\n<li>rozpatrywania reklamacji w zwi\u0105zku z zawartymi z nami umowami i z\u0142o\u017conymi zam\u00f3wieniami (podstawa z art. 6 ust. 1 lit. b RODO);<\/li>\n<li>wykonania na\u0142o\u017conych na nas wymog\u00f3w ustawowych wynikaj\u0105cych w szczeg\u00f3lno\u015bci z przepis\u00f3w podatkowych i przepis\u00f3w o rachunkowo\u015bci (podstawa z art. 6 1 lit. c RODO);<\/li>\n<li>kontaktowych pod wskazany numer telefonu lub adres e-mail, aby odpowiedzie\u0107 na zapytania (podstawa 6 ust. 1 lit. f RODO, jako tzw. prawnie uzasadniony interes administratora);<\/li>\n<li>dochodzenia roszcze\u0144 z tytu\u0142u prowadzonej przez nas dzia\u0142alno\u015bci gospodarczej i tym samym przetwarzania Pa\u0144stwa danych &#8211; prawo administratora danych b\u0119d\u0105cego przedsi\u0119biorc\u0105 (podstawa 6 ust. 1 lit. b oraz f RODO, jako tzw. prawnie uzasadniony interes administratora, kt\u00f3rym jest dochodzenie naszych roszcze\u0144 i obrona naszych praw).<\/li>\n<li>Podanie danych osobowych, mo\u017ce by\u0107 niezb\u0119dne do zawarcia i realizacji Umowy Wsp\u00f3\u0142pracy b\u0105d\u017a oferowanych przez nas us\u0142ug.<\/li>\n<li>Pani\/Pana dane osobowe b\u0119d\u0105 przetwarzane przez okres uzasadniony do realizacji cel\u00f3w wskazanych w ust. 4, tj.:<\/li>\n<li>przez czas \u015bwiadczenia us\u0142ugi, do czasu wycofania wyra\u017conej zgody lub zg\u0142oszenia skutecznego sprzeciwu wzgl\u0119dem przetwarzania danych w przypadkach, gdy podstaw\u0105 prawn\u0105 przetwarzania danych jest uzasadniony interes ADO;<\/li>\n<li>okres przetwarzania danych mo\u017ce by\u0107 przed\u0142u\u017cony, gdy przetwarzanie jest niezb\u0119dne do ustalenia i dochodzenia ewentualnych roszcze\u0144 lub obrony przed nimi, a po tym czasie jedynie w przypadku i w zakresie, w jakim b\u0119d\u0105 wymaga\u0107 tego przepisy prawa. I tak, dane osobowe kt\u00f3re zosta\u0142y przez Pa\u0144stwa przekazane w celu:<\/li>\n<\/ol>\n<ul>\n<li>zawarcia i wykonania umowy b\u0119d\u0119 przetwarzane przez czas trwania umowy i do czasu up\u0142ywu termin\u00f3w do dochodzenia roszcze\u0144;<\/li>\n<li>rozpatrywania reklamacji b\u0119d\u0105 przetwarzane przez 1 rok po terminie up\u0142ywu r\u0119kojmi lub rozliczeniu reklamacji;<\/li>\n<li>archiwizowania dokument\u00f3w rozliczeniowych b\u0119d\u0119 przetwarzane do czasu up\u0142ywu okresu przedawnienia zobowi\u0105zania podatkowego;<\/li>\n<li>obs\u0142ugi zapyta\u0144 i innych wniosk\u00f3w do nas kierowanych, w tym zapewnienie rozliczalno\u015bci prowadzonych przez ADO dzia\u0142a\u0144 przez okres 3 lat.<\/li>\n<\/ul>\n<p>ODBIORCY DANYCH<\/p>\n<ol start=\"7\">\n<li>W ramach poszczeg\u00f3lnych Us\u0142ug Zaufani Partnerzy, m. in. Radca Prawny, instytucje zarz\u0105dzaj\u0105ce projektami, itp. mog\u0105 by\u0107 Odbiorcami Pa\u0144stwa danych. Pa\u0144stwa dane mog\u0105 by\u0107 r\u00f3wnie\u017c przygotowane podmiotom uprawnionym do ich uzyskania na podstawie obowi\u0105zuj\u0105cego prawa np. organom \u015bcigania w razie zg\u0142oszenia przez organ \u017c\u0105dania na odpowiedniej podstawie prawnej (np. dla potrzeb tocz\u0105cego si\u0119 post\u0119powania karnego).<\/li>\n<\/ol>\n<p>COOKIES I DANE EKSPLOATACYJNE<\/p>\n<ol start=\"8\">\n<li>Pliki Cookies (ciasteczka) s\u0105 to niewielkie informacje tekstowe w postaci plik\u00f3w tekstowych, wysy\u0142ane przez serwer i zapisywane po stronie osoby odwiedzaj\u0105cej stron\u0119 (np. na dysku twardym komputera, laptopa, czy te\u017c na karcie pami\u0119ci smartfona \u2013 w zale\u017cno\u015bci z jakiego urz\u0105dzenia korzysta odwiedzaj\u0105cy). Szczeg\u00f3\u0142owe informacje dot. plik\u00f3w Cookies, a tak\u017ce histori\u0119 ich powstania mo\u017cna znale\u017a\u0107 m.in. tutaj: <a href=\"http:\/\/pl.wikipedia.org\/wiki\/Ciasteczko\">http:\/\/pl.wikipedia.org\/wiki\/Ciasteczko<\/a>.<\/li>\n<li>Administrator mo\u017ce przetwarza\u0107 dane zawarte w plikach Cookies podczas korzystania przez odwiedzaj\u0105cych w nast\u0119puj\u0105cych celach:<\/li>\n<li>prowadzenia anonimowych statystyk przedstawiaj\u0105cych spos\u00f3b korzystania ze strony internetowej www.<\/li>\n<li>Administrator korzysta z us\u0142ug Google TAG Manager dostarczanych przez firm\u0119 Google Inc. (1600 Amphitheatre Parkway, Mountain View, CA 94043, USA). Us\u0142ugi te pomagaj\u0105 Administratorowi analizowa\u0107 spos\u00f3b korzystania ze strony internetowej www.<\/li>\n<\/ol>\n<p>PRAWO KONTROLI, DOST\u0118PU DO TRE\u015aCI SWOICH DANYCH ORAZ ICH POPRAWIANIA<\/p>\n<ol start=\"11\">\n<li>W zwi\u0105zku z przetwarzaniem Pani\/Pana danych osobowych przys\u0142uguje Panu\/Pani:<\/li>\n<li>prawo dost\u0119pu do tre\u015bci swoich danych osobowych,<\/li>\n<li>prawo do ich sprostowania, gdy s\u0105 niezgodne ze stanem rzeczywistym,<\/li>\n<li>prawo do ich usuni\u0119cia lub ograniczenia przetwarzania danych,<\/li>\n<li>prawo do wniesienia sprzeciwu wobec przetwarzania danych osobowych,<\/li>\n<li>prawo do przenoszenia danych.<\/li>\n<li>Organem nadzorczym w zakresie danych osobowych jest Urz\u0105d Ochrony Danych Osobowych. Posiada Pani\/Pan prawo wniesienia skargi do organu nadzorczego.<\/li>\n<li>W przypadku, gdy podanie przez Pani\u0105\/Pana danych osobowych nast\u0119puje w celu zawarcia umowy, podanie przez Pani\u0105\/Pana danych osobowych jest warunkiem zawarcia tej Umowy. Podanie danych osobowych w tej sytuacji jest dobrowolne, jednak konsekwencj\u0105 niepodania tych danych b\u0119dzie brak mo\u017cliwo\u015bci zawarcia umowy.<\/li>\n<\/ol>\n<p><a href=\"https:\/\/technopark.elk.pl\/wp-content\/uploads\/2022\/01\/Polityka-Prywatnosci-technopark.pdf\">Polityka prywatno\u015bci.pdf<\/a><\/p>","protected":false},"excerpt":{"rendered":"<p>Polityka Prywatno\u015bci, czyli Zasady Przetwarzania Danych Osobowych w Parku Naukowo-Technologicznym w E\u0142ku poprzez stron\u0119 internetow\u0105 http:\/\/technopark.elk.pl\/ jako informacja na podstawie ART. 13 UST. 1 i 2 Og\u00f3lnego Rozporz\u0105dzenia o Ochronie Danych z dnia 27 kwietnia 2016 r. w sprawie ochrony os\u00f3b fizycznych w zwi\u0105zku z przetwarzaniem danych osobowych i w sprawie swobodnego przep\u0142ywu takich danych [&hellip;]<\/p>\n","protected":false},"author":1,"featured_media":0,"parent":0,"menu_order":0,"comment_status":"closed","ping_status":"closed","template":"","meta":{"footnotes":""},"folder":[],"acf":[],"yoast_head":"<!-- This site is optimized with the Yoast SEO plugin v22.6 - https:\/\/yoast.com\/wordpress\/plugins\/seo\/ -->\n<title>Polityka prywatno\u015bci - Technopark<\/title>\n<meta name=\"robots\" content=\"index, follow, max-snippet:-1, max-image-preview:large, max-video-preview:-1\" \/>\n<link rel=\"canonical\" href=\"https:\/\/technopark.elk.pl\/en\/polityka-prywatnosci\/\" \/>\n<meta property=\"og:locale\" content=\"en_US\" \/>\n<meta property=\"og:type\" content=\"article\" \/>\n<meta property=\"og:title\" content=\"Polityka prywatno\u015bci - Technopark\" \/>\n<meta property=\"og:description\" content=\"Polityka Prywatno\u015bci, czyli Zasady Przetwarzania Danych Osobowych w Parku Naukowo-Technologicznym w E\u0142ku poprzez stron\u0119 internetow\u0105 http:\/\/technopark.elk.pl\/ jako informacja na podstawie ART. 13 UST. 1 i 2 Og\u00f3lnego Rozporz\u0105dzenia o Ochronie Danych z dnia 27 kwietnia 2016 r. w sprawie ochrony os\u00f3b fizycznych w zwi\u0105zku z przetwarzaniem danych osobowych i w sprawie swobodnego przep\u0142ywu takich danych [&hellip;]\" \/>\n<meta property=\"og:url\" content=\"https:\/\/technopark.elk.pl\/polityka-prywatnosci\/\" \/>\n<meta property=\"og:site_name\" content=\"Technopark\" \/>\n<meta property=\"article:publisher\" content=\"https:\/\/www.facebook.com\/technopark.elk\" \/>\n<meta property=\"article:modified_time\" content=\"2026-02-17T10:01:04+00:00\" \/>\n<meta name=\"twitter:card\" content=\"summary_large_image\" \/>\n<meta name=\"twitter:label1\" content=\"Est. reading time\" \/>\n\t<meta name=\"twitter:data1\" content=\"5 minutes\" \/>\n<script type=\"application\/ld+json\" class=\"yoast-schema-graph\">{\"@context\":\"https:\/\/schema.org\",\"@graph\":[{\"@type\":\"WebPage\",\"@id\":\"https:\/\/technopark.elk.pl\/polityka-prywatnosci\/\",\"url\":\"https:\/\/technopark.elk.pl\/polityka-prywatnosci\/\",\"name\":\"Polityka prywatno\u015bci - Technopark\",\"isPartOf\":{\"@id\":\"https:\/\/technopark.elk.pl\/#website\"},\"datePublished\":\"2018-06-06T11:36:11+00:00\",\"dateModified\":\"2026-02-17T10:01:04+00:00\",\"breadcrumb\":{\"@id\":\"https:\/\/technopark.elk.pl\/polityka-prywatnosci\/#breadcrumb\"},\"inLanguage\":\"en-US\",\"potentialAction\":[{\"@type\":\"ReadAction\",\"target\":[\"https:\/\/technopark.elk.pl\/polityka-prywatnosci\/\"]}]},{\"@type\":\"BreadcrumbList\",\"@id\":\"https:\/\/technopark.elk.pl\/polityka-prywatnosci\/#breadcrumb\",\"itemListElement\":[{\"@type\":\"ListItem\",\"position\":1,\"name\":\"Strona g\u0142\u00f3wna\",\"item\":\"https:\/\/technopark.elk.pl\/en\/\"},{\"@type\":\"ListItem\",\"position\":2,\"name\":\"Polityka prywatno\u015bci\"}]},{\"@type\":\"WebSite\",\"@id\":\"https:\/\/technopark.elk.pl\/#website\",\"url\":\"https:\/\/technopark.elk.pl\/\",\"name\":\"Technopark\",\"description\":\"Park Naukowo-Technologiczny w E\u0142ku\",\"potentialAction\":[{\"@type\":\"SearchAction\",\"target\":{\"@type\":\"EntryPoint\",\"urlTemplate\":\"https:\/\/technopark.elk.pl\/?s={search_term_string}\"},\"query-input\":\"required name=search_term_string\"}],\"inLanguage\":\"en-US\"}]}<\/script>\n<!-- \/ Yoast SEO plugin. -->","yoast_head_json":{"title":"Polityka prywatno\u015bci - Technopark","robots":{"index":"index","follow":"follow","max-snippet":"max-snippet:-1","max-image-preview":"max-image-preview:large","max-video-preview":"max-video-preview:-1"},"canonical":"https:\/\/technopark.elk.pl\/en\/polityka-prywatnosci\/","og_locale":"en_US","og_type":"article","og_title":"Polityka prywatno\u015bci - Technopark","og_description":"Polityka Prywatno\u015bci, czyli Zasady Przetwarzania Danych Osobowych w Parku Naukowo-Technologicznym w E\u0142ku poprzez stron\u0119 internetow\u0105 http:\/\/technopark.elk.pl\/ jako informacja na podstawie ART. 13 UST. 1 i 2 Og\u00f3lnego Rozporz\u0105dzenia o Ochronie Danych z dnia 27 kwietnia 2016 r. w sprawie ochrony os\u00f3b fizycznych w zwi\u0105zku z przetwarzaniem danych osobowych i w sprawie swobodnego przep\u0142ywu takich danych [&hellip;]","og_url":"https:\/\/technopark.elk.pl\/polityka-prywatnosci\/","og_site_name":"Technopark","article_publisher":"https:\/\/www.facebook.com\/technopark.elk","article_modified_time":"2026-02-17T10:01:04+00:00","twitter_card":"summary_large_image","twitter_misc":{"Est. reading time":"5 minutes"},"schema":{"@context":"https:\/\/schema.org","@graph":[{"@type":"WebPage","@id":"https:\/\/technopark.elk.pl\/polityka-prywatnosci\/","url":"https:\/\/technopark.elk.pl\/polityka-prywatnosci\/","name":"Polityka prywatno\u015bci - Technopark","isPartOf":{"@id":"https:\/\/technopark.elk.pl\/#website"},"datePublished":"2018-06-06T11:36:11+00:00","dateModified":"2026-02-17T10:01:04+00:00","breadcrumb":{"@id":"https:\/\/technopark.elk.pl\/polityka-prywatnosci\/#breadcrumb"},"inLanguage":"en-US","potentialAction":[{"@type":"ReadAction","target":["https:\/\/technopark.elk.pl\/polityka-prywatnosci\/"]}]},{"@type":"BreadcrumbList","@id":"https:\/\/technopark.elk.pl\/polityka-prywatnosci\/#breadcrumb","itemListElement":[{"@type":"ListItem","position":1,"name":"Strona g\u0142\u00f3wna","item":"https:\/\/technopark.elk.pl\/en\/"},{"@type":"ListItem","position":2,"name":"Polityka prywatno\u015bci"}]},{"@type":"WebSite","@id":"https:\/\/technopark.elk.pl\/#website","url":"https:\/\/technopark.elk.pl\/","name":"Technopark","description":"Park Naukowo-Technologiczny w E\u0142ku","potentialAction":[{"@type":"SearchAction","target":{"@type":"EntryPoint","urlTemplate":"https:\/\/technopark.elk.pl\/?s={search_term_string}"},"query-input":"required name=search_term_string"}],"inLanguage":"en-US"}]}},"_links":{"self":[{"href":"https:\/\/technopark.elk.pl\/en\/wp-json\/wp\/v2\/pages\/5371"}],"collection":[{"href":"https:\/\/technopark.elk.pl\/en\/wp-json\/wp\/v2\/pages"}],"about":[{"href":"https:\/\/technopark.elk.pl\/en\/wp-json\/wp\/v2\/types\/page"}],"author":[{"embeddable":true,"href":"https:\/\/technopark.elk.pl\/en\/wp-json\/wp\/v2\/users\/1"}],"replies":[{"embeddable":true,"href":"https:\/\/technopark.elk.pl\/en\/wp-json\/wp\/v2\/comments?post=5371"}],"version-history":[{"count":10,"href":"https:\/\/technopark.elk.pl\/en\/wp-json\/wp\/v2\/pages\/5371\/revisions"}],"predecessor-version":[{"id":16253,"href":"https:\/\/technopark.elk.pl\/en\/wp-json\/wp\/v2\/pages\/5371\/revisions\/16253"}],"wp:attachment":[{"href":"https:\/\/technopark.elk.pl\/en\/wp-json\/wp\/v2\/media?parent=5371"}],"wp:term":[{"taxonomy":"folder","embeddable":true,"href":"https:\/\/technopark.elk.pl\/en\/wp-json\/wp\/v2\/folder?post=5371"}],"curies":[{"name":"wp","href":"https:\/\/api.w.org\/{rel}","templated":true}]}}