{"id":13246,"date":"2024-05-08T11:17:21","date_gmt":"2024-05-08T09:17:21","guid":{"rendered":"https:\/\/technopark.elk.pl\/?page_id=13246"},"modified":"2024-05-27T08:01:28","modified_gmt":"2024-05-27T06:01:28","slug":"dzien-otwarty-z-parp-w-pnt-w-elku","status":"publish","type":"page","link":"https:\/\/technopark.elk.pl\/en\/dzien-otwarty-z-parp-w-pnt-w-elku\/","title":{"rendered":"Dzie\u0144 otwarty z PARP w PNT w E\u0142ku"},"content":{"rendered":"<p><img decoding=\"async\" loading=\"lazy\" class=\"aligncenter size-full wp-image-13249\" src=\"https:\/\/technopark.elk.pl\/wp-content\/uploads\/2024\/05\/dzien-otwarty-z-PARP-www-1.png\" alt=\"Dzie\u0144 otwarty PARP\" width=\"940\" height=\"538\" srcset=\"https:\/\/technopark.elk.pl\/wp-content\/uploads\/2024\/05\/dzien-otwarty-z-PARP-www-1.png 940w, https:\/\/technopark.elk.pl\/wp-content\/uploads\/2024\/05\/dzien-otwarty-z-PARP-www-1-300x172.png 300w, https:\/\/technopark.elk.pl\/wp-content\/uploads\/2024\/05\/dzien-otwarty-z-PARP-www-1-768x440.png 768w, https:\/\/technopark.elk.pl\/wp-content\/uploads\/2024\/05\/dzien-otwarty-z-PARP-www-1-565x323.png 565w, https:\/\/technopark.elk.pl\/wp-content\/uploads\/2024\/05\/dzien-otwarty-z-PARP-www-1-160x92.png 160w, https:\/\/technopark.elk.pl\/wp-content\/uploads\/2024\/05\/dzien-otwarty-z-PARP-www-1-120x69.png 120w\" sizes=\"(max-width: 940px) 100vw, 940px\" \/><\/p>\n<h3 style=\"text-align: center;\"><strong><span style=\"color: #00ccff;\">Zapraszamy do rejestracji na poszczeg\u00f3lne konsultacje:<\/span><\/strong><\/h3>\n<p class=\"cvGsUA direction-ltr align-start para-style-body\"><span class=\"OYPEnA text-decoration-none text-strikethrough-none\">1. Podnoszenie kompetencji pracownik\u00f3w \/ Szkolenia dla pracownik\u00f3w <\/span><span class=\"OYPEnA text-decoration-none text-strikethrough-none\">(Baza Us\u0142ug Rozwojowych \/ Akademia PARP), Erasmus dla firm (organizacja wyjazd\u00f3w zagranicznych dla m\u0142odych przedsi\u0119biorc\u00f3w), inkubacja startup\u00f3w \/<\/span><\/p>\n<p class=\"cvGsUA direction-ltr align-start para-style-body\"><strong><span class=\"OYPEnA text-decoration-none text-strikethrough-none\">Ekspert Albert Wronowski<\/span><\/strong><\/p>\n<p>Zapisy zamkni\u0119te<\/p>\n<hr>\n<p class=\"cvGsUA direction-ltr align-start para-style-body\"><span class=\"OYPEnA text-decoration-none text-strikethrough-none\">2. Wzornictwo, Automatyzacja i Robotyzacja (PO Fundusze Europejskie Polska Wschodnia), Prace B+R, Infrastruktura B+R, Transformacja cyfrowa, Zielon\u0105 transformacja, Internacjonalizacja &#8211; w ramach \u015acie\u017cki Smart, Granty na Eurogranty, Promocja marki M\u015aP <\/span><span class=\"OYPEnA text-decoration-none text-strikethrough-none\">(PO Fundusze Europejskie Nowoczesna Gospodarka)<\/span><\/p>\n<p class=\"cvGsUA direction-ltr align-start para-style-body\"><strong><span class=\"OYPEnA text-decoration-none text-strikethrough-none\">Ekspert Agnieszka Stajszczak<\/span><\/strong><\/p>\n<p>Zapisy zamkni\u0119te<\/p>\n<hr>\n<p><span class=\"OYPEnA text-decoration-none text-strikethrough-none\">3. Wdra\u017canie Gospodarki Obiegu Zamkni\u0119tego<\/span><\/p>\n<p><strong><span class=\"OYPEnA text-decoration-none text-strikethrough-none\">Ekspert Ma\u0142gorzata W\u00f3jcik<\/span><\/strong><\/p>\n<p>Zapisy zamkni\u0119te<\/p>\n<hr>\n<p><span style=\"font-size: 8pt;\"><strong>RODO<\/strong><\/span><\/p>\n<p><span style=\"font-size: 8pt;\">Zgodnie z&nbsp;Rozporz\u0105dzeniem Parlamentu Europejskiego i&nbsp;Rady (UE) 2016\/679 z&nbsp;dnia 27 kwietnia 2016 r. w&nbsp;sprawie ochrony os\u00f3b fizycznych w&nbsp;zwi\u0105zku z&nbsp;przetwarzaniem danych osobowych i&nbsp;w&nbsp;sprawie swobodnego przep\u0142ywu takich danych oraz uchylenia dyrektywy 95\/46\/WE (dalej: Rozporz\u0105dzenie) informujemy, \u017ce poni\u017csze informacje s\u0105 niezb\u0119dne do zapewnienia rzetelno\u015bci i&nbsp;przejrzysto\u015bci przetwarzania przez nas danych osobowych:<\/span><\/p>\n<ol>\n<li><span style=\"font-size: 8pt;\">Administratorem danych osobowych jest Park Naukowo-Technologiczny w E\u0142ku \u2013&nbsp; jednostka bud\u017cetowa Gminy Miasta E\u0142k z&nbsp;siedzib\u0105 w E\u0142ku: 19-300 E\u0142k, ul. Podmiejska 5.<\/span><\/li>\n<li><span style=\"font-size: 8pt;\">Kontakt z&nbsp;Inspektorem Ochrony Danych mo\u017cliwy jest pod adresem: ido@technopark.elk.pl.<\/span><\/li>\n<li><span style=\"font-size: 8pt;\">Dane osobowe przetwarzane b\u0119d\u0105 dla potrzeb organizacji i realizacji wydarzenia na czas jego trwania oraz na czas zwi\u0105zany z ewentualn\u0105 windykacj\u0105, dochodzeniem spraw w post\u0119powaniu s\u0105dowym oraz dla wykonania zobowi\u0105za\u0144 publicznoprawnych i podatkowych, zgodnie z ich przeznaczeniem, ustawowym okresem archiwizacji b\u0105d\u017a wyd\u0142u\u017conym czasem ewentualnych roszcze\u0144.<\/span><\/li>\n<li><span style=\"font-size: 8pt;\">Dane nie podlegaj\u0105 automatyzacji ani profilowaniu.<\/span><\/li>\n<li><span style=\"font-size: 8pt;\">Podstaw\u0105 prawn\u0105 przetwarzania danych jest art. 6 ust. 1 lit b, f w\/w Rozporz\u0105dzenia.<\/span><\/li>\n<li><span style=\"font-size: 8pt;\">Odbiorcami danych osobowych b\u0119d\u0105 wy\u0142\u0105cznie podmioty uprawione do rozliczania i kontroli dzia\u0142alno\u015bci Administratora, podmioty \u015bwiadcz\u0105ce na rzecz Administratora (o ile przedmiot umowy dotyczy takiego zakresu) us\u0142ugi prawne, banki za pomoc\u0105 kt\u00f3rych dokonywana jest p\u0142atno\u015b\u0107 \u015bwiadcze\u0144 wynikaj\u0105cych z niniejszej umowy, firmy hostingowe dostarczaj\u0105ce us\u0142ugi poczty elektronicznej na rzecz Zleceniobiorcy, operatorzy telekomunikacyjni \u015bwiadcz\u0105cy us\u0142ugi teleinformatyczne na rzecz Administratora Danych Osobowych.<\/span><\/li>\n<li><span style=\"font-size: 8pt;\">Ka\u017cdy, kt\u00f3rego dane dotycz\u0105 ma prawo do \u017c\u0105dania od Administratora danych osobowych dost\u0119pu do danych osobowych, ich sprostowania, ograniczenia przetwarzania, a&nbsp;tak\u017ce prawo do przenoszenia danych.<\/span><\/li>\n<li><span style=\"font-size: 8pt;\">Ka\u017cdy, kt\u00f3rego dane dotycz\u0105 ma prawo wniesienia skargi do organu nadzorczego, tj. Prezesa Urz\u0119du Ochrony Danych Osobowych.<\/span><\/li>\n<li><span style=\"font-size: 8pt;\">Podanie danych osobowych jest dobrowolne, ale w przypadku ich niepodania niemo\u017cliwa b\u0119dzie rejestracja i udzia\u0142 w wydarzeniu.<\/span><\/li>\n<\/ol>\n","protected":false},"excerpt":{"rendered":"<p>Zapraszamy do rejestracji na poszczeg\u00f3lne konsultacje: 1. Podnoszenie kompetencji pracownik\u00f3w \/ Szkolenia dla pracownik\u00f3w (Baza Us\u0142ug Rozwojowych \/ Akademia PARP), Erasmus dla firm (organizacja wyjazd\u00f3w zagranicznych dla m\u0142odych przedsi\u0119biorc\u00f3w), inkubacja startup\u00f3w \/ Ekspert Albert Wronowski Zapisy zamkni\u0119te 2. Wzornictwo, Automatyzacja i Robotyzacja (PO Fundusze Europejskie Polska Wschodnia), Prace B+R, Infrastruktura B+R, Transformacja cyfrowa, Zielon\u0105 transformacja, [&hellip;]<\/p>\n","protected":false},"author":4,"featured_media":0,"parent":0,"menu_order":0,"comment_status":"closed","ping_status":"closed","template":"","meta":{"footnotes":""},"folder":[],"acf":[],"yoast_head":"<!-- This site is optimized with the Yoast SEO plugin v22.6 - https:\/\/yoast.com\/wordpress\/plugins\/seo\/ -->\n<title>Dzie\u0144 otwarty z PARP w PNT w E\u0142ku - Technopark<\/title>\n<meta name=\"robots\" content=\"index, follow, max-snippet:-1, max-image-preview:large, max-video-preview:-1\" \/>\n<link rel=\"canonical\" href=\"https:\/\/technopark.elk.pl\/en\/dzien-otwarty-z-parp-w-pnt-w-elku\/\" \/>\n<meta property=\"og:locale\" content=\"en_US\" \/>\n<meta property=\"og:type\" content=\"article\" \/>\n<meta property=\"og:title\" content=\"Dzie\u0144 otwarty z PARP w PNT w E\u0142ku - Technopark\" \/>\n<meta property=\"og:description\" content=\"Zapraszamy do rejestracji na poszczeg\u00f3lne konsultacje: 1. Podnoszenie kompetencji pracownik\u00f3w \/ Szkolenia dla pracownik\u00f3w (Baza Us\u0142ug Rozwojowych \/ Akademia PARP), Erasmus dla firm (organizacja wyjazd\u00f3w zagranicznych dla m\u0142odych przedsi\u0119biorc\u00f3w), inkubacja startup\u00f3w \/ Ekspert Albert Wronowski Zapisy zamkni\u0119te 2. Wzornictwo, Automatyzacja i Robotyzacja (PO Fundusze Europejskie Polska Wschodnia), Prace B+R, Infrastruktura B+R, Transformacja cyfrowa, Zielon\u0105 transformacja, [&hellip;]\" \/>\n<meta property=\"og:url\" content=\"https:\/\/technopark.elk.pl\/dzien-otwarty-z-parp-w-pnt-w-elku\/\" \/>\n<meta property=\"og:site_name\" content=\"Technopark\" \/>\n<meta property=\"article:publisher\" content=\"https:\/\/www.facebook.com\/technopark.elk\" \/>\n<meta property=\"article:modified_time\" content=\"2024-05-27T06:01:28+00:00\" \/>\n<meta property=\"og:image\" content=\"https:\/\/technopark.elk.pl\/wp-content\/uploads\/2024\/05\/dzien-otwarty-z-PARP-www-1.png\" \/>\n<meta name=\"twitter:card\" content=\"summary_large_image\" \/>\n<meta name=\"twitter:label1\" content=\"Est. reading time\" \/>\n\t<meta name=\"twitter:data1\" content=\"3 minutes\" \/>\n<script type=\"application\/ld+json\" class=\"yoast-schema-graph\">{\"@context\":\"https:\/\/schema.org\",\"@graph\":[{\"@type\":\"WebPage\",\"@id\":\"https:\/\/technopark.elk.pl\/dzien-otwarty-z-parp-w-pnt-w-elku\/\",\"url\":\"https:\/\/technopark.elk.pl\/dzien-otwarty-z-parp-w-pnt-w-elku\/\",\"name\":\"Dzie\u0144 otwarty z PARP w PNT w E\u0142ku - Technopark\",\"isPartOf\":{\"@id\":\"https:\/\/technopark.elk.pl\/#website\"},\"primaryImageOfPage\":{\"@id\":\"https:\/\/technopark.elk.pl\/dzien-otwarty-z-parp-w-pnt-w-elku\/#primaryimage\"},\"image\":{\"@id\":\"https:\/\/technopark.elk.pl\/dzien-otwarty-z-parp-w-pnt-w-elku\/#primaryimage\"},\"thumbnailUrl\":\"https:\/\/technopark.elk.pl\/wp-content\/uploads\/2024\/05\/dzien-otwarty-z-PARP-www-1.png\",\"datePublished\":\"2024-05-08T09:17:21+00:00\",\"dateModified\":\"2024-05-27T06:01:28+00:00\",\"breadcrumb\":{\"@id\":\"https:\/\/technopark.elk.pl\/dzien-otwarty-z-parp-w-pnt-w-elku\/#breadcrumb\"},\"inLanguage\":\"en-US\",\"potentialAction\":[{\"@type\":\"ReadAction\",\"target\":[\"https:\/\/technopark.elk.pl\/dzien-otwarty-z-parp-w-pnt-w-elku\/\"]}]},{\"@type\":\"ImageObject\",\"inLanguage\":\"en-US\",\"@id\":\"https:\/\/technopark.elk.pl\/dzien-otwarty-z-parp-w-pnt-w-elku\/#primaryimage\",\"url\":\"https:\/\/technopark.elk.pl\/wp-content\/uploads\/2024\/05\/dzien-otwarty-z-PARP-www-1.png\",\"contentUrl\":\"https:\/\/technopark.elk.pl\/wp-content\/uploads\/2024\/05\/dzien-otwarty-z-PARP-www-1.png\"},{\"@type\":\"BreadcrumbList\",\"@id\":\"https:\/\/technopark.elk.pl\/dzien-otwarty-z-parp-w-pnt-w-elku\/#breadcrumb\",\"itemListElement\":[{\"@type\":\"ListItem\",\"position\":1,\"name\":\"Strona g\u0142\u00f3wna\",\"item\":\"https:\/\/technopark.elk.pl\/en\/\"},{\"@type\":\"ListItem\",\"position\":2,\"name\":\"Dzie\u0144 otwarty z PARP w PNT w E\u0142ku\"}]},{\"@type\":\"WebSite\",\"@id\":\"https:\/\/technopark.elk.pl\/#website\",\"url\":\"https:\/\/technopark.elk.pl\/\",\"name\":\"Technopark\",\"description\":\"Park Naukowo-Technologiczny w E\u0142ku\",\"potentialAction\":[{\"@type\":\"SearchAction\",\"target\":{\"@type\":\"EntryPoint\",\"urlTemplate\":\"https:\/\/technopark.elk.pl\/?s={search_term_string}\"},\"query-input\":\"required name=search_term_string\"}],\"inLanguage\":\"en-US\"}]}<\/script>\n<!-- \/ Yoast SEO plugin. -->","yoast_head_json":{"title":"Dzie\u0144 otwarty z PARP w PNT w E\u0142ku - Technopark","robots":{"index":"index","follow":"follow","max-snippet":"max-snippet:-1","max-image-preview":"max-image-preview:large","max-video-preview":"max-video-preview:-1"},"canonical":"https:\/\/technopark.elk.pl\/en\/dzien-otwarty-z-parp-w-pnt-w-elku\/","og_locale":"en_US","og_type":"article","og_title":"Dzie\u0144 otwarty z PARP w PNT w E\u0142ku - Technopark","og_description":"Zapraszamy do rejestracji na poszczeg\u00f3lne konsultacje: 1. Podnoszenie kompetencji pracownik\u00f3w \/ Szkolenia dla pracownik\u00f3w (Baza Us\u0142ug Rozwojowych \/ Akademia PARP), Erasmus dla firm (organizacja wyjazd\u00f3w zagranicznych dla m\u0142odych przedsi\u0119biorc\u00f3w), inkubacja startup\u00f3w \/ Ekspert Albert Wronowski Zapisy zamkni\u0119te 2. Wzornictwo, Automatyzacja i Robotyzacja (PO Fundusze Europejskie Polska Wschodnia), Prace B+R, Infrastruktura B+R, Transformacja cyfrowa, Zielon\u0105 transformacja, [&hellip;]","og_url":"https:\/\/technopark.elk.pl\/dzien-otwarty-z-parp-w-pnt-w-elku\/","og_site_name":"Technopark","article_publisher":"https:\/\/www.facebook.com\/technopark.elk","article_modified_time":"2024-05-27T06:01:28+00:00","og_image":[{"url":"https:\/\/technopark.elk.pl\/wp-content\/uploads\/2024\/05\/dzien-otwarty-z-PARP-www-1.png"}],"twitter_card":"summary_large_image","twitter_misc":{"Est. reading time":"3 minutes"},"schema":{"@context":"https:\/\/schema.org","@graph":[{"@type":"WebPage","@id":"https:\/\/technopark.elk.pl\/dzien-otwarty-z-parp-w-pnt-w-elku\/","url":"https:\/\/technopark.elk.pl\/dzien-otwarty-z-parp-w-pnt-w-elku\/","name":"Dzie\u0144 otwarty z PARP w PNT w E\u0142ku - Technopark","isPartOf":{"@id":"https:\/\/technopark.elk.pl\/#website"},"primaryImageOfPage":{"@id":"https:\/\/technopark.elk.pl\/dzien-otwarty-z-parp-w-pnt-w-elku\/#primaryimage"},"image":{"@id":"https:\/\/technopark.elk.pl\/dzien-otwarty-z-parp-w-pnt-w-elku\/#primaryimage"},"thumbnailUrl":"https:\/\/technopark.elk.pl\/wp-content\/uploads\/2024\/05\/dzien-otwarty-z-PARP-www-1.png","datePublished":"2024-05-08T09:17:21+00:00","dateModified":"2024-05-27T06:01:28+00:00","breadcrumb":{"@id":"https:\/\/technopark.elk.pl\/dzien-otwarty-z-parp-w-pnt-w-elku\/#breadcrumb"},"inLanguage":"en-US","potentialAction":[{"@type":"ReadAction","target":["https:\/\/technopark.elk.pl\/dzien-otwarty-z-parp-w-pnt-w-elku\/"]}]},{"@type":"ImageObject","inLanguage":"en-US","@id":"https:\/\/technopark.elk.pl\/dzien-otwarty-z-parp-w-pnt-w-elku\/#primaryimage","url":"https:\/\/technopark.elk.pl\/wp-content\/uploads\/2024\/05\/dzien-otwarty-z-PARP-www-1.png","contentUrl":"https:\/\/technopark.elk.pl\/wp-content\/uploads\/2024\/05\/dzien-otwarty-z-PARP-www-1.png"},{"@type":"BreadcrumbList","@id":"https:\/\/technopark.elk.pl\/dzien-otwarty-z-parp-w-pnt-w-elku\/#breadcrumb","itemListElement":[{"@type":"ListItem","position":1,"name":"Strona g\u0142\u00f3wna","item":"https:\/\/technopark.elk.pl\/en\/"},{"@type":"ListItem","position":2,"name":"Dzie\u0144 otwarty z PARP w PNT w E\u0142ku"}]},{"@type":"WebSite","@id":"https:\/\/technopark.elk.pl\/#website","url":"https:\/\/technopark.elk.pl\/","name":"Technopark","description":"Park Naukowo-Technologiczny w E\u0142ku","potentialAction":[{"@type":"SearchAction","target":{"@type":"EntryPoint","urlTemplate":"https:\/\/technopark.elk.pl\/?s={search_term_string}"},"query-input":"required name=search_term_string"}],"inLanguage":"en-US"}]}},"_links":{"self":[{"href":"https:\/\/technopark.elk.pl\/en\/wp-json\/wp\/v2\/pages\/13246"}],"collection":[{"href":"https:\/\/technopark.elk.pl\/en\/wp-json\/wp\/v2\/pages"}],"about":[{"href":"https:\/\/technopark.elk.pl\/en\/wp-json\/wp\/v2\/types\/page"}],"author":[{"embeddable":true,"href":"https:\/\/technopark.elk.pl\/en\/wp-json\/wp\/v2\/users\/4"}],"replies":[{"embeddable":true,"href":"https:\/\/technopark.elk.pl\/en\/wp-json\/wp\/v2\/comments?post=13246"}],"version-history":[{"count":9,"href":"https:\/\/technopark.elk.pl\/en\/wp-json\/wp\/v2\/pages\/13246\/revisions"}],"predecessor-version":[{"id":13352,"href":"https:\/\/technopark.elk.pl\/en\/wp-json\/wp\/v2\/pages\/13246\/revisions\/13352"}],"wp:attachment":[{"href":"https:\/\/technopark.elk.pl\/en\/wp-json\/wp\/v2\/media?parent=13246"}],"wp:term":[{"taxonomy":"folder","embeddable":true,"href":"https:\/\/technopark.elk.pl\/en\/wp-json\/wp\/v2\/folder?post=13246"}],"curies":[{"name":"wp","href":"https:\/\/api.w.org\/{rel}","templated":true}]}}