{"id":13027,"date":"2024-04-08T11:09:58","date_gmt":"2024-04-08T09:09:58","guid":{"rendered":"https:\/\/technopark.elk.pl\/?page_id=13027"},"modified":"2024-04-22T10:40:35","modified_gmt":"2024-04-22T08:40:35","slug":"kooperacja","status":"publish","type":"page","link":"https:\/\/technopark.elk.pl\/en\/kooperacja\/","title":{"rendered":"Kooperacja bran\u017cy przemys\u0142owej w regionie"},"content":{"rendered":"<p style=\"text-align: center;\"><em>Inteligentne technologie dla Twojej produkcji<\/em><\/p>\n<p style=\"text-align: center;\"><strong>Ju\u017c 23.04.2024 zapraszamy do Parku Naukowo-Technologicznego w E\u0142ku na spotkanie bran\u017cowe dla firm z bran\u017c #przemys\u0142 #obr\u00f3bka metali #produkcja<\/strong><\/p>\n<p style=\"text-align: center;\"><strong>Organizator:<\/strong> PNT E\u0142k \/ <strong>Partner merytoryczny:<\/strong> Klaster przemys\u0142owy EVOLUMA \/ <strong>Patron spotkania:<\/strong> Fundacja Platforma Przemys\u0142u Przysz\u0142o\u015bci \/ <strong>Partnerzy technologiczni: <\/strong>FANUC, ASTOR, ITA<\/p>\n<p style=\"text-align: center;\"><strong>Szanowni Pa\u0144stwo<\/strong>,<\/p>\n<p style=\"text-align: center;\">Mamy przyjemno\u015b\u0107 zaprosi\u0107 Pa\u0144stwa na wyj\u0105tkowe spotkanie bran\u017cowe skierowane do przedsi\u0119biorstw z bran\u017cy metalowej\/przemys\u0142owej\/produkcyjnej, kt\u00f3re odb\u0119dzie si\u0119 23 kwietnia 2024 roku w Parku Naukowo Technologicznym w E\u0142ku.<\/p>\n<p style=\"text-align: center;\">Data: <strong>23 kwietnia 2024<\/strong><br \/>\nGodzina: <strong>10:00 &#8211; 13:00<\/strong><br \/>\nLokalizacja: Park Naukowo Technologiczny, ul. Podmiejska 5, E\u0142k<\/p>\n<p style=\"text-align: center;\"><strong>Liczba miejsc jest ograniczona. <\/strong><strong><span style=\"color: #ff0000;\">Udzia\u0142 bezp\u0142atny<\/span>.<\/strong><\/p>\n<p style=\"text-align: center;\">Prosimy o potwierdzenie udzia\u0142u do dnia <strong>20 kwietnia 2024<\/strong> roku poprzez rejestracj\u0119:<\/p>\n<p>&nbsp;<\/p>\n<p>&nbsp;<\/p>\n<p>&nbsp;<\/p>\n<p><span style=\"font-size: 8pt;\"><strong>RODO<\/strong><\/span><\/p>\n<p><span style=\"font-size: 8pt;\">Zgodnie z&nbsp;Rozporz\u0105dzeniem Parlamentu Europejskiego i&nbsp;Rady (UE) 2016\/679 z&nbsp;dnia 27 kwietnia 2016 r. w&nbsp;sprawie ochrony os\u00f3b fizycznych w&nbsp;zwi\u0105zku z&nbsp;przetwarzaniem danych osobowych i&nbsp;w&nbsp;sprawie swobodnego przep\u0142ywu takich danych oraz uchylenia dyrektywy 95\/46\/WE (dalej: Rozporz\u0105dzenie) informujemy, \u017ce poni\u017csze informacje s\u0105 niezb\u0119dne do zapewnienia rzetelno\u015bci i&nbsp;przejrzysto\u015bci przetwarzania przez nas danych osobowych:<\/span><\/p>\n<ol>\n<li><span style=\"font-size: 8pt;\">Administratorem danych osobowych jest Park Naukowo-Technologiczny w E\u0142ku \u2013&nbsp; jednostka bud\u017cetowa Gminy Miasta E\u0142k z&nbsp;siedzib\u0105 w E\u0142ku: 19-300 E\u0142k, ul. Podmiejska 5.<\/span><\/li>\n<li><span style=\"font-size: 8pt;\">Kontakt z&nbsp;Inspektorem Ochrony Danych mo\u017cliwy jest pod adresem: ido@technopark.elk.pl.<\/span><\/li>\n<li><span style=\"font-size: 8pt;\">Dane osobowe przetwarzane b\u0119d\u0105 dla potrzeb organizacji i realizacji wydarzenia na czas jego trwania oraz na czas zwi\u0105zany z ewentualn\u0105 windykacj\u0105, dochodzeniem spraw w post\u0119powaniu s\u0105dowym oraz dla wykonania zobowi\u0105za\u0144 publicznoprawnych i podatkowych, zgodnie z ich przeznaczeniem, ustawowym okresem archiwizacji b\u0105d\u017a wyd\u0142u\u017conym czasem ewentualnych roszcze\u0144.<\/span><\/li>\n<li><span style=\"font-size: 8pt;\">Dane nie podlegaj\u0105 automatyzacji ani profilowaniu.<\/span><\/li>\n<li><span style=\"font-size: 8pt;\">Podstaw\u0105 prawn\u0105 przetwarzania danych jest art. 6 ust. 1 lit b, f w\/w Rozporz\u0105dzenia.<\/span><\/li>\n<li><span style=\"font-size: 8pt;\">Odbiorcami danych osobowych b\u0119d\u0105 wy\u0142\u0105cznie podmioty uprawione do rozliczania i kontroli dzia\u0142alno\u015bci Administratora, podmioty \u015bwiadcz\u0105ce na rzecz Administratora (o ile przedmiot umowy dotyczy takiego zakresu) us\u0142ugi prawne, banki za pomoc\u0105 kt\u00f3rych dokonywana jest p\u0142atno\u015b\u0107 \u015bwiadcze\u0144 wynikaj\u0105cych z niniejszej umowy, firmy hostingowe dostarczaj\u0105ce us\u0142ugi poczty elektronicznej na rzecz Zleceniobiorcy, operatorzy telekomunikacyjni \u015bwiadcz\u0105cy us\u0142ugi teleinformatyczne na rzecz Administratora Danych Osobowych.<\/span><\/li>\n<li><span style=\"font-size: 8pt;\">Ka\u017cdy, kt\u00f3rego dane dotycz\u0105 ma prawo do \u017c\u0105dania od Administratora danych osobowych dost\u0119pu do danych osobowych, ich sprostowania, ograniczenia przetwarzania, a&nbsp;tak\u017ce prawo do przenoszenia danych.<\/span><\/li>\n<li><span style=\"font-size: 8pt;\">Ka\u017cdy, kt\u00f3rego dane dotycz\u0105 ma prawo wniesienia skargi do organu nadzorczego, tj. Prezesa Urz\u0119du Ochrony Danych Osobowych.<\/span><\/li>\n<li><span style=\"font-size: 8pt;\">Podanie danych osobowych jest dobrowolne, ale w przypadku ich niepodania niemo\u017cliwa b\u0119dzie rejestracja i udzia\u0142 w wydarzeniu.<\/span><\/li>\n<\/ol>\n","protected":false},"excerpt":{"rendered":"<p>Inteligentne technologie dla Twojej produkcji Ju\u017c 23.04.2024 zapraszamy do Parku Naukowo-Technologicznego w E\u0142ku na spotkanie bran\u017cowe dla firm z bran\u017c #przemys\u0142 #obr\u00f3bka metali #produkcja Organizator: PNT E\u0142k \/ Partner merytoryczny: Klaster przemys\u0142owy EVOLUMA \/ Patron spotkania: Fundacja Platforma Przemys\u0142u Przysz\u0142o\u015bci \/ Partnerzy technologiczni: FANUC, ASTOR, ITA Szanowni Pa\u0144stwo, Mamy przyjemno\u015b\u0107 zaprosi\u0107 Pa\u0144stwa na wyj\u0105tkowe spotkanie [&hellip;]<\/p>\n","protected":false},"author":4,"featured_media":0,"parent":0,"menu_order":0,"comment_status":"closed","ping_status":"closed","template":"","meta":{"footnotes":""},"folder":[],"acf":[],"yoast_head":"<!-- This site is optimized with the Yoast SEO plugin v22.6 - https:\/\/yoast.com\/wordpress\/plugins\/seo\/ -->\n<title>Kooperacja bran\u017cy przemys\u0142owej w regionie - Technopark<\/title>\n<meta name=\"robots\" content=\"index, follow, max-snippet:-1, max-image-preview:large, max-video-preview:-1\" \/>\n<link rel=\"canonical\" href=\"https:\/\/technopark.elk.pl\/en\/kooperacja\/\" \/>\n<meta property=\"og:locale\" content=\"en_US\" \/>\n<meta property=\"og:type\" content=\"article\" \/>\n<meta property=\"og:title\" content=\"Kooperacja bran\u017cy przemys\u0142owej w regionie - Technopark\" \/>\n<meta property=\"og:description\" content=\"Inteligentne technologie dla Twojej produkcji Ju\u017c 23.04.2024 zapraszamy do Parku Naukowo-Technologicznego w E\u0142ku na spotkanie bran\u017cowe dla firm z bran\u017c #przemys\u0142 #obr\u00f3bka metali #produkcja Organizator: PNT E\u0142k \/ Partner merytoryczny: Klaster przemys\u0142owy EVOLUMA \/ Patron spotkania: Fundacja Platforma Przemys\u0142u Przysz\u0142o\u015bci \/ Partnerzy technologiczni: FANUC, ASTOR, ITA Szanowni Pa\u0144stwo, Mamy przyjemno\u015b\u0107 zaprosi\u0107 Pa\u0144stwa na wyj\u0105tkowe spotkanie [&hellip;]\" \/>\n<meta property=\"og:url\" content=\"https:\/\/technopark.elk.pl\/kooperacja\/\" \/>\n<meta property=\"og:site_name\" content=\"Technopark\" \/>\n<meta property=\"article:publisher\" content=\"https:\/\/www.facebook.com\/technopark.elk\" \/>\n<meta property=\"article:modified_time\" content=\"2024-04-22T08:40:35+00:00\" \/>\n<meta name=\"twitter:card\" content=\"summary_large_image\" \/>\n<meta name=\"twitter:label1\" content=\"Est. reading time\" \/>\n\t<meta name=\"twitter:data1\" content=\"3 minutes\" \/>\n<script type=\"application\/ld+json\" class=\"yoast-schema-graph\">{\"@context\":\"https:\/\/schema.org\",\"@graph\":[{\"@type\":\"WebPage\",\"@id\":\"https:\/\/technopark.elk.pl\/kooperacja\/\",\"url\":\"https:\/\/technopark.elk.pl\/kooperacja\/\",\"name\":\"Kooperacja bran\u017cy przemys\u0142owej w regionie - Technopark\",\"isPartOf\":{\"@id\":\"https:\/\/technopark.elk.pl\/#website\"},\"datePublished\":\"2024-04-08T09:09:58+00:00\",\"dateModified\":\"2024-04-22T08:40:35+00:00\",\"breadcrumb\":{\"@id\":\"https:\/\/technopark.elk.pl\/kooperacja\/#breadcrumb\"},\"inLanguage\":\"en-US\",\"potentialAction\":[{\"@type\":\"ReadAction\",\"target\":[\"https:\/\/technopark.elk.pl\/kooperacja\/\"]}]},{\"@type\":\"BreadcrumbList\",\"@id\":\"https:\/\/technopark.elk.pl\/kooperacja\/#breadcrumb\",\"itemListElement\":[{\"@type\":\"ListItem\",\"position\":1,\"name\":\"Strona g\u0142\u00f3wna\",\"item\":\"https:\/\/technopark.elk.pl\/en\/\"},{\"@type\":\"ListItem\",\"position\":2,\"name\":\"Kooperacja bran\u017cy przemys\u0142owej w regionie\"}]},{\"@type\":\"WebSite\",\"@id\":\"https:\/\/technopark.elk.pl\/#website\",\"url\":\"https:\/\/technopark.elk.pl\/\",\"name\":\"Technopark\",\"description\":\"Park Naukowo-Technologiczny w E\u0142ku\",\"potentialAction\":[{\"@type\":\"SearchAction\",\"target\":{\"@type\":\"EntryPoint\",\"urlTemplate\":\"https:\/\/technopark.elk.pl\/?s={search_term_string}\"},\"query-input\":\"required name=search_term_string\"}],\"inLanguage\":\"en-US\"}]}<\/script>\n<!-- \/ Yoast SEO plugin. -->","yoast_head_json":{"title":"Kooperacja bran\u017cy przemys\u0142owej w regionie - Technopark","robots":{"index":"index","follow":"follow","max-snippet":"max-snippet:-1","max-image-preview":"max-image-preview:large","max-video-preview":"max-video-preview:-1"},"canonical":"https:\/\/technopark.elk.pl\/en\/kooperacja\/","og_locale":"en_US","og_type":"article","og_title":"Kooperacja bran\u017cy przemys\u0142owej w regionie - Technopark","og_description":"Inteligentne technologie dla Twojej produkcji Ju\u017c 23.04.2024 zapraszamy do Parku Naukowo-Technologicznego w E\u0142ku na spotkanie bran\u017cowe dla firm z bran\u017c #przemys\u0142 #obr\u00f3bka metali #produkcja Organizator: PNT E\u0142k \/ Partner merytoryczny: Klaster przemys\u0142owy EVOLUMA \/ Patron spotkania: Fundacja Platforma Przemys\u0142u Przysz\u0142o\u015bci \/ Partnerzy technologiczni: FANUC, ASTOR, ITA Szanowni Pa\u0144stwo, Mamy przyjemno\u015b\u0107 zaprosi\u0107 Pa\u0144stwa na wyj\u0105tkowe spotkanie [&hellip;]","og_url":"https:\/\/technopark.elk.pl\/kooperacja\/","og_site_name":"Technopark","article_publisher":"https:\/\/www.facebook.com\/technopark.elk","article_modified_time":"2024-04-22T08:40:35+00:00","twitter_card":"summary_large_image","twitter_misc":{"Est. reading time":"3 minutes"},"schema":{"@context":"https:\/\/schema.org","@graph":[{"@type":"WebPage","@id":"https:\/\/technopark.elk.pl\/kooperacja\/","url":"https:\/\/technopark.elk.pl\/kooperacja\/","name":"Kooperacja bran\u017cy przemys\u0142owej w regionie - Technopark","isPartOf":{"@id":"https:\/\/technopark.elk.pl\/#website"},"datePublished":"2024-04-08T09:09:58+00:00","dateModified":"2024-04-22T08:40:35+00:00","breadcrumb":{"@id":"https:\/\/technopark.elk.pl\/kooperacja\/#breadcrumb"},"inLanguage":"en-US","potentialAction":[{"@type":"ReadAction","target":["https:\/\/technopark.elk.pl\/kooperacja\/"]}]},{"@type":"BreadcrumbList","@id":"https:\/\/technopark.elk.pl\/kooperacja\/#breadcrumb","itemListElement":[{"@type":"ListItem","position":1,"name":"Strona g\u0142\u00f3wna","item":"https:\/\/technopark.elk.pl\/en\/"},{"@type":"ListItem","position":2,"name":"Kooperacja bran\u017cy przemys\u0142owej w regionie"}]},{"@type":"WebSite","@id":"https:\/\/technopark.elk.pl\/#website","url":"https:\/\/technopark.elk.pl\/","name":"Technopark","description":"Park Naukowo-Technologiczny w E\u0142ku","potentialAction":[{"@type":"SearchAction","target":{"@type":"EntryPoint","urlTemplate":"https:\/\/technopark.elk.pl\/?s={search_term_string}"},"query-input":"required name=search_term_string"}],"inLanguage":"en-US"}]}},"_links":{"self":[{"href":"https:\/\/technopark.elk.pl\/en\/wp-json\/wp\/v2\/pages\/13027"}],"collection":[{"href":"https:\/\/technopark.elk.pl\/en\/wp-json\/wp\/v2\/pages"}],"about":[{"href":"https:\/\/technopark.elk.pl\/en\/wp-json\/wp\/v2\/types\/page"}],"author":[{"embeddable":true,"href":"https:\/\/technopark.elk.pl\/en\/wp-json\/wp\/v2\/users\/4"}],"replies":[{"embeddable":true,"href":"https:\/\/technopark.elk.pl\/en\/wp-json\/wp\/v2\/comments?post=13027"}],"version-history":[{"count":6,"href":"https:\/\/technopark.elk.pl\/en\/wp-json\/wp\/v2\/pages\/13027\/revisions"}],"predecessor-version":[{"id":13157,"href":"https:\/\/technopark.elk.pl\/en\/wp-json\/wp\/v2\/pages\/13027\/revisions\/13157"}],"wp:attachment":[{"href":"https:\/\/technopark.elk.pl\/en\/wp-json\/wp\/v2\/media?parent=13027"}],"wp:term":[{"taxonomy":"folder","embeddable":true,"href":"https:\/\/technopark.elk.pl\/en\/wp-json\/wp\/v2\/folder?post=13027"}],"curies":[{"name":"wp","href":"https:\/\/api.w.org\/{rel}","templated":true}]}}