{"id":13024,"date":"2024-04-08T11:06:05","date_gmt":"2024-04-08T09:06:05","guid":{"rendered":"https:\/\/technopark.elk.pl\/?page_id=13024"},"modified":"2025-10-16T10:01:12","modified_gmt":"2025-10-16T08:01:12","slug":"twoj-start-up-twoja-przyszlosc-2024-rejestracja","status":"publish","type":"page","link":"https:\/\/technopark.elk.pl\/en\/twoj-start-up-twoja-przyszlosc-2024-rejestracja\/","title":{"rendered":"Tw\u00f3j Start-up &#8211; Twoja przysz\u0142o\u015b\u0107 2024 &#8211; rejestracja"},"content":{"rendered":"<p>\n<div class=\"wpcf7 no-js\" id=\"wpcf7-f13489-o1\" lang=\"pl-PL\" dir=\"ltr\">\n<div class=\"screen-reader-response\"><p role=\"status\" aria-live=\"polite\" aria-atomic=\"true\"><\/p> <ul><\/ul><\/div>\n<form action=\"\/en\/wp-json\/wp\/v2\/pages\/13024#wpcf7-f13489-o1\" method=\"post\" class=\"wpcf7-form init\" aria-label=\"Formularz kontaktowy\" novalidate=\"novalidate\" data-status=\"init\">\n<div style=\"display: none;\">\n<input type=\"hidden\" name=\"_wpcf7\" value=\"13489\" \/>\n<input type=\"hidden\" name=\"_wpcf7_version\" value=\"5.9.8\" \/>\n<input type=\"hidden\" name=\"_wpcf7_locale\" value=\"pl_PL\" \/>\n<input type=\"hidden\" name=\"_wpcf7_unit_tag\" value=\"wpcf7-f13489-o1\" \/>\n<input type=\"hidden\" name=\"_wpcf7_container_post\" value=\"0\" \/>\n<input type=\"hidden\" name=\"_wpcf7_posted_data_hash\" value=\"\" \/>\n<input type=\"hidden\" name=\"_wpcf7_recaptcha_response\" value=\"\" \/>\n<\/div>\n<!-- Sala konferencyjna -->\n<p>Poni\u017cej wybierz dzie\u0144, maksymalnie cztery dni w kt\u00f3rych chcesz wynaj\u0105\u0107 sal\u0119 konferencyjn\u0105 i wype\u0142nij formularz z danymi.<br \/>\nJe\u017celi chcesz wynaj\u0105\u0107 wi\u0119cej dni skontaktuj si\u0119 z nami.\n<\/p>\n<table border=0 width=\"400\" cellpadding=0>\n\t<tr align=\"center\">\n\t\t<td style=\"text-align: center; vertical-align: bottom;\">\n\t\t\t<p>Wybierz dat\u0119 1\n\t\t\t<\/p>\n\t\t<\/td>\n\t\t<td>\n\t\t\t<p>Wybierz dat\u0119 2\n\t\t\t<\/p>\n\t\t<\/td>\n\t<\/tr>\n\t<tr align=\"center\">\n\t\t<td style=\"text-align: center; vertical-align: top;\">\n\t\t\t<p><label><span class=\"wpcf7-form-control-wrap\" data-name=\"date-01-konf\"><input class=\"wpcf7-form-control wpcf7-date wpcf7-validates-as-date\" min=\"2026-04-19\" max=\"2026-06-18\" aria-invalid=\"false\" value=\"\" type=\"date\" name=\"date-01-konf\" \/><\/span><\/label>\n\t\t\t<\/p>\n\t\t<\/td>\n\t\t<td style=\"text-align: center; vertical-align: top;\">\n\t\t\t<p><label><span class=\"wpcf7-form-control-wrap\" data-name=\"date-02-konf\"><input class=\"wpcf7-form-control wpcf7-date wpcf7-validates-as-date\" min=\"2026-04-19\" max=\"2026-06-18\" aria-invalid=\"false\" value=\"\" type=\"date\" name=\"date-02-konf\" \/><\/span><\/label>\n\t\t\t<\/p>\n\t\t<\/td>\n\t<\/tr>\n\t<tr align=\"center\">\n\t\t<td style=\"text-align: center; vertical-align: bottom;\">\n\t\t\t<p>Wybierz dat\u0119 3\n\t\t\t<\/p>\n\t\t<\/td>\n\t\t<td style=\"text-align: center; vertical-align: bottom;\">\n\t\t\t<p>Wybierz dat\u0119 4\n\t\t\t<\/p>\n\t\t<\/td>\n\t<\/tr>\n\t<tr align=\"center\">\n\t\t<td style=\"text-align: center; vertical-align: top;\">\n\t\t\t<p><label><span class=\"wpcf7-form-control-wrap\" data-name=\"date-03-konf\"><input class=\"wpcf7-form-control wpcf7-date wpcf7-validates-as-date\" min=\"2026-04-19\" max=\"2026-06-18\" aria-invalid=\"false\" value=\"\" type=\"date\" name=\"date-03-konf\" \/><\/span><\/label>\n\t\t\t<\/p>\n\t\t<\/td>\n\t\t<td style=\"text-align: center; vertical-align: top;\">\n\t\t\t<p><label><span class=\"wpcf7-form-control-wrap\" data-name=\"date-04-konf\"><input class=\"wpcf7-form-control wpcf7-date wpcf7-validates-as-date\" min=\"2026-04-19\" max=\"2026-06-18\" aria-invalid=\"false\" value=\"\" type=\"date\" name=\"date-04-konf\" \/><\/span><\/label>\n\t\t\t<\/p>\n\t\t<\/td>\n\t<\/tr>\n<\/table>\n<table>\n\t<tr>\n\t\t<td width=200>\n\t\t\t<p>Imi\u0119:\n\t\t\t<\/p>\n\t\t<\/td>\n\t\t<td width=600>\n\t\t\t<p><span class=\"wpcf7-form-control-wrap\" data-name=\"imie-konf\"><input size=\"40\" maxlength=\"400\" class=\"wpcf7-form-control wpcf7-text wpcf7-validates-as-required\" aria-required=\"true\" aria-invalid=\"false\" placeholder=\"Adam\" value=\"\" type=\"text\" name=\"imie-konf\" \/><\/span>\n\t\t\t<\/p>\n\t\t<\/td>\n\t<\/tr>\n\t<tr>\n\t\t<td width=200>\n\t\t\t<p>Nazwisko:\n\t\t\t<\/p>\n\t\t<\/td>\n\t\t<td width=600>\n\t\t\t<p><span class=\"wpcf7-form-control-wrap\" data-name=\"nazwisko-konf\"><input size=\"40\" maxlength=\"400\" class=\"wpcf7-form-control wpcf7-text wpcf7-validates-as-required\" aria-required=\"true\" aria-invalid=\"false\" placeholder=\"Kowalski\" value=\"\" type=\"text\" name=\"nazwisko-konf\" \/><\/span>\n\t\t\t<\/p>\n\t\t<\/td>\n\t<\/tr>\n\t<tr>\n\t\t<td width=200>\n\t\t\t<p>Nazwa firmy\n\t\t\t<\/p>\n\t\t<\/td>\n\t\t<td width=600>\n\t\t\t<p><span class=\"wpcf7-form-control-wrap\" data-name=\"firma-konf\"><input size=\"40\" maxlength=\"400\" class=\"wpcf7-form-control wpcf7-text wpcf7-validates-as-required\" aria-required=\"true\" aria-invalid=\"false\" placeholder=\"Firmex\" value=\"\" type=\"text\" name=\"firma-konf\" \/><\/span>\n\t\t\t<\/p>\n\t\t<\/td>\n\t<\/tr>\n\t<tr>\n\t\t<td width=200>\n\t\t\t<p>E-mail:\n\t\t\t<\/p>\n\t\t<\/td>\n\t\t<td width=600>\n\t\t\t<p><span class=\"wpcf7-form-control-wrap\" data-name=\"email-116-konf\"><input size=\"40\" maxlength=\"400\" class=\"wpcf7-form-control wpcf7-email wpcf7-validates-as-required wpcf7-text wpcf7-validates-as-email\" aria-required=\"true\" aria-invalid=\"false\" placeholder=\"mail@mail.pl\" value=\"\" type=\"email\" name=\"email-116-konf\" \/><\/span>\n\t\t\t<\/p>\n\t\t<\/td>\n\t<\/tr>\n\t<tr>\n\t\t<td width=200>\n\t\t\t<p>Telefon:\n\t\t\t<\/p>\n\t\t<\/td>\n\t\t<td width=600>\n\t\t\t<p><span class=\"wpcf7-form-control-wrap\" data-name=\"telefon-konf\"><input size=\"40\" maxlength=\"400\" class=\"wpcf7-form-control wpcf7-tel wpcf7-validates-as-required wpcf7-text wpcf7-validates-as-tel\" aria-required=\"true\" aria-invalid=\"false\" placeholder=\"666666666\" value=\"\" type=\"tel\" name=\"telefon-konf\" \/><\/span>\n\t\t\t<\/p>\n\t\t<\/td>\n\t<\/tr>\n\t<tr>\n\t\t<td width=200>\n\t\t\t<p>NIP:\n\t\t\t<\/p>\n\t\t<\/td>\n\t\t<td width=600>\n\t\t\t<p><span class=\"wpcf7-form-control-wrap\" data-name=\"nip-konf\"><input size=\"40\" maxlength=\"400\" class=\"wpcf7-form-control wpcf7-text wpcf7-validates-as-required\" aria-required=\"true\" aria-invalid=\"false\" placeholder=\"8488484848\" value=\"\" type=\"text\" name=\"nip-konf\" \/><\/span>\n\t\t\t<\/p>\n\t\t<\/td>\n\t<\/tr>\n<\/table>\n<ul>\n\t<li>\n\t\t<p>Nasz konsultant skontaktuje si\u0119 z Tob\u0105 w celu potwierdzenia wynaj\u0119cia i om\u00f3wienia szczeg\u00f3\u0142\u00f3w.\n\t\t<\/p>\n\t<\/li>\n\t<li>\n\t\t<p>Dane osobowe s\u0105 u nas bezpieczne: zgodnie z RODO i <a href=\"https:\/\/technopark.elk.pl\/konferencja\/polityka-prywatnosci\/\" target=\"_blank\">Polityk\u0105 prywatno\u015bci<\/a>\n\t\t<\/p>\n\t<\/li>\n<\/ul>\n<p><input class=\"wpcf7-form-control wpcf7-submit has-spinner\" type=\"submit\" value=\"Wy\u015blij rezerwacj\u0119 wst\u0119pn\u0105 sali konferencyjnej\" \/>\n<\/p><input type='hidden' class='wpcf7-pum' value='{\"closepopup\":false,\"closedelay\":0,\"openpopup\":false,\"openpopup_id\":11669}' \/><div class=\"wpcf7-response-output\" aria-hidden=\"true\"><\/div>\n<\/form>\n<\/div>\n<\/p>","protected":false},"excerpt":{"rendered":"<p>Sorry, this entry is only available in Polish.<\/p>\n","protected":false},"author":4,"featured_media":0,"parent":0,"menu_order":0,"comment_status":"closed","ping_status":"closed","template":"","meta":{"footnotes":""},"folder":[],"acf":[],"yoast_head":"<!-- This site is optimized with the Yoast SEO plugin v22.6 - https:\/\/yoast.com\/wordpress\/plugins\/seo\/ -->\n<title>Tw\u00f3j Start-up - Twoja przysz\u0142o\u015b\u0107 2024 - rejestracja - Technopark<\/title>\n<meta name=\"robots\" content=\"index, follow, max-snippet:-1, max-image-preview:large, max-video-preview:-1\" \/>\n<link rel=\"canonical\" href=\"https:\/\/technopark.elk.pl\/en\/twoj-start-up-twoja-przyszlosc-2024-rejestracja\/\" \/>\n<meta property=\"og:locale\" content=\"en_US\" \/>\n<meta property=\"og:type\" content=\"article\" \/>\n<meta property=\"og:title\" content=\"[:en]Tw\u00f3j Start-up - Twoja przysz\u0142o\u015b\u0107 2024 - rejestracja[:pl]Tw\u00f3j Start-up - Twoja przysz\u0142o\u015b\u0107 2025 - rejestracja[:] - Technopark\" \/>\n<meta property=\"og:description\" content=\"Sorry, this entry is only available in Polish.\" \/>\n<meta property=\"og:url\" content=\"https:\/\/technopark.elk.pl\/twoj-start-up-twoja-przyszlosc-2024-rejestracja\/\" \/>\n<meta property=\"og:site_name\" content=\"Technopark\" \/>\n<meta property=\"article:publisher\" content=\"https:\/\/www.facebook.com\/technopark.elk\" \/>\n<meta property=\"article:modified_time\" content=\"2025-10-16T08:01:12+00:00\" \/>\n<meta name=\"twitter:card\" content=\"summary_large_image\" \/>\n<meta name=\"twitter:label1\" content=\"Est. reading time\" \/>\n\t<meta name=\"twitter:data1\" content=\"1 minute\" \/>\n<script type=\"application\/ld+json\" class=\"yoast-schema-graph\">{\"@context\":\"https:\/\/schema.org\",\"@graph\":[{\"@type\":\"WebPage\",\"@id\":\"https:\/\/technopark.elk.pl\/twoj-start-up-twoja-przyszlosc-2024-rejestracja\/\",\"url\":\"https:\/\/technopark.elk.pl\/twoj-start-up-twoja-przyszlosc-2024-rejestracja\/\",\"name\":\"[:en]Tw\u00f3j Start-up - Twoja przysz\u0142o\u015b\u0107 2024 - rejestracja[:pl]Tw\u00f3j Start-up - Twoja przysz\u0142o\u015b\u0107 2025 - rejestracja[:] - Technopark\",\"isPartOf\":{\"@id\":\"https:\/\/technopark.elk.pl\/#website\"},\"datePublished\":\"2024-04-08T09:06:05+00:00\",\"dateModified\":\"2025-10-16T08:01:12+00:00\",\"breadcrumb\":{\"@id\":\"https:\/\/technopark.elk.pl\/twoj-start-up-twoja-przyszlosc-2024-rejestracja\/#breadcrumb\"},\"inLanguage\":\"en-US\",\"potentialAction\":[{\"@type\":\"ReadAction\",\"target\":[\"https:\/\/technopark.elk.pl\/twoj-start-up-twoja-przyszlosc-2024-rejestracja\/\"]}]},{\"@type\":\"BreadcrumbList\",\"@id\":\"https:\/\/technopark.elk.pl\/twoj-start-up-twoja-przyszlosc-2024-rejestracja\/#breadcrumb\",\"itemListElement\":[{\"@type\":\"ListItem\",\"position\":1,\"name\":\"Strona g\u0142\u00f3wna\",\"item\":\"https:\/\/technopark.elk.pl\/en\/\"},{\"@type\":\"ListItem\",\"position\":2,\"name\":\"Tw\u00f3j Start-up &#8211; Twoja przysz\u0142o\u015b\u0107 2025 &#8211; rejestracja\"}]},{\"@type\":\"WebSite\",\"@id\":\"https:\/\/technopark.elk.pl\/#website\",\"url\":\"https:\/\/technopark.elk.pl\/\",\"name\":\"Technopark\",\"description\":\"Park Naukowo-Technologiczny w E\u0142ku\",\"potentialAction\":[{\"@type\":\"SearchAction\",\"target\":{\"@type\":\"EntryPoint\",\"urlTemplate\":\"https:\/\/technopark.elk.pl\/?s={search_term_string}\"},\"query-input\":\"required name=search_term_string\"}],\"inLanguage\":\"en-US\"}]}<\/script>\n<!-- \/ Yoast SEO plugin. -->","yoast_head_json":{"title":"[:en]Tw\u00f3j Start-up - Twoja przysz\u0142o\u015b\u0107 2024 - rejestracja[:pl]Tw\u00f3j Start-up - Twoja przysz\u0142o\u015b\u0107 2025 - rejestracja[:] - Technopark","robots":{"index":"index","follow":"follow","max-snippet":"max-snippet:-1","max-image-preview":"max-image-preview:large","max-video-preview":"max-video-preview:-1"},"canonical":"https:\/\/technopark.elk.pl\/en\/twoj-start-up-twoja-przyszlosc-2024-rejestracja\/","og_locale":"en_US","og_type":"article","og_title":"[:en]Tw\u00f3j Start-up - Twoja przysz\u0142o\u015b\u0107 2024 - rejestracja[:pl]Tw\u00f3j Start-up - Twoja przysz\u0142o\u015b\u0107 2025 - rejestracja[:] - Technopark","og_description":"Sorry, this entry is only available in Polish.","og_url":"https:\/\/technopark.elk.pl\/twoj-start-up-twoja-przyszlosc-2024-rejestracja\/","og_site_name":"Technopark","article_publisher":"https:\/\/www.facebook.com\/technopark.elk","article_modified_time":"2025-10-16T08:01:12+00:00","twitter_card":"summary_large_image","twitter_misc":{"Est. reading time":"1 minute"},"schema":{"@context":"https:\/\/schema.org","@graph":[{"@type":"WebPage","@id":"https:\/\/technopark.elk.pl\/twoj-start-up-twoja-przyszlosc-2024-rejestracja\/","url":"https:\/\/technopark.elk.pl\/twoj-start-up-twoja-przyszlosc-2024-rejestracja\/","name":"[:en]Tw\u00f3j Start-up - Twoja przysz\u0142o\u015b\u0107 2024 - rejestracja[:pl]Tw\u00f3j Start-up - Twoja przysz\u0142o\u015b\u0107 2025 - rejestracja[:] - Technopark","isPartOf":{"@id":"https:\/\/technopark.elk.pl\/#website"},"datePublished":"2024-04-08T09:06:05+00:00","dateModified":"2025-10-16T08:01:12+00:00","breadcrumb":{"@id":"https:\/\/technopark.elk.pl\/twoj-start-up-twoja-przyszlosc-2024-rejestracja\/#breadcrumb"},"inLanguage":"en-US","potentialAction":[{"@type":"ReadAction","target":["https:\/\/technopark.elk.pl\/twoj-start-up-twoja-przyszlosc-2024-rejestracja\/"]}]},{"@type":"BreadcrumbList","@id":"https:\/\/technopark.elk.pl\/twoj-start-up-twoja-przyszlosc-2024-rejestracja\/#breadcrumb","itemListElement":[{"@type":"ListItem","position":1,"name":"Strona g\u0142\u00f3wna","item":"https:\/\/technopark.elk.pl\/en\/"},{"@type":"ListItem","position":2,"name":"Tw\u00f3j Start-up &#8211; Twoja przysz\u0142o\u015b\u0107 2025 &#8211; rejestracja"}]},{"@type":"WebSite","@id":"https:\/\/technopark.elk.pl\/#website","url":"https:\/\/technopark.elk.pl\/","name":"Technopark","description":"Park Naukowo-Technologiczny w E\u0142ku","potentialAction":[{"@type":"SearchAction","target":{"@type":"EntryPoint","urlTemplate":"https:\/\/technopark.elk.pl\/?s={search_term_string}"},"query-input":"required name=search_term_string"}],"inLanguage":"en-US"}]}},"_links":{"self":[{"href":"https:\/\/technopark.elk.pl\/en\/wp-json\/wp\/v2\/pages\/13024"}],"collection":[{"href":"https:\/\/technopark.elk.pl\/en\/wp-json\/wp\/v2\/pages"}],"about":[{"href":"https:\/\/technopark.elk.pl\/en\/wp-json\/wp\/v2\/types\/page"}],"author":[{"embeddable":true,"href":"https:\/\/technopark.elk.pl\/en\/wp-json\/wp\/v2\/users\/4"}],"replies":[{"embeddable":true,"href":"https:\/\/technopark.elk.pl\/en\/wp-json\/wp\/v2\/comments?post=13024"}],"version-history":[{"count":9,"href":"https:\/\/technopark.elk.pl\/en\/wp-json\/wp\/v2\/pages\/13024\/revisions"}],"predecessor-version":[{"id":15614,"href":"https:\/\/technopark.elk.pl\/en\/wp-json\/wp\/v2\/pages\/13024\/revisions\/15614"}],"wp:attachment":[{"href":"https:\/\/technopark.elk.pl\/en\/wp-json\/wp\/v2\/media?parent=13024"}],"wp:term":[{"taxonomy":"folder","embeddable":true,"href":"https:\/\/technopark.elk.pl\/en\/wp-json\/wp\/v2\/folder?post=13024"}],"curies":[{"name":"wp","href":"https:\/\/api.w.org\/{rel}","templated":true}]}}